{"id":992,"date":"2018-09-13T22:33:12","date_gmt":"2018-09-13T22:33:12","guid":{"rendered":"http:\/\/veda.polac.cz\/?page_id=992"},"modified":"2018-10-27T19:01:42","modified_gmt":"2018-10-27T19:01:42","slug":"12-2","status":"publish","type":"page","link":"https:\/\/veda.polac.cz\/?page_id=992","title":{"rendered":""},"content":{"rendered":"<p style=\"text-align: center;\">Resum\u00e9 \u010dl\u00e1nku<\/p>\n<p><strong>Obrann\u00e9 spreje a jejich nebezpe\u010dnost vzn\u00edcen\u00ed po pou\u017eit\u00ed distan\u010dn\u00edho elektrick\u00e9ho paralyz\u00e9ru<\/strong><br \/>\n<i>Mgr. Marek Radosta<\/p>\n<p><\/i>Tento \u010dl\u00e1nek popisuje z\u00e1kladn\u00ed charakteristiky a vlastnosti vybran\u00fdch obrann\u00fdch sprej\u016f dostupn\u00fdch v \u010cesk\u00e9 republice. V obecn\u00e9 \u010d\u00e1sti jsou p\u0159estaveny \u00fa\u010dinn\u00e9 l\u00e1tky pou\u017eit\u00e9 v pep\u0159ov\u00fdch sprej\u00edch a zp\u016fsob jejich aplikace na \u00fato\u010dn\u00edka. Druh\u00e1 \u010d\u00e1st \u010dl\u00e1nku se t\u00fdk\u00e1 v\u00fdzkumu n\u00e1chylnosti obrann\u00fdch sprej\u016f k vzn\u00edcen\u00ed pomoc\u00ed distan\u010dn\u00edho elektrick\u00e9ho paralyz\u00e9ru. \u00da\u010delem t\u00e9to zkou\u0161ky je minimalizovat nebezpe\u010d\u00ed vzplanut\u00ed pachatele, na kter\u00e9ho byla pou\u017eita kombinace t\u011bchto dvou donucovac\u00edch prost\u0159edk\u016f.<br \/>\n<strong>Kl\u00ed\u010dov\u00e1 slova:<\/strong>\u00a0distan\u010dn\u00ed elektrick\u00fd paralyz\u00e9r, obrann\u00fd sprej, slzn\u00e1 l\u00e1tka, ho\u0159lavost.<\/p>\n<p><a href=\"https:\/\/veda.polac.cz\/?page_id=968\">02\/2013<\/a><\/p>\n","protected":false},"excerpt":{"rendered":"<p>Resum\u00e9 \u010dl\u00e1nku Obrann\u00e9 spreje a jejich nebezpe\u010dnost vzn\u00edcen\u00ed po pou\u017eit\u00ed distan\u010dn\u00edho elektrick\u00e9ho paralyz\u00e9ru Mgr. Marek Radosta Tento \u010dl\u00e1nek popisuje z\u00e1kladn\u00ed charakteristiky a vlastnosti vybran\u00fdch obrann\u00fdch sprej\u016f dostupn\u00fdch v \u010cesk\u00e9 republice. V obecn\u00e9 \u010d\u00e1sti jsou p\u0159estaveny \u00fa\u010dinn\u00e9 l\u00e1tky pou\u017eit\u00e9 v pep\u0159ov\u00fdch sprej\u00edch a zp\u016fsob jejich aplikace na \u00fato\u010dn\u00edka. Druh\u00e1 \u010d\u00e1st \u010dl\u00e1nku se t\u00fdk\u00e1 v\u00fdzkumu n\u00e1chylnosti obrann\u00fdch [&hellip;]<\/p>\n","protected":false},"author":2,"featured_media":0,"parent":968,"menu_order":12,"comment_status":"closed","ping_status":"closed","template":"","meta":{"footnotes":""},"class_list":["post-992","page","type-page","status-publish","hentry"],"_links":{"self":[{"href":"https:\/\/veda.polac.cz\/index.php?rest_route=\/wp\/v2\/pages\/992","targetHints":{"allow":["GET"]}}],"collection":[{"href":"https:\/\/veda.polac.cz\/index.php?rest_route=\/wp\/v2\/pages"}],"about":[{"href":"https:\/\/veda.polac.cz\/index.php?rest_route=\/wp\/v2\/types\/page"}],"author":[{"embeddable":true,"href":"https:\/\/veda.polac.cz\/index.php?rest_route=\/wp\/v2\/users\/2"}],"replies":[{"embeddable":true,"href":"https:\/\/veda.polac.cz\/index.php?rest_route=%2Fwp%2Fv2%2Fcomments&post=992"}],"version-history":[{"count":2,"href":"https:\/\/veda.polac.cz\/index.php?rest_route=\/wp\/v2\/pages\/992\/revisions"}],"predecessor-version":[{"id":1008,"href":"https:\/\/veda.polac.cz\/index.php?rest_route=\/wp\/v2\/pages\/992\/revisions\/1008"}],"up":[{"embeddable":true,"href":"https:\/\/veda.polac.cz\/index.php?rest_route=\/wp\/v2\/pages\/968"}],"wp:attachment":[{"href":"https:\/\/veda.polac.cz\/index.php?rest_route=%2Fwp%2Fv2%2Fmedia&parent=992"}],"curies":[{"name":"wp","href":"https:\/\/api.w.org\/{rel}","templated":true}]}}