{"id":990,"date":"2018-09-13T22:32:17","date_gmt":"2018-09-13T22:32:17","guid":{"rendered":"http:\/\/veda.polac.cz\/?page_id=990"},"modified":"2018-10-27T19:01:42","modified_gmt":"2018-10-27T19:01:42","slug":"11-2","status":"publish","type":"page","link":"https:\/\/veda.polac.cz\/?page_id=990","title":{"rendered":""},"content":{"rendered":"<p style=\"text-align: center;\">Resum\u00e9 \u010dl\u00e1nku<\/p>\n<p><strong>Specifi\u010dnost fotbalov\u00e9ho chulig\u00e1nstv\u00ed a jeho prevence<\/strong><br \/>\n<i>kpt. JUDr. Petr Kou\u0159il<\/p>\n<p><\/i>Autor p\u0159\u00edsp\u011bvku se zab\u00fdv\u00e1 fenom\u00e9nem fotbalov\u00e9ho chulig\u00e1nstv\u00ed, jeho prevenc\u00ed, novou filozofi\u00ed policejn\u00edch \u010dinnost\u00ed p\u0159i hromadn\u00fdch akc\u00edch s davy fotbalov\u00fdch fanou\u0161k\u016f a specifi\u010dnost\u00ed tohoto fenom\u00e9nu a jeho prevence. V z\u00e1v\u011bru se zam\u00fd\u0161l\u00ed nad n\u011bkter\u00fdmi probl\u00e9my sou\u010dasn\u00e9 aplika\u010dn\u00ed praxe a zauj\u00edm\u00e1 k nim vlastn\u00ed postoj.<br \/>\n<strong>Kl\u00ed\u010dov\u00e1 slova:<\/strong>\u00a0fotbalov\u00e9 chulig\u00e1nstv\u00ed, fotbal, protichulig\u00e1nsk\u00e1 politika, prevence, \u010cesk\u00e1 republika.<\/p>\n<p><a href=\"https:\/\/veda.polac.cz\/?page_id=968\">02\/2013<\/a><\/p>\n","protected":false},"excerpt":{"rendered":"<p>Resum\u00e9 \u010dl\u00e1nku Specifi\u010dnost fotbalov\u00e9ho chulig\u00e1nstv\u00ed a jeho prevence kpt. JUDr. Petr Kou\u0159il Autor p\u0159\u00edsp\u011bvku se zab\u00fdv\u00e1 fenom\u00e9nem fotbalov\u00e9ho chulig\u00e1nstv\u00ed, jeho prevenc\u00ed, novou filozofi\u00ed policejn\u00edch \u010dinnost\u00ed p\u0159i hromadn\u00fdch akc\u00edch s davy fotbalov\u00fdch fanou\u0161k\u016f a specifi\u010dnost\u00ed tohoto fenom\u00e9nu a jeho prevence. V z\u00e1v\u011bru se zam\u00fd\u0161l\u00ed nad n\u011bkter\u00fdmi probl\u00e9my sou\u010dasn\u00e9 aplika\u010dn\u00ed praxe a zauj\u00edm\u00e1 k nim vlastn\u00ed postoj. [&hellip;]<\/p>\n","protected":false},"author":2,"featured_media":0,"parent":968,"menu_order":11,"comment_status":"closed","ping_status":"closed","template":"","meta":{"footnotes":""},"class_list":["post-990","page","type-page","status-publish","hentry"],"_links":{"self":[{"href":"https:\/\/veda.polac.cz\/index.php?rest_route=\/wp\/v2\/pages\/990","targetHints":{"allow":["GET"]}}],"collection":[{"href":"https:\/\/veda.polac.cz\/index.php?rest_route=\/wp\/v2\/pages"}],"about":[{"href":"https:\/\/veda.polac.cz\/index.php?rest_route=\/wp\/v2\/types\/page"}],"author":[{"embeddable":true,"href":"https:\/\/veda.polac.cz\/index.php?rest_route=\/wp\/v2\/users\/2"}],"replies":[{"embeddable":true,"href":"https:\/\/veda.polac.cz\/index.php?rest_route=%2Fwp%2Fv2%2Fcomments&post=990"}],"version-history":[{"count":2,"href":"https:\/\/veda.polac.cz\/index.php?rest_route=\/wp\/v2\/pages\/990\/revisions"}],"predecessor-version":[{"id":1007,"href":"https:\/\/veda.polac.cz\/index.php?rest_route=\/wp\/v2\/pages\/990\/revisions\/1007"}],"up":[{"embeddable":true,"href":"https:\/\/veda.polac.cz\/index.php?rest_route=\/wp\/v2\/pages\/968"}],"wp:attachment":[{"href":"https:\/\/veda.polac.cz\/index.php?rest_route=%2Fwp%2Fv2%2Fmedia&parent=990"}],"curies":[{"name":"wp","href":"https:\/\/api.w.org\/{rel}","templated":true}]}}