{"id":988,"date":"2018-09-13T22:31:13","date_gmt":"2018-09-13T22:31:13","guid":{"rendered":"http:\/\/veda.polac.cz\/?page_id=988"},"modified":"2018-10-27T19:01:42","modified_gmt":"2018-10-27T19:01:42","slug":"10-2","status":"publish","type":"page","link":"https:\/\/veda.polac.cz\/?page_id=988","title":{"rendered":""},"content":{"rendered":"<p style=\"text-align: center;\">Resum\u00e9 \u010dl\u00e1nku<\/p>\n<p><strong>Informovanost sty\u010dn\u00fdch d\u016fstojn\u00edk\u016f pro pr\u00e1ci s men\u0161inami o fenom\u00e9nu tzv. politick\u00e9ho extremismu: sonda<\/strong><br \/>\n<i>PhDr. Josef Smol\u00edk, Ph.D., Mgr. Alena Kajanov\u00e1, Ph.D.<\/p>\n<p><\/i>\u010cl\u00e1nek p\u0159estavuje v\u00fdstupy ze sondy na t\u00e9ma informovanost o politick\u00e9m radikalismu, realizovan\u00e9 u 38 sty\u010dn\u00fdch d\u016fstojn\u00edk\u016f pro pr\u00e1ci s men\u0161inami. Z v\u00fdsledk\u016f vyplynul z\u00e1jem policist\u016f\/tek o dal\u0161\u00ed vzd\u011bl\u00e1v\u00e1n\u00ed v oblasti extremismu, kter\u00e9 pova\u017euj\u00ed za nedostate\u010dn\u00e9. Z hlediska v\u00fdvoje situace bylo pouk\u00e1z\u00e1no na zvy\u0161uj\u00edc\u00ed se radikalizaci a po\u010det \u010dlen\u016f krajn\u011b nacionalistick\u00fdch uskupen\u00ed v n\u011bkter\u00fdch regionech. Pozitivn\u00ed bylo vyj\u00e1d\u0159en\u00ed spokojenosti s \u00fa\u010dinnost\u00ed sou\u010dasn\u00e9 legislativy.<br \/>\n<strong>Kl\u00ed\u010dov\u00e1 slova:\u00a0<\/strong>Sonda, vzd\u011bl\u00e1v\u00e1n\u00ed, extremismus, policie.<\/p>\n<p><a href=\"https:\/\/veda.polac.cz\/?page_id=968\">02\/2013<\/a><\/p>\n","protected":false},"excerpt":{"rendered":"<p>Resum\u00e9 \u010dl\u00e1nku Informovanost sty\u010dn\u00fdch d\u016fstojn\u00edk\u016f pro pr\u00e1ci s men\u0161inami o fenom\u00e9nu tzv. politick\u00e9ho extremismu: sonda PhDr. Josef Smol\u00edk, Ph.D., Mgr. Alena Kajanov\u00e1, Ph.D. \u010cl\u00e1nek p\u0159estavuje v\u00fdstupy ze sondy na t\u00e9ma informovanost o politick\u00e9m radikalismu, realizovan\u00e9 u 38 sty\u010dn\u00fdch d\u016fstojn\u00edk\u016f pro pr\u00e1ci s men\u0161inami. Z v\u00fdsledk\u016f vyplynul z\u00e1jem policist\u016f\/tek o dal\u0161\u00ed vzd\u011bl\u00e1v\u00e1n\u00ed v oblasti extremismu, kter\u00e9 [&hellip;]<\/p>\n","protected":false},"author":2,"featured_media":0,"parent":968,"menu_order":10,"comment_status":"closed","ping_status":"closed","template":"","meta":{"footnotes":""},"class_list":["post-988","page","type-page","status-publish","hentry"],"_links":{"self":[{"href":"https:\/\/veda.polac.cz\/index.php?rest_route=\/wp\/v2\/pages\/988","targetHints":{"allow":["GET"]}}],"collection":[{"href":"https:\/\/veda.polac.cz\/index.php?rest_route=\/wp\/v2\/pages"}],"about":[{"href":"https:\/\/veda.polac.cz\/index.php?rest_route=\/wp\/v2\/types\/page"}],"author":[{"embeddable":true,"href":"https:\/\/veda.polac.cz\/index.php?rest_route=\/wp\/v2\/users\/2"}],"replies":[{"embeddable":true,"href":"https:\/\/veda.polac.cz\/index.php?rest_route=%2Fwp%2Fv2%2Fcomments&post=988"}],"version-history":[{"count":3,"href":"https:\/\/veda.polac.cz\/index.php?rest_route=\/wp\/v2\/pages\/988\/revisions"}],"predecessor-version":[{"id":1006,"href":"https:\/\/veda.polac.cz\/index.php?rest_route=\/wp\/v2\/pages\/988\/revisions\/1006"}],"up":[{"embeddable":true,"href":"https:\/\/veda.polac.cz\/index.php?rest_route=\/wp\/v2\/pages\/968"}],"wp:attachment":[{"href":"https:\/\/veda.polac.cz\/index.php?rest_route=%2Fwp%2Fv2%2Fmedia&parent=988"}],"curies":[{"name":"wp","href":"https:\/\/api.w.org\/{rel}","templated":true}]}}