{"id":986,"date":"2018-09-13T22:30:23","date_gmt":"2018-09-13T22:30:23","guid":{"rendered":"http:\/\/veda.polac.cz\/?page_id=986"},"modified":"2018-10-27T19:01:42","modified_gmt":"2018-10-27T19:01:42","slug":"9-2","status":"publish","type":"page","link":"https:\/\/veda.polac.cz\/?page_id=986","title":{"rendered":""},"content":{"rendered":"<p style=\"text-align: center;\">Resum\u00e9 \u010dl\u00e1nku<\/p>\n<p><strong>Vyu\u017eit\u00ed syst\u00e9mu p\u0159edb\u011b\u017en\u00e9ho hodnocen\u00ed cestuj\u00edc\u00edch &#8222;Global Security Database for Aviation&#8220; na leti\u0161t\u00edch<\/strong><br \/>\n<i>Bc. Ing. Daniel Mar\u0161\u00e1lek, Bc. Ondrej Palat\u00e1\u0161, doc. Mgr. Ing. Radom\u00edr \u0160\u010durek, Ph.D.<\/p>\n<p><\/i>P\u0159\u00edsp\u011bvek \u0159e\u0161\u00ed problematiku implementace syst\u00e9mu p\u0159edb\u011b\u017en\u00e9ho hodnocen\u00ed cestuj\u00edc\u00edch v podm\u00ednk\u00e1ch mezin\u00e1rodn\u00edho leti\u0161t\u011b. Navr\u017een\u00fd syst\u00e9m pracuje s \u0159adou \u00fadaj\u016f z provozn\u00edch, bezpe\u010dnostn\u00edch i informa\u010dn\u00edch datab\u00e1z\u00ed a na z\u00e1klad\u011b jejich zpracov\u00e1n\u00ed expertn\u00edm algoritmem identifikuje tzv. m\u00edru rizika konkr\u00e9tn\u00edho cestuj\u00edc\u00edho &#8211; je\u0161t\u011b p\u0159ed jeho p\u0159\u00edjezdem na leti\u0161t\u011b &#8211; a p\u0159id\u011bluje mu status. \u010cl\u00e1nek analyzuje cel\u00fd syst\u00e9m z procesn\u00edho hlediska, tedy od procesu rezervace letenky a\u017e po p\u0159\u00edjezd cestuj\u00edc\u00edho na leti\u0161t\u011b, p\u0159es check-in, proveden\u00ed bezpe\u010dnostn\u00ed kontroly a\u017e po n\u00e1stup do letadla.<br \/>\n<strong>Kl\u00ed\u010dov\u00e1 slova:\u00a0<\/strong>leti\u0161t\u011b, \u00fatok, datab\u00e1ze, GSDA, implementace, cestuj\u00edc\u00ed, ochrana, p\u0159edb\u011b\u017en\u00e9 hodnocen\u00ed, terorismus.<i><br \/>\n<\/i><\/p>\n<p><a href=\"https:\/\/veda.polac.cz\/?page_id=968\">02\/2013<\/a><\/p>\n","protected":false},"excerpt":{"rendered":"<p>Resum\u00e9 \u010dl\u00e1nku Vyu\u017eit\u00ed syst\u00e9mu p\u0159edb\u011b\u017en\u00e9ho hodnocen\u00ed cestuj\u00edc\u00edch &#8222;Global Security Database for Aviation&#8220; na leti\u0161t\u00edch Bc. Ing. Daniel Mar\u0161\u00e1lek, Bc. Ondrej Palat\u00e1\u0161, doc. Mgr. Ing. Radom\u00edr \u0160\u010durek, Ph.D. P\u0159\u00edsp\u011bvek \u0159e\u0161\u00ed problematiku implementace syst\u00e9mu p\u0159edb\u011b\u017en\u00e9ho hodnocen\u00ed cestuj\u00edc\u00edch v podm\u00ednk\u00e1ch mezin\u00e1rodn\u00edho leti\u0161t\u011b. Navr\u017een\u00fd syst\u00e9m pracuje s \u0159adou \u00fadaj\u016f z provozn\u00edch, bezpe\u010dnostn\u00edch i informa\u010dn\u00edch datab\u00e1z\u00ed a na z\u00e1klad\u011b jejich [&hellip;]<\/p>\n","protected":false},"author":2,"featured_media":0,"parent":968,"menu_order":9,"comment_status":"closed","ping_status":"closed","template":"","meta":{"footnotes":""},"class_list":["post-986","page","type-page","status-publish","hentry"],"_links":{"self":[{"href":"https:\/\/veda.polac.cz\/index.php?rest_route=\/wp\/v2\/pages\/986","targetHints":{"allow":["GET"]}}],"collection":[{"href":"https:\/\/veda.polac.cz\/index.php?rest_route=\/wp\/v2\/pages"}],"about":[{"href":"https:\/\/veda.polac.cz\/index.php?rest_route=\/wp\/v2\/types\/page"}],"author":[{"embeddable":true,"href":"https:\/\/veda.polac.cz\/index.php?rest_route=\/wp\/v2\/users\/2"}],"replies":[{"embeddable":true,"href":"https:\/\/veda.polac.cz\/index.php?rest_route=%2Fwp%2Fv2%2Fcomments&post=986"}],"version-history":[{"count":2,"href":"https:\/\/veda.polac.cz\/index.php?rest_route=\/wp\/v2\/pages\/986\/revisions"}],"predecessor-version":[{"id":1004,"href":"https:\/\/veda.polac.cz\/index.php?rest_route=\/wp\/v2\/pages\/986\/revisions\/1004"}],"up":[{"embeddable":true,"href":"https:\/\/veda.polac.cz\/index.php?rest_route=\/wp\/v2\/pages\/968"}],"wp:attachment":[{"href":"https:\/\/veda.polac.cz\/index.php?rest_route=%2Fwp%2Fv2%2Fmedia&parent=986"}],"curies":[{"name":"wp","href":"https:\/\/api.w.org\/{rel}","templated":true}]}}