{"id":984,"date":"2018-09-13T22:29:22","date_gmt":"2018-09-13T22:29:22","guid":{"rendered":"http:\/\/veda.polac.cz\/?page_id=984"},"modified":"2018-10-27T18:56:10","modified_gmt":"2018-10-27T18:56:10","slug":"8-2","status":"publish","type":"page","link":"https:\/\/veda.polac.cz\/?page_id=984","title":{"rendered":""},"content":{"rendered":"<p style=\"text-align: center;\">Resum\u00e9 \u010dl\u00e1nku<\/p>\n<p><strong>K problematice subjekt\u016f kriminalistick\u00fdch verz\u00ed<\/strong><br \/>\n<i>JUDr. Mgr. Jaroslava Hrab\u011btov\u00e1<\/p>\n<p><\/i>\u010cl\u00e1nek se v\u011bnuje rozporupln\u00e9mu v\u00fdkladu subjekt\u016f kriminalistick\u00fdch verz\u00ed a jeho kritick\u00e9mu zhodnocen\u00ed. Vych\u00e1z\u00ed z teze, \u017ee kriminalistick\u00e9 verze jsou samostatnou specifickou kriminalistickou metodou objas\u0148ov\u00e1n\u00ed, kterou kriminalista vyu\u017e\u00edv\u00e1 za \u00fa\u010delem pozn\u00e1n\u00ed a dokazov\u00e1n\u00ed pravdy o kriminalisticky relevantn\u00ed ud\u00e1losti v trestn\u00edm \u0159\u00edzen\u00ed, a to za p\u0159\u00edsn\u00e9ho dodr\u017eov\u00e1n\u00ed trestn\u00edho z\u00e1kona a trestn\u00edho \u0159\u00e1du.<br \/>\n<strong>Kl\u00ed\u010dov\u00e1 slova:<\/strong>\u00a0subjekty kriminalistick\u00fdch verz\u00ed, kriminalistika, kriminalistick\u00e9 verze.<br \/>\n<i><br \/>\n<\/i><\/p>\n<p><a href=\"https:\/\/veda.polac.cz\/?page_id=968\">02\/2013<\/a><\/p>\n","protected":false},"excerpt":{"rendered":"<p>Resum\u00e9 \u010dl\u00e1nku K problematice subjekt\u016f kriminalistick\u00fdch verz\u00ed JUDr. Mgr. Jaroslava Hrab\u011btov\u00e1 \u010cl\u00e1nek se v\u011bnuje rozporupln\u00e9mu v\u00fdkladu subjekt\u016f kriminalistick\u00fdch verz\u00ed a jeho kritick\u00e9mu zhodnocen\u00ed. Vych\u00e1z\u00ed z teze, \u017ee kriminalistick\u00e9 verze jsou samostatnou specifickou kriminalistickou metodou objas\u0148ov\u00e1n\u00ed, kterou kriminalista vyu\u017e\u00edv\u00e1 za \u00fa\u010delem pozn\u00e1n\u00ed a dokazov\u00e1n\u00ed pravdy o kriminalisticky relevantn\u00ed ud\u00e1losti v trestn\u00edm \u0159\u00edzen\u00ed, a to za p\u0159\u00edsn\u00e9ho [&hellip;]<\/p>\n","protected":false},"author":2,"featured_media":0,"parent":968,"menu_order":8,"comment_status":"closed","ping_status":"closed","template":"","meta":{"footnotes":""},"class_list":["post-984","page","type-page","status-publish","hentry"],"_links":{"self":[{"href":"https:\/\/veda.polac.cz\/index.php?rest_route=\/wp\/v2\/pages\/984","targetHints":{"allow":["GET"]}}],"collection":[{"href":"https:\/\/veda.polac.cz\/index.php?rest_route=\/wp\/v2\/pages"}],"about":[{"href":"https:\/\/veda.polac.cz\/index.php?rest_route=\/wp\/v2\/types\/page"}],"author":[{"embeddable":true,"href":"https:\/\/veda.polac.cz\/index.php?rest_route=\/wp\/v2\/users\/2"}],"replies":[{"embeddable":true,"href":"https:\/\/veda.polac.cz\/index.php?rest_route=%2Fwp%2Fv2%2Fcomments&post=984"}],"version-history":[{"count":2,"href":"https:\/\/veda.polac.cz\/index.php?rest_route=\/wp\/v2\/pages\/984\/revisions"}],"predecessor-version":[{"id":1003,"href":"https:\/\/veda.polac.cz\/index.php?rest_route=\/wp\/v2\/pages\/984\/revisions\/1003"}],"up":[{"embeddable":true,"href":"https:\/\/veda.polac.cz\/index.php?rest_route=\/wp\/v2\/pages\/968"}],"wp:attachment":[{"href":"https:\/\/veda.polac.cz\/index.php?rest_route=%2Fwp%2Fv2%2Fmedia&parent=984"}],"curies":[{"name":"wp","href":"https:\/\/api.w.org\/{rel}","templated":true}]}}