{"id":982,"date":"2018-09-13T22:28:31","date_gmt":"2018-09-13T22:28:31","guid":{"rendered":"http:\/\/veda.polac.cz\/?page_id=982"},"modified":"2018-10-27T18:56:09","modified_gmt":"2018-10-27T18:56:09","slug":"7-2","status":"publish","type":"page","link":"https:\/\/veda.polac.cz\/?page_id=982","title":{"rendered":""},"content":{"rendered":"<p style=\"text-align: center;\">Resum\u00e9 \u010dl\u00e1nku<\/p>\n<p><strong>Z\u00e1konn\u00e1 \u00faprava umo\u017e\u0148uj\u00edc\u00ed pr\u00e1vn\u00ed postupy k potla\u010dov\u00e1n\u00ed projev\u016f pravicov\u00e9ho extremismu na internetu<\/strong><br \/>\n<i>kpt. Mgr. Luk\u00e1\u0161 Vil\u00edm<\/p>\n<p><\/i>\u010cl\u00e1nek se v\u011bnuje ot\u00e1zce aktu\u00e1ln\u00ed z\u00e1konn\u00e9 \u00fapravy, kter\u00e1 umo\u017e\u0148uje pomoc\u00ed pr\u00e1vn\u00edch postup\u016f potla\u010dovat pravicov\u00fd extremismus na internetu. Autor reaguje na v\u00fdvoj pr\u00e1vn\u00ed \u00fapravy s ohledem na projevy pravicov\u00e9ho extremismu na internetu.<br \/>\n<strong>Kl\u00ed\u010dov\u00e1 slova:<\/strong>\u00a0pravicov\u00fd extremismus, internet, propagace, trestn\u00ed z\u00e1kon.<\/p>\n<p><a href=\"https:\/\/veda.polac.cz\/?page_id=968\">02\/2013<\/a><\/p>\n","protected":false},"excerpt":{"rendered":"<p>Resum\u00e9 \u010dl\u00e1nku Z\u00e1konn\u00e1 \u00faprava umo\u017e\u0148uj\u00edc\u00ed pr\u00e1vn\u00ed postupy k potla\u010dov\u00e1n\u00ed projev\u016f pravicov\u00e9ho extremismu na internetu kpt. Mgr. Luk\u00e1\u0161 Vil\u00edm \u010cl\u00e1nek se v\u011bnuje ot\u00e1zce aktu\u00e1ln\u00ed z\u00e1konn\u00e9 \u00fapravy, kter\u00e1 umo\u017e\u0148uje pomoc\u00ed pr\u00e1vn\u00edch postup\u016f potla\u010dovat pravicov\u00fd extremismus na internetu. Autor reaguje na v\u00fdvoj pr\u00e1vn\u00ed \u00fapravy s ohledem na projevy pravicov\u00e9ho extremismu na internetu. Kl\u00ed\u010dov\u00e1 slova:\u00a0pravicov\u00fd extremismus, internet, propagace, trestn\u00ed [&hellip;]<\/p>\n","protected":false},"author":2,"featured_media":0,"parent":968,"menu_order":7,"comment_status":"closed","ping_status":"closed","template":"","meta":{"footnotes":""},"class_list":["post-982","page","type-page","status-publish","hentry"],"_links":{"self":[{"href":"https:\/\/veda.polac.cz\/index.php?rest_route=\/wp\/v2\/pages\/982","targetHints":{"allow":["GET"]}}],"collection":[{"href":"https:\/\/veda.polac.cz\/index.php?rest_route=\/wp\/v2\/pages"}],"about":[{"href":"https:\/\/veda.polac.cz\/index.php?rest_route=\/wp\/v2\/types\/page"}],"author":[{"embeddable":true,"href":"https:\/\/veda.polac.cz\/index.php?rest_route=\/wp\/v2\/users\/2"}],"replies":[{"embeddable":true,"href":"https:\/\/veda.polac.cz\/index.php?rest_route=%2Fwp%2Fv2%2Fcomments&post=982"}],"version-history":[{"count":2,"href":"https:\/\/veda.polac.cz\/index.php?rest_route=\/wp\/v2\/pages\/982\/revisions"}],"predecessor-version":[{"id":1002,"href":"https:\/\/veda.polac.cz\/index.php?rest_route=\/wp\/v2\/pages\/982\/revisions\/1002"}],"up":[{"embeddable":true,"href":"https:\/\/veda.polac.cz\/index.php?rest_route=\/wp\/v2\/pages\/968"}],"wp:attachment":[{"href":"https:\/\/veda.polac.cz\/index.php?rest_route=%2Fwp%2Fv2%2Fmedia&parent=982"}],"curies":[{"name":"wp","href":"https:\/\/api.w.org\/{rel}","templated":true}]}}