{"id":980,"date":"2018-09-13T22:27:33","date_gmt":"2018-09-13T22:27:33","guid":{"rendered":"http:\/\/veda.polac.cz\/?page_id=980"},"modified":"2018-10-27T18:56:09","modified_gmt":"2018-10-27T18:56:09","slug":"6-2","status":"publish","type":"page","link":"https:\/\/veda.polac.cz\/?page_id=980","title":{"rendered":""},"content":{"rendered":"<p style=\"text-align: center;\">Resum\u00e9 \u010dl\u00e1nku<\/p>\n<p><strong>N\u00e1stin pr\u00e1vn\u00ed \u00fapravy n\u00e1vrhov\u00fdch p\u0159estupk\u016f a historick\u00e9 souvislosti<\/strong><br \/>\n<i>doc. JUDr. Eva Horzinkov\u00e1, Ph.D.<\/p>\n<p><\/i>Uveden\u00e1 anal\u00fdza popisuje v\u00fdvoj spr\u00e1vn\u00edho trest\u00e1n\u00ed s ohledem na n\u00e1vrhov\u00e9 p\u0159estupky. Autorka se sna\u017e\u00ed zhodnotit a rozebrat historick\u00e9 souvislosti trestn\u00edho pr\u00e1va a spr\u00e1vn\u00edho pr\u00e1va trestn\u00edho. Poukazuje na velmi \u00fazk\u00e9 vztahy mezi pr\u00e1vn\u00ed \u00fapravou jednotliv\u00fdch delikt\u016f s ohledem na jednotliv\u00e9 etapy v\u00fdvoje spole\u010dnosti. Delikty v oblasti ob\u010dansk\u00e9ho sou\u017eit\u00ed a delikty proti majetku byly zpo\u010d\u00e1tku chr\u00e1n\u011bny pouze trestn\u00edm pr\u00e1vem. V sou\u010dasn\u00e9 dob\u011b je tato problematika obsa\u017eena i ve spr\u00e1vn\u00edm pr\u00e1vu trestn\u00edm.<br \/>\n<strong>Kl\u00ed\u010dov\u00e1 slova:<\/strong>\u00a0p\u0159estupek, trestn\u00ed pr\u00e1vo, spr\u00e1vn\u00ed pr\u00e1vo trestn\u00ed, spr\u00e1vn\u00ed trest\u00e1n\u00ed, ob\u010dansk\u00e9 sou\u017eit\u00ed, majetkov\u00e9 delikty.<\/p>\n<p><a href=\"https:\/\/veda.polac.cz\/?page_id=968\">02\/2013<\/a><\/p>\n","protected":false},"excerpt":{"rendered":"<p>Resum\u00e9 \u010dl\u00e1nku N\u00e1stin pr\u00e1vn\u00ed \u00fapravy n\u00e1vrhov\u00fdch p\u0159estupk\u016f a historick\u00e9 souvislosti doc. JUDr. Eva Horzinkov\u00e1, Ph.D. Uveden\u00e1 anal\u00fdza popisuje v\u00fdvoj spr\u00e1vn\u00edho trest\u00e1n\u00ed s ohledem na n\u00e1vrhov\u00e9 p\u0159estupky. Autorka se sna\u017e\u00ed zhodnotit a rozebrat historick\u00e9 souvislosti trestn\u00edho pr\u00e1va a spr\u00e1vn\u00edho pr\u00e1va trestn\u00edho. Poukazuje na velmi \u00fazk\u00e9 vztahy mezi pr\u00e1vn\u00ed \u00fapravou jednotliv\u00fdch delikt\u016f s ohledem na jednotliv\u00e9 etapy [&hellip;]<\/p>\n","protected":false},"author":2,"featured_media":0,"parent":968,"menu_order":6,"comment_status":"closed","ping_status":"closed","template":"","meta":{"footnotes":""},"class_list":["post-980","page","type-page","status-publish","hentry"],"_links":{"self":[{"href":"https:\/\/veda.polac.cz\/index.php?rest_route=\/wp\/v2\/pages\/980","targetHints":{"allow":["GET"]}}],"collection":[{"href":"https:\/\/veda.polac.cz\/index.php?rest_route=\/wp\/v2\/pages"}],"about":[{"href":"https:\/\/veda.polac.cz\/index.php?rest_route=\/wp\/v2\/types\/page"}],"author":[{"embeddable":true,"href":"https:\/\/veda.polac.cz\/index.php?rest_route=\/wp\/v2\/users\/2"}],"replies":[{"embeddable":true,"href":"https:\/\/veda.polac.cz\/index.php?rest_route=%2Fwp%2Fv2%2Fcomments&post=980"}],"version-history":[{"count":2,"href":"https:\/\/veda.polac.cz\/index.php?rest_route=\/wp\/v2\/pages\/980\/revisions"}],"predecessor-version":[{"id":1001,"href":"https:\/\/veda.polac.cz\/index.php?rest_route=\/wp\/v2\/pages\/980\/revisions\/1001"}],"up":[{"embeddable":true,"href":"https:\/\/veda.polac.cz\/index.php?rest_route=\/wp\/v2\/pages\/968"}],"wp:attachment":[{"href":"https:\/\/veda.polac.cz\/index.php?rest_route=%2Fwp%2Fv2%2Fmedia&parent=980"}],"curies":[{"name":"wp","href":"https:\/\/api.w.org\/{rel}","templated":true}]}}