{"id":978,"date":"2018-09-13T22:26:40","date_gmt":"2018-09-13T22:26:40","guid":{"rendered":"http:\/\/veda.polac.cz\/?page_id=978"},"modified":"2018-10-27T18:56:09","modified_gmt":"2018-10-27T18:56:09","slug":"5-2","status":"publish","type":"page","link":"https:\/\/veda.polac.cz\/?page_id=978","title":{"rendered":""},"content":{"rendered":"<p style=\"text-align: center;\">Resum\u00e9 \u010dl\u00e1nku<\/p>\n<p><strong>Funkce znalostn\u00edho managementu a zpravodajstv\u00ed v oblasti bezpe\u010dnosti<\/strong><br \/>\n<i>Ing. Bc. Lud\u011bk Mich\u00e1lek<\/p>\n<p><\/i>Studie prov\u00e1d\u00ed porovn\u00e1n\u00ed dvou v\u00fdznamov\u011b bl\u00edzk\u00fdch pojm\u016f z oblasti pr\u00e1ce s informacemi &#8211; znalostn\u00ed management (knowledge management) a zpravodajstv\u00ed (intelligence) z hlediska historie vzniku obou koncept\u016f, jejich obsahu a m\u00edsta v oblasti bezpe\u010dnostn\u00edho managementu. Uv\u00e1d\u00ed a porovn\u00e1v\u00e1 hlavn\u00ed teoretick\u00e9 zdroje a p\u0159edev\u0161\u00edm se zam\u011b\u0159uje na vz\u00e1jemn\u00fd vztah obou pojm\u016f a koncepc\u00ed v sou\u010dasn\u00e9m bezpe\u010dnostn\u00edm prost\u0159ed\u00ed.<br \/>\n<strong>Kl\u00ed\u010dov\u00e1 slova:<\/strong>\u00a0znalostn\u00ed management, zpravodajstv\u00ed, data, informace, zpravodajsk\u00e9 informace, znalost, zpravodajsk\u00fd cyklus.<i><\/p>\n<p><\/i><\/p>\n<p><a href=\"https:\/\/veda.polac.cz\/?page_id=968\">02\/2013<\/a><\/p>\n","protected":false},"excerpt":{"rendered":"<p>Resum\u00e9 \u010dl\u00e1nku Funkce znalostn\u00edho managementu a zpravodajstv\u00ed v oblasti bezpe\u010dnosti Ing. Bc. Lud\u011bk Mich\u00e1lek Studie prov\u00e1d\u00ed porovn\u00e1n\u00ed dvou v\u00fdznamov\u011b bl\u00edzk\u00fdch pojm\u016f z oblasti pr\u00e1ce s informacemi &#8211; znalostn\u00ed management (knowledge management) a zpravodajstv\u00ed (intelligence) z hlediska historie vzniku obou koncept\u016f, jejich obsahu a m\u00edsta v oblasti bezpe\u010dnostn\u00edho managementu. Uv\u00e1d\u00ed a porovn\u00e1v\u00e1 hlavn\u00ed teoretick\u00e9 zdroje a [&hellip;]<\/p>\n","protected":false},"author":2,"featured_media":0,"parent":968,"menu_order":5,"comment_status":"closed","ping_status":"closed","template":"","meta":{"footnotes":""},"class_list":["post-978","page","type-page","status-publish","hentry"],"_links":{"self":[{"href":"https:\/\/veda.polac.cz\/index.php?rest_route=\/wp\/v2\/pages\/978","targetHints":{"allow":["GET"]}}],"collection":[{"href":"https:\/\/veda.polac.cz\/index.php?rest_route=\/wp\/v2\/pages"}],"about":[{"href":"https:\/\/veda.polac.cz\/index.php?rest_route=\/wp\/v2\/types\/page"}],"author":[{"embeddable":true,"href":"https:\/\/veda.polac.cz\/index.php?rest_route=\/wp\/v2\/users\/2"}],"replies":[{"embeddable":true,"href":"https:\/\/veda.polac.cz\/index.php?rest_route=%2Fwp%2Fv2%2Fcomments&post=978"}],"version-history":[{"count":2,"href":"https:\/\/veda.polac.cz\/index.php?rest_route=\/wp\/v2\/pages\/978\/revisions"}],"predecessor-version":[{"id":1000,"href":"https:\/\/veda.polac.cz\/index.php?rest_route=\/wp\/v2\/pages\/978\/revisions\/1000"}],"up":[{"embeddable":true,"href":"https:\/\/veda.polac.cz\/index.php?rest_route=\/wp\/v2\/pages\/968"}],"wp:attachment":[{"href":"https:\/\/veda.polac.cz\/index.php?rest_route=%2Fwp%2Fv2%2Fmedia&parent=978"}],"curies":[{"name":"wp","href":"https:\/\/api.w.org\/{rel}","templated":true}]}}