{"id":974,"date":"2018-09-13T22:24:24","date_gmt":"2018-09-13T22:24:24","guid":{"rendered":"http:\/\/veda.polac.cz\/?page_id=974"},"modified":"2018-10-27T18:56:09","modified_gmt":"2018-10-27T18:56:09","slug":"3-2","status":"publish","type":"page","link":"https:\/\/veda.polac.cz\/?page_id=974","title":{"rendered":""},"content":{"rendered":"<p style=\"text-align: center;\">Resum\u00e9 \u010dl\u00e1nku<\/p>\n<p><strong>Vliv legislativn\u00edch zm\u011bn na kriminalitu a statistiku kriminality<\/strong><br \/>\n<i>JUDr. Roman Svato\u0161, Ph.D.<\/p>\n<p><\/i>\u010cl\u00e1nek upozor\u0148uje na probl\u00e9my, t\u00fdkaj\u00edc\u00ed se v\u00fdvoje legislativn\u00edch zm\u011bn v oblasti trestn\u00edho pr\u00e1va a jejich vliv na kriminalitu, pota\u017emo statistiku kriminality. Vliv jednotliv\u00fdch legislativn\u00edch zm\u011bn je demonstrov\u00e1n na grafech a v tabulk\u00e1ch. I p\u0159es probl\u00e9my vznikaj\u00edc\u00ed p\u0159i snaze vykl\u00e1dat statistick\u00e1 data z pohledu jejich historick\u00e9 kontinuity, se autor domn\u00edv\u00e1, \u017ee na tyto zm\u011bny lze p\u0159i pou\u017eit\u00ed uveden\u00e9 interpretace pom\u011brn\u011b dob\u0159e reagovat, nebo\u0165 oproti jin\u00fdm vliv\u016fm, nap\u0159. hospod\u00e1\u0159sk\u00fdm, zahrani\u010dn\u00edm, m\u00f3dn\u00edm, lze vlivy legislativn\u00edch zm\u011bn pom\u011brn\u011b dob\u0159e kvantifikovat a po\u010d\u00edtat s nimi.<br \/>\n<strong>Kl\u00ed\u010dov\u00e1 slova:<\/strong>\u00a0kriminalita, statistika kriminality, legislativa, trestn\u00ed z\u00e1kon.<\/p>\n<p><a href=\"https:\/\/veda.polac.cz\/?page_id=968\">02\/2013<\/a><\/p>\n","protected":false},"excerpt":{"rendered":"<p>Resum\u00e9 \u010dl\u00e1nku Vliv legislativn\u00edch zm\u011bn na kriminalitu a statistiku kriminality JUDr. Roman Svato\u0161, Ph.D. \u010cl\u00e1nek upozor\u0148uje na probl\u00e9my, t\u00fdkaj\u00edc\u00ed se v\u00fdvoje legislativn\u00edch zm\u011bn v oblasti trestn\u00edho pr\u00e1va a jejich vliv na kriminalitu, pota\u017emo statistiku kriminality. Vliv jednotliv\u00fdch legislativn\u00edch zm\u011bn je demonstrov\u00e1n na grafech a v tabulk\u00e1ch. I p\u0159es probl\u00e9my vznikaj\u00edc\u00ed p\u0159i snaze vykl\u00e1dat statistick\u00e1 data [&hellip;]<\/p>\n","protected":false},"author":2,"featured_media":0,"parent":968,"menu_order":3,"comment_status":"closed","ping_status":"closed","template":"","meta":{"footnotes":""},"class_list":["post-974","page","type-page","status-publish","hentry"],"_links":{"self":[{"href":"https:\/\/veda.polac.cz\/index.php?rest_route=\/wp\/v2\/pages\/974","targetHints":{"allow":["GET"]}}],"collection":[{"href":"https:\/\/veda.polac.cz\/index.php?rest_route=\/wp\/v2\/pages"}],"about":[{"href":"https:\/\/veda.polac.cz\/index.php?rest_route=\/wp\/v2\/types\/page"}],"author":[{"embeddable":true,"href":"https:\/\/veda.polac.cz\/index.php?rest_route=\/wp\/v2\/users\/2"}],"replies":[{"embeddable":true,"href":"https:\/\/veda.polac.cz\/index.php?rest_route=%2Fwp%2Fv2%2Fcomments&post=974"}],"version-history":[{"count":2,"href":"https:\/\/veda.polac.cz\/index.php?rest_route=\/wp\/v2\/pages\/974\/revisions"}],"predecessor-version":[{"id":998,"href":"https:\/\/veda.polac.cz\/index.php?rest_route=\/wp\/v2\/pages\/974\/revisions\/998"}],"up":[{"embeddable":true,"href":"https:\/\/veda.polac.cz\/index.php?rest_route=\/wp\/v2\/pages\/968"}],"wp:attachment":[{"href":"https:\/\/veda.polac.cz\/index.php?rest_route=%2Fwp%2Fv2%2Fmedia&parent=974"}],"curies":[{"name":"wp","href":"https:\/\/api.w.org\/{rel}","templated":true}]}}