{"id":968,"date":"2018-09-13T22:20:00","date_gmt":"2018-09-13T22:20:00","guid":{"rendered":"http:\/\/veda.polac.cz\/?page_id=968"},"modified":"2019-04-18T10:46:22","modified_gmt":"2019-04-18T10:46:22","slug":"02-2013","status":"publish","type":"page","link":"https:\/\/veda.polac.cz\/?page_id=968","title":{"rendered":"02\/2013"},"content":{"rendered":"<p><a href=\"https:\/\/veda.polac.cz\/?page_id=953\"><strong>Kointegra\u010dn\u00ed anal\u00fdza ro\u010dn\u00edch \u010dasov\u00fdch \u0159ad vybran\u00fdch statistik Policie \u010cesk\u00e9 republiky<\/strong><\/a><br \/>\nDr. Zden\u011bk Kova\u0159\u00edk, CSc.<\/p>\n<hr \/>\n<p><a href=\"https:\/\/veda.polac.cz\/?page_id=972\"><strong>Vn\u00fatorn\u00fd syst\u00e9m hodnotenia kvality vzdel\u00e1vania Akad\u00e9mie Policajn\u00e9ho zboru v Bratislave<\/strong><\/a><br \/>\ndoc. JUDr. \u013dubo\u0161 W\u00e4ldl, PhD., prof. Ing. Jozef Hal\u00e1dik, PhD.<\/p>\n<hr \/>\n<p><a href=\"https:\/\/veda.polac.cz\/?page_id=974\"><strong>Vliv legislativn\u00edch zm\u011bn na kriminalitu a statistiku kriminality\u00a0<\/strong><\/a><br \/>\nJUDr. Roman Svato\u0161, Ph.D.<\/p>\n<hr \/>\n<p><a href=\"https:\/\/veda.polac.cz\/?page_id=976\"><strong>Vliv soukrom\u00fdch bezpe\u010dnostn\u00edch spole\u010dnost\u00ed na vn\u00edm\u00e1n\u00ed bezpe\u010dnosti v \u010cesk\u00e9 republice\u00a0<\/strong><\/a><br \/>\ndoc. Mgr. Old\u0159ich Bure\u0161, Ph.D., M.A<\/p>\n<hr \/>\n<p><a href=\"https:\/\/veda.polac.cz\/?page_id=978\"><strong>Funkce znalostn\u00edho managementu a zpravodajstv\u00ed v oblasti bezpe\u010dnosti<\/strong><\/a><br \/>\nIng. Bc. Lud\u011bk Mich\u00e1lek<\/p>\n<hr \/>\n<p><a href=\"https:\/\/veda.polac.cz\/?page_id=980\"><strong>N\u00e1stin pr\u00e1vn\u00ed \u00fapravy n\u00e1vrhov\u00fdch p\u0159estupk\u016f a historick\u00e9 souvislosti<\/strong><\/a><br \/>\ndoc. JUDr. Eva Horzinkov\u00e1, Ph.D.<\/p>\n<hr \/>\n<p><a href=\"https:\/\/veda.polac.cz\/?page_id=982\"><strong>Z\u00e1konn\u00e1 \u00faprava umo\u017e\u0148uj\u00edc\u00ed pr\u00e1vn\u00ed postupy k potla\u010dov\u00e1n\u00ed projev\u016f pravicov\u00e9ho extremismu na internetu\u00a0<\/strong><\/a><br \/>\nkpt. Mgr. Luk\u00e1\u0161 Vil\u00edm<\/p>\n<hr \/>\n<p><a href=\"https:\/\/veda.polac.cz\/?page_id=984\"><strong>K problematice subjekt\u016f kriminalistick\u00fdch verz\u00ed\u00a0<\/strong><\/a><br \/>\nJUDr. Mgr. Jaroslava Hrab\u011btov\u00e1<\/p>\n<hr \/>\n<p><a href=\"https:\/\/veda.polac.cz\/?page_id=986\"><strong>Vyu\u017eit\u00ed syst\u00e9mu p\u0159edb\u011b\u017en\u00e9ho hodnocen\u00ed cestuj\u00edc\u00edch &#8222;Global Security Database for Aviation&#8220; na leti\u0161t\u00edch\u00a0<\/strong><\/a><br \/>\nBc. Ing. Daniel Mar\u0161\u00e1lek, Bc. Ondrej Palat\u00e1\u0161, doc. Mgr. Ing. Radom\u00edr \u0160\u010durek, Ph.D<\/p>\n<hr \/>\n<p><a href=\"https:\/\/veda.polac.cz\/?page_id=988\"><strong>Informovanost sty\u010dn\u00fdch d\u016fstojn\u00edk\u016f pro pr\u00e1ci s men\u0161inami o fenom\u00e9nu tzv. politick\u00e9ho extremismu: sonda\u00a0<\/strong><\/a><br \/>\nPhDr. Josef Smol\u00edk, Ph.D., Mgr. Alena Kajanov\u00e1, Ph.D.<\/p>\n<hr \/>\n<p><a href=\"https:\/\/veda.polac.cz\/?page_id=990\"><strong>Specifi\u010dnost fotbalov\u00e9ho chulig\u00e1nstv\u00ed a jeho prevence<\/strong><\/a><br \/>\nkpt. JUDr. Petr Kou\u0159il<\/p>\n<hr \/>\n<p><a href=\"https:\/\/veda.polac.cz\/?page_id=992\"><strong>Obrann\u00e9 spreje a jejich nebezpe\u010dnost vzn\u00edcen\u00ed po pou\u017eit\u00ed distan\u010dn\u00edho elektrick\u00e9ho paralyz\u00e9ru\u00a0<\/strong><\/a><br \/>\nMgr. Marek Radosta<\/p>\n<hr \/>\n<p><strong>Teologie, etika a soci\u00e1ln\u00ed pr\u00e1ce (dv\u011b zastaven\u00ed nad publikacemi z oblasti aplikovan\u00e9 lidskopr\u00e1vn\u00ed problematiky)\u00a0<\/strong><br \/>\nPhDr. Petr Nesvadba, CSc.<\/p>\n<hr \/>\n<p><strong>Semin\u00e1\u0159 o v\u011bze\u0148stv\u00ed konan\u00fd dne 10. 1. 2013 v Praze\u00a0<\/strong><br \/>\nMgr. et. Ing. et. Bc. Viera Jonsztov\u00e1<\/p>\n<hr \/>\n<p><strong>Informace o kon\u00e1n\u00ed mezin\u00e1rodn\u00edho odborn\u00e9ho semin\u00e1\u0159e MEPA &#8211; &#8222;Pravicov\u00fd extremismus z pohledu krimin\u00e1ln\u00ed policie&#8220;<\/strong><br \/>\nIng. Bc. Lud\u011bk Mich\u00e1lek, pplk. Mgr. Barbora Vegrichtov\u00e1, MBA<\/p>\n<hr \/>\n<p><strong>Mykolas Romeris University jako perspektivn\u00ed partner Policejn\u00ed akademie \u010cesk\u00e9 republiky v Praze\u00a0<\/strong><br \/>\nBc. Mat\u011bj Ettler<\/p>\n<hr \/>\n<p><a href=\"https:\/\/veda.polac.cz\/?page_id=235\">Zp\u011bt<\/a><\/p>\n","protected":false},"excerpt":{"rendered":"<p>Kointegra\u010dn\u00ed anal\u00fdza ro\u010dn\u00edch \u010dasov\u00fdch \u0159ad vybran\u00fdch statistik Policie \u010cesk\u00e9 republiky Dr. Zden\u011bk Kova\u0159\u00edk, CSc. Vn\u00fatorn\u00fd syst\u00e9m hodnotenia kvality vzdel\u00e1vania Akad\u00e9mie Policajn\u00e9ho zboru v Bratislave doc. JUDr. \u013dubo\u0161 W\u00e4ldl, PhD., prof. Ing. Jozef Hal\u00e1dik, PhD. Vliv legislativn\u00edch zm\u011bn na kriminalitu a statistiku kriminality\u00a0 JUDr. Roman Svato\u0161, Ph.D. Vliv soukrom\u00fdch bezpe\u010dnostn\u00edch spole\u010dnost\u00ed na vn\u00edm\u00e1n\u00ed bezpe\u010dnosti v \u010cesk\u00e9 [&hellip;]<\/p>\n","protected":false},"author":2,"featured_media":0,"parent":235,"menu_order":15,"comment_status":"closed","ping_status":"closed","template":"","meta":{"footnotes":""},"class_list":["post-968","page","type-page","status-publish","hentry"],"_links":{"self":[{"href":"https:\/\/veda.polac.cz\/index.php?rest_route=\/wp\/v2\/pages\/968","targetHints":{"allow":["GET"]}}],"collection":[{"href":"https:\/\/veda.polac.cz\/index.php?rest_route=\/wp\/v2\/pages"}],"about":[{"href":"https:\/\/veda.polac.cz\/index.php?rest_route=\/wp\/v2\/types\/page"}],"author":[{"embeddable":true,"href":"https:\/\/veda.polac.cz\/index.php?rest_route=\/wp\/v2\/users\/2"}],"replies":[{"embeddable":true,"href":"https:\/\/veda.polac.cz\/index.php?rest_route=%2Fwp%2Fv2%2Fcomments&post=968"}],"version-history":[{"count":3,"href":"https:\/\/veda.polac.cz\/index.php?rest_route=\/wp\/v2\/pages\/968\/revisions"}],"predecessor-version":[{"id":2633,"href":"https:\/\/veda.polac.cz\/index.php?rest_route=\/wp\/v2\/pages\/968\/revisions\/2633"}],"up":[{"embeddable":true,"href":"https:\/\/veda.polac.cz\/index.php?rest_route=\/wp\/v2\/pages\/235"}],"wp:attachment":[{"href":"https:\/\/veda.polac.cz\/index.php?rest_route=%2Fwp%2Fv2%2Fmedia&parent=968"}],"curies":[{"name":"wp","href":"https:\/\/api.w.org\/{rel}","templated":true}]}}