{"id":949,"date":"2018-09-13T22:11:18","date_gmt":"2018-09-13T22:11:18","guid":{"rendered":"http:\/\/veda.polac.cz\/?page_id=949"},"modified":"2018-10-27T18:56:09","modified_gmt":"2018-10-27T18:56:09","slug":"11-2","status":"publish","type":"page","link":"https:\/\/veda.polac.cz\/?page_id=949","title":{"rendered":""},"content":{"rendered":"<p style=\"text-align: center;\">Resum\u00e9 \u010dl\u00e1nku<\/p>\n<p><strong>Postup pr\u00edslu\u0161n\u00edkov Po\u013eskej pol\u00edcie na mieste udalosti (trestn\u00e9ho \u010dinu). \u00favodn\u00e9 zabezpe\u010dovacie \u010dinnosti. Anal\u00fdza v\u00fdsledkov vlastn\u00e9ho v\u00fdskumu<br \/>\n<\/strong><i>doc. PhDr. Jacek Dworzecki, PhD.<\/p>\n<p><\/i>\u010cl\u00e1nok opisuje \u00favodn\u00e9 \u010dinnosti, ktor\u00e9 vykon\u00e1vaj\u00fa pr\u00edslu\u0161n\u00edci po\u013eskej pol\u00edcie na mieste udalosti (trestn\u00e9ho \u010dinu). Uveden\u00e9 s\u00fatu defin\u00edcie a rozsah \u010dinnost\u00ed na zabezpe\u010denie miesta udalosti, \u00falohy policajtov prevent\u00edvnej slu\u017eby a slu\u017ebukonaj\u00faceho policajn\u00e9ho \u00fatvaru, na ktor\u00e9ho ter\u00e9nne sa vyskytol trestn\u00fd \u010din. Okrem toho je vysvetlen\u00e1 spolupr\u00e1ca pol\u00edcie s prokur\u00e1torom a \u010fal\u0161\u00edmi subjektmi v oblasti zabezpe\u010denia miesta udalosti (trestn\u00e9ho \u010dinu). Text \u010dl\u00e1nku bol doplnen\u00fd informa\u010dn\u00fdm preh\u013eadom o po\u013eskej pol\u00edcii a stave trestnej \u010dinnosti v Po\u013esku. V\u00fdskumn\u00fa \u010das\u0165 \u0161t\u00fadie tvor\u00ed anal\u00fdza anketov\u00e9ho prieskumu, ktor\u00fd sa realizoval medzi 194 pr\u00edslu\u0161n\u00edkmi pol\u00edcie a obecn\u00fdch (mestsk\u00fdch) pol\u00edci\u00ed v akt\u00edvnej slu\u017ebe a pracovn\u00edkmi s\u00fakromn\u00fdch bezpe\u010dnostn\u00fdch slu\u017eieb zaoberaj\u00facich sa ochranou os\u00f4b a majetku v obdob\u00ed od 10. decembra 2011 do 10. janu\u00e1ra 2012. V \u010dl\u00e1nku je podan\u00e9 vyhodnotenie prieskumu.<br \/>\n<strong>K\u013e\u00fa\u010dov\u00e9 slov\u00e1:<\/strong>\u00a0pol\u00edcia, bezpe\u010dnos\u0165, trestn\u00e1 \u010dinnos\u0165, miesto trestn\u00e9ho \u010dinu, spolupr\u00e1ca pol\u00edcie s prokur\u00e1torom<\/p>\n<p><a href=\"https:\/\/veda.polac.cz\/?page_id=916\">03\/2013<\/a><\/p>\n","protected":false},"excerpt":{"rendered":"<p>Resum\u00e9 \u010dl\u00e1nku Postup pr\u00edslu\u0161n\u00edkov Po\u013eskej pol\u00edcie na mieste udalosti (trestn\u00e9ho \u010dinu). \u00favodn\u00e9 zabezpe\u010dovacie \u010dinnosti. Anal\u00fdza v\u00fdsledkov vlastn\u00e9ho v\u00fdskumu doc. PhDr. Jacek Dworzecki, PhD. \u010cl\u00e1nok opisuje \u00favodn\u00e9 \u010dinnosti, ktor\u00e9 vykon\u00e1vaj\u00fa pr\u00edslu\u0161n\u00edci po\u013eskej pol\u00edcie na mieste udalosti (trestn\u00e9ho \u010dinu). Uveden\u00e9 s\u00fatu defin\u00edcie a rozsah \u010dinnost\u00ed na zabezpe\u010denie miesta udalosti, \u00falohy policajtov prevent\u00edvnej slu\u017eby a slu\u017ebukonaj\u00faceho policajn\u00e9ho \u00fatvaru, [&hellip;]<\/p>\n","protected":false},"author":2,"featured_media":0,"parent":916,"menu_order":11,"comment_status":"closed","ping_status":"closed","template":"","meta":{"footnotes":""},"class_list":["post-949","page","type-page","status-publish","hentry"],"_links":{"self":[{"href":"https:\/\/veda.polac.cz\/index.php?rest_route=\/wp\/v2\/pages\/949","targetHints":{"allow":["GET"]}}],"collection":[{"href":"https:\/\/veda.polac.cz\/index.php?rest_route=\/wp\/v2\/pages"}],"about":[{"href":"https:\/\/veda.polac.cz\/index.php?rest_route=\/wp\/v2\/types\/page"}],"author":[{"embeddable":true,"href":"https:\/\/veda.polac.cz\/index.php?rest_route=\/wp\/v2\/users\/2"}],"replies":[{"embeddable":true,"href":"https:\/\/veda.polac.cz\/index.php?rest_route=%2Fwp%2Fv2%2Fcomments&post=949"}],"version-history":[{"count":2,"href":"https:\/\/veda.polac.cz\/index.php?rest_route=\/wp\/v2\/pages\/949\/revisions"}],"predecessor-version":[{"id":957,"href":"https:\/\/veda.polac.cz\/index.php?rest_route=\/wp\/v2\/pages\/949\/revisions\/957"}],"up":[{"embeddable":true,"href":"https:\/\/veda.polac.cz\/index.php?rest_route=\/wp\/v2\/pages\/916"}],"wp:attachment":[{"href":"https:\/\/veda.polac.cz\/index.php?rest_route=%2Fwp%2Fv2%2Fmedia&parent=949"}],"curies":[{"name":"wp","href":"https:\/\/api.w.org\/{rel}","templated":true}]}}