{"id":946,"date":"2018-09-13T22:10:15","date_gmt":"2018-09-13T22:10:15","guid":{"rendered":"http:\/\/veda.polac.cz\/?page_id=946"},"modified":"2018-10-27T18:56:09","modified_gmt":"2018-10-27T18:56:09","slug":"10-2","status":"publish","type":"page","link":"https:\/\/veda.polac.cz\/?page_id=946","title":{"rendered":""},"content":{"rendered":"<p style=\"text-align: center;\">Resum\u00e9 \u010dl\u00e1nku<\/p>\n<p><strong>Charakteristika a mo\u017enosti pozn\u00e1vania relevantnej bezpe\u010dnostnej udalosti<br \/>\n<\/strong><i>doc. Ing. Pavol August\u00edn, CSc.<\/i><\/p>\n<p>Rie\u0161enie relevantn\u00fdch udalost\u00ed Policajn\u00fdm zborom, hlavne pri hromadnom naru\u0161en\u00ed verejn\u00e9ho poriadku tvor\u00ed nosn\u00fd z\u00e1klad \u0161t\u00fadie. Uplatnen\u00edm vedeckej te\u00f3rie a aplikovanie tejto te\u00f3rie do praxe bol hlavn\u00fd z\u00e1mer \u0161t\u00fadie pre \u010dinnos\u0165 slu\u017eby poriadkovej pol\u00edcie. V \u0161t\u00fadii sme uplatnili v\u00fdstupy z medzin\u00e1rodnej integrovanej vedecko &#8211; v\u00fdskumnej \u00falohy &#8220; 3\/2004 &#8211; Met\u00f3dy v\u00fdskumu a v\u00fdvoja policajn\u00fdch \u010dinnost\u00ed \/v\u00fdsk. VV\u00da 130\/,na Akad\u00e9mii Policajn\u00e9ho zboru v Bratislave.<br \/>\n<strong>K\u013e\u00fa\u010dov\u00e9 slov\u00e1:<\/strong>\u00a0policajn\u00e9 pozn\u00e1vanie, policajn\u00e9 poznanie, udalos\u0165, relevantn\u00e1 udalos\u0165, riziko, rizikov\u00fd faktor, znak, prvok, met\u00f3da, forma, agresivita, elimin\u00e1cia.<\/p>\n<p><a href=\"https:\/\/veda.polac.cz\/?page_id=916\">03\/2013<\/a><\/p>\n","protected":false},"excerpt":{"rendered":"<p>Resum\u00e9 \u010dl\u00e1nku Charakteristika a mo\u017enosti pozn\u00e1vania relevantnej bezpe\u010dnostnej udalosti doc. Ing. Pavol August\u00edn, CSc. Rie\u0161enie relevantn\u00fdch udalost\u00ed Policajn\u00fdm zborom, hlavne pri hromadnom naru\u0161en\u00ed verejn\u00e9ho poriadku tvor\u00ed nosn\u00fd z\u00e1klad \u0161t\u00fadie. Uplatnen\u00edm vedeckej te\u00f3rie a aplikovanie tejto te\u00f3rie do praxe bol hlavn\u00fd z\u00e1mer \u0161t\u00fadie pre \u010dinnos\u0165 slu\u017eby poriadkovej pol\u00edcie. V \u0161t\u00fadii sme uplatnili v\u00fdstupy z medzin\u00e1rodnej integrovanej [&hellip;]<\/p>\n","protected":false},"author":2,"featured_media":0,"parent":916,"menu_order":10,"comment_status":"closed","ping_status":"closed","template":"","meta":{"footnotes":""},"class_list":["post-946","page","type-page","status-publish","hentry"],"_links":{"self":[{"href":"https:\/\/veda.polac.cz\/index.php?rest_route=\/wp\/v2\/pages\/946","targetHints":{"allow":["GET"]}}],"collection":[{"href":"https:\/\/veda.polac.cz\/index.php?rest_route=\/wp\/v2\/pages"}],"about":[{"href":"https:\/\/veda.polac.cz\/index.php?rest_route=\/wp\/v2\/types\/page"}],"author":[{"embeddable":true,"href":"https:\/\/veda.polac.cz\/index.php?rest_route=\/wp\/v2\/users\/2"}],"replies":[{"embeddable":true,"href":"https:\/\/veda.polac.cz\/index.php?rest_route=%2Fwp%2Fv2%2Fcomments&post=946"}],"version-history":[{"count":3,"href":"https:\/\/veda.polac.cz\/index.php?rest_route=\/wp\/v2\/pages\/946\/revisions"}],"predecessor-version":[{"id":956,"href":"https:\/\/veda.polac.cz\/index.php?rest_route=\/wp\/v2\/pages\/946\/revisions\/956"}],"up":[{"embeddable":true,"href":"https:\/\/veda.polac.cz\/index.php?rest_route=\/wp\/v2\/pages\/916"}],"wp:attachment":[{"href":"https:\/\/veda.polac.cz\/index.php?rest_route=%2Fwp%2Fv2%2Fmedia&parent=946"}],"curies":[{"name":"wp","href":"https:\/\/api.w.org\/{rel}","templated":true}]}}