{"id":942,"date":"2018-09-13T22:08:06","date_gmt":"2018-09-13T22:08:06","guid":{"rendered":"http:\/\/veda.polac.cz\/?page_id=942"},"modified":"2018-10-27T18:56:09","modified_gmt":"2018-10-27T18:56:09","slug":"8-2","status":"publish","type":"page","link":"https:\/\/veda.polac.cz\/?page_id=942","title":{"rendered":""},"content":{"rendered":"<p style=\"text-align: center;\">Resum\u00e9 \u010dl\u00e1nku<\/p>\n<p><strong>Uplatn\u011bn\u00ed znalostn\u00edho managementu ve ve\u0159ejn\u00e9m sektoru a v policejn\u00edch sborech<br \/>\n<\/strong><i>Ing. Dana Junkov\u00e1<\/p>\n<p><\/i>\u010cl\u00e1nek upozor\u0148uje na v\u00fdznam i probl\u00e9my uplat\u0148ov\u00e1n\u00ed znalostn\u00edho managementu ve ve\u0159ejn\u00e9m sektoru. Uv\u00e1d\u00ed p\u0159ehled znalostn\u00edch kategori\u00ed vztahuj\u00edc\u00edch se k policejn\u00edmu vy\u0161et\u0159ov\u00e1n\u00ed a jejich propojen\u00ed s p\u011bti kl\u00ed\u010dov\u00fdmi aktivitami policejn\u00edho vy\u0161et\u0159ov\u00e1n\u00ed, \u010d\u00edm\u017e pom\u00e1h\u00e1 porozum\u011bt tomu, jak\u00fd typ podpory a jak\u00e9 znalosti m\u016f\u017ee p\u0159\u00edslu\u0161n\u00edk policejn\u00edho sboru v danou chv\u00edli pot\u0159ebovat pro \u00fasp\u011b\u0161n\u00e9 pln\u011bn\u00ed sv\u00fdch \u00fakol\u016f. Zd\u016frazn\u011bn je v\u00fdznam sd\u00edlen\u00ed znalost\u00ed a z\u00e1rove\u0148 jsou uvedeny faktory efektivn\u00edho transferu znalost\u00ed: organiza\u010dn\u00ed struktura, klima a kultura.<br \/>\n<strong>Kl\u00ed\u010dov\u00e1 slova:\u00a0<\/strong>explicitn\u00ed znalost, implicitn\u00ed znalost, policejn\u00ed sbor, policejn\u00ed vy\u0161et\u0159ov\u00e1n\u00ed, tacitn\u00ed znalost, ve\u0159ejn\u00fd sektor, znalostn\u00ed management.<i><br \/>\n<\/i><\/p>\n<p><a href=\"https:\/\/veda.polac.cz\/?page_id=916\">03\/2013<\/a><\/p>\n","protected":false},"excerpt":{"rendered":"<p>Resum\u00e9 \u010dl\u00e1nku Uplatn\u011bn\u00ed znalostn\u00edho managementu ve ve\u0159ejn\u00e9m sektoru a v policejn\u00edch sborech Ing. Dana Junkov\u00e1 \u010cl\u00e1nek upozor\u0148uje na v\u00fdznam i probl\u00e9my uplat\u0148ov\u00e1n\u00ed znalostn\u00edho managementu ve ve\u0159ejn\u00e9m sektoru. Uv\u00e1d\u00ed p\u0159ehled znalostn\u00edch kategori\u00ed vztahuj\u00edc\u00edch se k policejn\u00edmu vy\u0161et\u0159ov\u00e1n\u00ed a jejich propojen\u00ed s p\u011bti kl\u00ed\u010dov\u00fdmi aktivitami policejn\u00edho vy\u0161et\u0159ov\u00e1n\u00ed, \u010d\u00edm\u017e pom\u00e1h\u00e1 porozum\u011bt tomu, jak\u00fd typ podpory a jak\u00e9 znalosti [&hellip;]<\/p>\n","protected":false},"author":2,"featured_media":0,"parent":916,"menu_order":8,"comment_status":"closed","ping_status":"closed","template":"","meta":{"footnotes":""},"class_list":["post-942","page","type-page","status-publish","hentry"],"_links":{"self":[{"href":"https:\/\/veda.polac.cz\/index.php?rest_route=\/wp\/v2\/pages\/942","targetHints":{"allow":["GET"]}}],"collection":[{"href":"https:\/\/veda.polac.cz\/index.php?rest_route=\/wp\/v2\/pages"}],"about":[{"href":"https:\/\/veda.polac.cz\/index.php?rest_route=\/wp\/v2\/types\/page"}],"author":[{"embeddable":true,"href":"https:\/\/veda.polac.cz\/index.php?rest_route=\/wp\/v2\/users\/2"}],"replies":[{"embeddable":true,"href":"https:\/\/veda.polac.cz\/index.php?rest_route=%2Fwp%2Fv2%2Fcomments&post=942"}],"version-history":[{"count":2,"href":"https:\/\/veda.polac.cz\/index.php?rest_route=\/wp\/v2\/pages\/942\/revisions"}],"predecessor-version":[{"id":966,"href":"https:\/\/veda.polac.cz\/index.php?rest_route=\/wp\/v2\/pages\/942\/revisions\/966"}],"up":[{"embeddable":true,"href":"https:\/\/veda.polac.cz\/index.php?rest_route=\/wp\/v2\/pages\/916"}],"wp:attachment":[{"href":"https:\/\/veda.polac.cz\/index.php?rest_route=%2Fwp%2Fv2%2Fmedia&parent=942"}],"curies":[{"name":"wp","href":"https:\/\/api.w.org\/{rel}","templated":true}]}}