{"id":94,"date":"2018-08-28T03:05:28","date_gmt":"2018-08-28T03:05:28","guid":{"rendered":"http:\/\/veda.polac.cz\/?page_id=94"},"modified":"2020-02-04T14:23:48","modified_gmt":"2020-02-04T14:23:48","slug":"04-2017","status":"publish","type":"page","link":"https:\/\/veda.polac.cz\/?page_id=94","title":{"rendered":"04\/2017"},"content":{"rendered":"<p><strong>Exaktn\u00ed odhad faktorov\u00e9 skladby bezpe\u010dnostn\u00edch hrozeb pro \u010ceskou republiku<\/strong><br \/>\nMgr. Lenka Jakubcov\u00e1, Policejn\u00ed akademie \u010cR v Praze, Fakulta bezpe\u010dnostn\u00edho managementu, katedra krizov\u00e9ho \u0159\u00edzen\u00ed;<br \/>\nDr. Zden\u011bk Kova\u0159\u00edk, CSc., Policejn\u00ed akademie \u010cR v Praze, odd\u011blen\u00ed v\u011bdy a v\u00fdzkumu; prof. Ing. Bed\u0159ich \u0160est\u00e1k, DrSc., Policejn\u00ed akademie \u010cR v Praze, Fakulta bezpe\u010dnostn\u00edho managementu PA \u010cR v Praze, katedra krizov\u00e9ho \u0159\u00edzen\u00ed<\/p>\n<p><a href=\"https:\/\/veda.polac.cz\/wp-content\/uploads\/2019\/04\/042017Exact-estimation-of-factor-composition-of-security-threats-for-the-Czech-republic.pdf\" target=\"_blank\" rel=\"noopener noreferrer\">St\u00e1hnout \u010dl\u00e1nek v angli\u010dtin\u011b (Pdf format)<\/a><\/p>\n<hr>\n<p><a href=\"https:\/\/veda.polac.cz\/?page_id=268\"><strong>Reakce organismu na stres vlivem mimo\u0159\u00e1dn\u00e9 ud\u00e1losti<\/strong><\/a><br \/>\ndoc. Mgr. Ing. David Ullrich, Ph.D., MBA, Univerzita obrany Brno, Fakulta vojensk\u00e9ho leadershipu, katedra leadershipu<br \/>\nIng. Jan Kysel\u00e1k, Ph.D., Univerzita Tom\u00e1\u0161e Bati, Zl\u00edn, Fakulta logistiky a krizov\u00e9ho \u0159\u00edzen\u00ed, \u00dastav ochrany obyvatelstva<br \/>\nMgr. Franti\u0161ek Van\u011b\u010dek, Univerzita obrany, Brno, Centrum t\u011blesn\u00e9 v\u00fdchovy a sportu.<\/p>\n<p><a href=\"https:\/\/veda.polac.cz\/wp-content\/uploads\/2019\/04\/042017Optimisation-of-activities-of-the-Czech-Police-related-to-dealing-with-crimes-committed-using-mobile-phones.pdf\" target=\"_blank\" rel=\"noopener noreferrer\">St\u00e1hnout \u010dl\u00e1nek v angli\u010dtin\u011b (Pdf format)<\/a><\/p>\n<hr>\n<p><a href=\"https:\/\/veda.polac.cz\/?page_id=270\"><strong>V\u00fdzkum vybran\u00fdch p\u0159edpoklad\u016f umo\u017e\u0148uj\u00edc\u00edch optimalizaci \u010dinnosti Policie \u010cR p\u0159i \u0159e\u0161en\u00ed kriminality p\u00e1chan\u00e9 s vyu\u017eit\u00edm mobiln\u00edch telefon\u016f<\/strong><\/a><br \/>\npor. Alena Chrastilov\u00e1, M.A., studentka doktorsk\u00e9ho studia, Odbor hospod\u00e1\u0159sk\u00e9 kriminality, SKPV Policie \u010cR, Praha III<br \/>\nDr. Zden\u011bk Kova\u0159\u00edk, CSc., Policejn\u00ed akademie \u010cR v Praze, odd\u011blen\u00ed v\u011bdy a v\u00fdzkumu.<\/p>\n<p><a href=\"https:\/\/veda.polac.cz\/wp-content\/uploads\/2019\/04\/042017Optimisation-of-activities-of-the-Czech-Police-related-to-dealing-with-crimes-committed-using-mobile-phones.pdf\" target=\"_blank\" rel=\"noopener noreferrer\">St\u00e1hnout \u010dl\u00e1nek v angli\u010dtin\u011b (Pdf format)<\/a><\/p>\n<hr>\n<p><a href=\"https:\/\/veda.polac.cz\/?page_id=272\"><strong>V\u00fdznam psychologick\u00fdch model\u016f pro predikci extr\u00e9mn\u00edch podob n\u00e1sil\u00ed<\/strong><\/a><br \/>\ndoc. PhDr. Ludmila \u010c\u00edrtkov\u00e1, CSc., Policejn\u00ed akademie \u010cR v Praze<br \/>\nFakulta bezpe\u010dnostn\u00edho managementu, katedra spole\u010densk\u00fdch v\u011bd.<\/p>\n<p><a href=\"https:\/\/veda.polac.cz\/wp-content\/uploads\/2019\/04\/042017Importance-of-psychological-models-to-predict-extreme-forms-of-violence.pdf\" target=\"_blank\" rel=\"noopener noreferrer\">St\u00e1hnout \u010dl\u00e1nek v angli\u010dtin\u011b (Pdf format)<\/a><\/p>\n<hr>\n<p><a href=\"https:\/\/veda.polac.cz\/?page_id=292\"><strong>Vn\u00edm\u00e1n\u00ed relevance bezpe\u010dnostn\u00edch hrozeb<\/strong><\/a><br \/>\nMgr. Lenka Jakubcov\u00e1, prof. Ing. Bed\u0159ich \u0160est\u00e1k, DrSc., Policejn\u00ed akademie \u010cR v Praze, Fakulta bezpe\u010dnostn\u00edho managementu, katedra krizov\u00e9ho \u0159\u00edzen\u00ed<br \/>\nDr. Zden\u011bk Kova\u0159\u00edk, CSc., Policejn\u00ed akademie \u010cR v Praze, odd\u011blen\u00ed v\u011bdy a v\u00fdzkumu.<\/p>\n<p><a href=\"https:\/\/veda.polac.cz\/wp-content\/uploads\/2019\/04\/042017Perceiving-the-relevance-of-security-threats.pdf\" target=\"_blank\" rel=\"noopener noreferrer\">St\u00e1hnout \u010dl\u00e1nek v angli\u010dtin\u011b (Pdf format)<\/a><\/p>\n<hr>\n<p><a href=\"https:\/\/veda.polac.cz\/?page_id=294\"><strong>Ko\u0159eny p\u0159\u00ed\u010din a motivace &#8222;n\u00e1sil\u00ed souvisej\u00edc\u00edho se sportovn\u00edm div\u00e1ctv\u00edm&#8220;<\/strong><\/a><br \/>\nMgr. Old\u0159ich Krul\u00edk, Ph.D., Policejn\u00ed akademie \u010cR v Praze, Fakulta bezpe\u010dnostn\u00edho managementu, katedra krizov\u00e9ho \u0159\u00edzen\u00ed<br \/>\nMgr. Zuzana Krul\u00edkov\u00e1, Tri Services.<\/p>\n<p><a href=\"https:\/\/veda.polac.cz\/wp-content\/uploads\/2019\/04\/042017Root-causes-and-motivations-of-\u201csport-related-spectators-violence\u201d.pdf\" target=\"_blank\" rel=\"noopener noreferrer\">St\u00e1hnout \u010dl\u00e1nek v angli\u010dtin\u011b (Pdf format)<\/a><\/p>\n<hr>\n<p><a href=\"https:\/\/veda.polac.cz\/?page_id=296\"><strong>Dobr\u00e1 spr\u00e1va a jej\u00ed vztah k \u0159\u00edzen\u00ed ve\u0159ejn\u00e9 spr\u00e1vy<\/strong><\/a><br \/>\nJUDr. et. PhDr. Zden\u011bk Fiala, Ph.D., Policejn\u00ed akademie \u010cR v Praze,<br \/>\nFakulta bezpe\u010dnostn\u00edho managementu, katedra spr\u00e1vn\u00edho pr\u00e1va.<\/p>\n<p><a href=\"https:\/\/veda.polac.cz\/wp-content\/uploads\/2019\/04\/042017Good-governance-and-its-relationship-to-governance-of-public-administration.pdf\" target=\"_blank\" rel=\"noopener noreferrer\">St\u00e1hnout \u010dl\u00e1nek v angli\u010dtin\u011b (Pdf format)<\/a><\/p>\n<hr>\n<p><a href=\"https:\/\/veda.polac.cz\/?page_id=298\"><strong>Neutronov\u00e9 metody detekce v\u00fdbu\u0161nin<\/strong><\/a><br \/>\nplk. doc. RNDr. Jaroslav Ture\u010dek, Ph.D., Policejn\u00ed akademie \u010cR v Praze,<br \/>\nFakulta bezpe\u010dnostn\u011b pr\u00e1vn\u00ed, katedra bezpe\u010dnostn\u00edch technologi\u00ed.<\/p>\n<p><a href=\"https:\/\/veda.polac.cz\/wp-content\/uploads\/2019\/04\/042017Neutron-based-methods-for-the-detection-of-explosives.pdf\" target=\"_blank\" rel=\"noopener noreferrer\">St\u00e1hnout \u010dl\u00e1nek v angli\u010dtin\u011b (Pdf format)<\/a><\/p>\n<hr>\n<p><a href=\"https:\/\/veda.polac.cz\/?page_id=300\"><strong>Forenzn\u011b psychologick\u00e9 aspekty pachatele trestn\u00e9ho \u010dinu podvodu<\/strong><\/a><br \/>\nMgr. Martin Vysko\u010dil, Policejn\u00ed akademie \u010cR v Praze, student doktorsk\u00e9ho studia.<\/p>\n<p><a href=\"https:\/\/veda.polac.cz\/wp-content\/uploads\/2019\/04\/042017Forensic-and-psychological-aspects-of-fraud-offender.pdf\" target=\"_blank\" rel=\"noopener noreferrer\">St\u00e1hnout \u010dl\u00e1nek v angli\u010dtin\u011b (Pdf format)<\/a><\/p>\n<hr>\n<p><strong>\u0160\u00ed\u0159en\u00ed klamn\u00fdch informac\u00ed a eliminace rizik z nich vypl\u00fdvaj\u00edc\u00edch<\/strong><br \/>\nIng. Martin Havl\u00edk, Ph.D., MBA, MSc., Ministerstvo obrany \u010cesk\u00e9 republiky<\/p>\n<p><a href=\"https:\/\/veda.polac.cz\/wp-content\/uploads\/2019\/04\/042017Dissemination-of-misleading-Information-and-elimination-of-risks-resulting-from-them.pdf\" target=\"_blank\" rel=\"noopener noreferrer\">St\u00e1hnout \u010dl\u00e1nek v angli\u010dtin\u011b (Pdf format)<\/a><\/p>\n","protected":false},"excerpt":{"rendered":"<p>Exaktn\u00ed odhad faktorov\u00e9 skladby bezpe\u010dnostn\u00edch hrozeb pro \u010ceskou republiku Mgr. Lenka Jakubcov\u00e1, Policejn\u00ed akademie \u010cR v Praze, Fakulta bezpe\u010dnostn\u00edho managementu, katedra krizov\u00e9ho \u0159\u00edzen\u00ed; Dr. Zden\u011bk Kova\u0159\u00edk, CSc., Policejn\u00ed akademie \u010cR v Praze, odd\u011blen\u00ed v\u011bdy a v\u00fdzkumu; prof. Ing. Bed\u0159ich \u0160est\u00e1k, DrSc., Policejn\u00ed akademie \u010cR v Praze, Fakulta bezpe\u010dnostn\u00edho managementu PA \u010cR v Praze, katedra krizov\u00e9ho [&hellip;]<\/p>\n","protected":false},"author":6,"featured_media":0,"parent":231,"menu_order":3,"comment_status":"closed","ping_status":"closed","template":"","meta":{"footnotes":""},"class_list":["post-94","page","type-page","status-publish","hentry"],"_links":{"self":[{"href":"https:\/\/veda.polac.cz\/index.php?rest_route=\/wp\/v2\/pages\/94","targetHints":{"allow":["GET"]}}],"collection":[{"href":"https:\/\/veda.polac.cz\/index.php?rest_route=\/wp\/v2\/pages"}],"about":[{"href":"https:\/\/veda.polac.cz\/index.php?rest_route=\/wp\/v2\/types\/page"}],"author":[{"embeddable":true,"href":"https:\/\/veda.polac.cz\/index.php?rest_route=\/wp\/v2\/users\/6"}],"replies":[{"embeddable":true,"href":"https:\/\/veda.polac.cz\/index.php?rest_route=%2Fwp%2Fv2%2Fcomments&post=94"}],"version-history":[{"count":14,"href":"https:\/\/veda.polac.cz\/index.php?rest_route=\/wp\/v2\/pages\/94\/revisions"}],"predecessor-version":[{"id":5946,"href":"https:\/\/veda.polac.cz\/index.php?rest_route=\/wp\/v2\/pages\/94\/revisions\/5946"}],"up":[{"embeddable":true,"href":"https:\/\/veda.polac.cz\/index.php?rest_route=\/wp\/v2\/pages\/231"}],"wp:attachment":[{"href":"https:\/\/veda.polac.cz\/index.php?rest_route=%2Fwp%2Fv2%2Fmedia&parent=94"}],"curies":[{"name":"wp","href":"https:\/\/api.w.org\/{rel}","templated":true}]}}