{"id":938,"date":"2018-09-13T22:05:55","date_gmt":"2018-09-13T22:05:55","guid":{"rendered":"http:\/\/veda.polac.cz\/?page_id=938"},"modified":"2018-10-27T18:56:09","modified_gmt":"2018-10-27T18:56:09","slug":"6-2","status":"publish","type":"page","link":"https:\/\/veda.polac.cz\/?page_id=938","title":{"rendered":""},"content":{"rendered":"<p style=\"text-align: center;\">Resum\u00e9 \u010dl\u00e1nku<\/p>\n<p><strong>Elektronick\u00e1 pod\u00e1n\u00ed (nejen) v\u016f\u010di spr\u00e1vn\u00edm org\u00e1n\u016fm ve sv\u011btle soudn\u00ed judikatury.<br \/>\n<\/strong><i>JUDr. Zden\u011bk Fiala, Ph.D.<\/p>\n<p><\/i>Na z\u00e1klad\u011b v p\u0159\u00edsp\u011bvku analyzovan\u00fdch soudn\u00edch rozhodnut\u00ed lze vyslovit n\u00e1zor, \u017ee i kdy\u017e v \u010cesk\u00e9 republice neexistuje jednotn\u00e1 procesn\u011b-pr\u00e1vn\u00ed \u00faprava \u0159e\u0161\u00edc\u00ed jednozna\u010dn\u011b ot\u00e1zku elektronick\u00fdch pod\u00e1n\u00ed, sm\u011b\u0159uj\u00ed jednotliv\u00e9 p\u0159edpisy svou \u00fapravou k jednotn\u00e9mu p\u0159\u00edstupu k elektronick\u00e9 form\u011b komunikace. Elektronick\u00e1 pod\u00e1n\u00ed, by\u0165 z\u00e1va\u017en\u00e9 pr\u00e1vn\u00ed povahy, by tak nem\u011bla nar\u00e1\u017eet na p\u0159ek\u00e1\u017eky v pr\u00e1vn\u00ed oblasti, kter\u00e9 by zabra\u0148ovaly jejich pou\u017e\u00edv\u00e1n\u00ed \u010di by mohly vyvolat n\u00e1mitky ohledn\u011b jejich d\u016fkazn\u00ed hodnoty. Smyslem a \u00fa\u010delem pr\u00e1vn\u00ed \u00fapravy je pr\u00e1v\u011b zrovnopr\u00e1vn\u011bn\u00ed pod\u00e1n\u00ed u\u010din\u011bn\u00e9ho v elektronick\u00e9 podob\u011b za pou\u017eit\u00ed uzn\u00e1van\u00e9ho elektronick\u00e9ho podpisu v\u016f\u010di p\u00edsemn\u00e9mu pod\u00e1n\u00ed nebo pod\u00e1n\u00ed u\u010din\u011bn\u00e9mu \u00fastn\u011b do protokolu. Opa\u010dn\u00fd p\u0159\u00edstup by mohl v\u00e9st a\u017e k poru\u0161en\u00ed z\u00e1kladn\u00edch pr\u00e1v a svobod.<br \/>\n<strong>Kl\u00ed\u010dov\u00e1 slova:\u00a0<\/strong>pr\u00e1vn\u00ed \u00fakon, pod\u00e1n\u00ed v elektronick\u00e9 podob\u011b.<\/p>\n<p><a href=\"https:\/\/veda.polac.cz\/?page_id=916\">03\/2013<\/a><\/p>\n","protected":false},"excerpt":{"rendered":"<p>Resum\u00e9 \u010dl\u00e1nku Elektronick\u00e1 pod\u00e1n\u00ed (nejen) v\u016f\u010di spr\u00e1vn\u00edm org\u00e1n\u016fm ve sv\u011btle soudn\u00ed judikatury. JUDr. Zden\u011bk Fiala, Ph.D. Na z\u00e1klad\u011b v p\u0159\u00edsp\u011bvku analyzovan\u00fdch soudn\u00edch rozhodnut\u00ed lze vyslovit n\u00e1zor, \u017ee i kdy\u017e v \u010cesk\u00e9 republice neexistuje jednotn\u00e1 procesn\u011b-pr\u00e1vn\u00ed \u00faprava \u0159e\u0161\u00edc\u00ed jednozna\u010dn\u011b ot\u00e1zku elektronick\u00fdch pod\u00e1n\u00ed, sm\u011b\u0159uj\u00ed jednotliv\u00e9 p\u0159edpisy svou \u00fapravou k jednotn\u00e9mu p\u0159\u00edstupu k elektronick\u00e9 form\u011b komunikace. Elektronick\u00e1 pod\u00e1n\u00ed, [&hellip;]<\/p>\n","protected":false},"author":2,"featured_media":0,"parent":916,"menu_order":6,"comment_status":"closed","ping_status":"closed","template":"","meta":{"footnotes":""},"class_list":["post-938","page","type-page","status-publish","hentry"],"_links":{"self":[{"href":"https:\/\/veda.polac.cz\/index.php?rest_route=\/wp\/v2\/pages\/938","targetHints":{"allow":["GET"]}}],"collection":[{"href":"https:\/\/veda.polac.cz\/index.php?rest_route=\/wp\/v2\/pages"}],"about":[{"href":"https:\/\/veda.polac.cz\/index.php?rest_route=\/wp\/v2\/types\/page"}],"author":[{"embeddable":true,"href":"https:\/\/veda.polac.cz\/index.php?rest_route=\/wp\/v2\/users\/2"}],"replies":[{"embeddable":true,"href":"https:\/\/veda.polac.cz\/index.php?rest_route=%2Fwp%2Fv2%2Fcomments&post=938"}],"version-history":[{"count":2,"href":"https:\/\/veda.polac.cz\/index.php?rest_route=\/wp\/v2\/pages\/938\/revisions"}],"predecessor-version":[{"id":964,"href":"https:\/\/veda.polac.cz\/index.php?rest_route=\/wp\/v2\/pages\/938\/revisions\/964"}],"up":[{"embeddable":true,"href":"https:\/\/veda.polac.cz\/index.php?rest_route=\/wp\/v2\/pages\/916"}],"wp:attachment":[{"href":"https:\/\/veda.polac.cz\/index.php?rest_route=%2Fwp%2Fv2%2Fmedia&parent=938"}],"curies":[{"name":"wp","href":"https:\/\/api.w.org\/{rel}","templated":true}]}}