{"id":936,"date":"2018-09-13T22:05:00","date_gmt":"2018-09-13T22:05:00","guid":{"rendered":"http:\/\/veda.polac.cz\/?page_id=936"},"modified":"2018-10-27T18:56:09","modified_gmt":"2018-10-27T18:56:09","slug":"5-2","status":"publish","type":"page","link":"https:\/\/veda.polac.cz\/?page_id=936","title":{"rendered":""},"content":{"rendered":"<p style=\"text-align: center;\">Resum\u00e9 \u010dl\u00e1nku<\/p>\n<p><strong>Datov\u00e9 schr\u00e1nky v reflexi spr\u00e1vn\u011b-pr\u00e1vn\u00ed praxe &#8211; 4 roky pot\u00e9<br \/>\n<\/strong><i>JUDr. Zden\u011bk Fiala, Ph.D.<\/p>\n<p><\/i>Tento p\u0159\u00edsp\u011bvek obsahuje zamy\u0161len\u00ed se nad v\u00fdvojem informa\u010dn\u00edho syst\u00e9mu datov\u00fdch schr\u00e1nek. Sna\u017e\u00ed se pouk\u00e1zat na nejv\u00fdznamn\u011bj\u0161\u00ed zm\u011bny, p\u0159\u00ednosy, jako\u017e i nedostatky tohoto syst\u00e9mu v reflexi spr\u00e1vn\u011b-pr\u00e1vn\u00ed praxe.<br \/>\n<strong>Kl\u00ed\u010dov\u00e1 slova:<\/strong>\u00a0Datov\u00e1 schr\u00e1nka, konverze.<i><br \/>\n<\/i><\/p>\n<p><a href=\"https:\/\/veda.polac.cz\/?page_id=916\">03\/2013<\/a><\/p>\n","protected":false},"excerpt":{"rendered":"<p>Resum\u00e9 \u010dl\u00e1nku Datov\u00e9 schr\u00e1nky v reflexi spr\u00e1vn\u011b-pr\u00e1vn\u00ed praxe &#8211; 4 roky pot\u00e9 JUDr. Zden\u011bk Fiala, Ph.D. Tento p\u0159\u00edsp\u011bvek obsahuje zamy\u0161len\u00ed se nad v\u00fdvojem informa\u010dn\u00edho syst\u00e9mu datov\u00fdch schr\u00e1nek. Sna\u017e\u00ed se pouk\u00e1zat na nejv\u00fdznamn\u011bj\u0161\u00ed zm\u011bny, p\u0159\u00ednosy, jako\u017e i nedostatky tohoto syst\u00e9mu v reflexi spr\u00e1vn\u011b-pr\u00e1vn\u00ed praxe. Kl\u00ed\u010dov\u00e1 slova:\u00a0Datov\u00e1 schr\u00e1nka, konverze. 03\/2013<\/p>\n","protected":false},"author":2,"featured_media":0,"parent":916,"menu_order":5,"comment_status":"closed","ping_status":"closed","template":"","meta":{"footnotes":""},"class_list":["post-936","page","type-page","status-publish","hentry"],"_links":{"self":[{"href":"https:\/\/veda.polac.cz\/index.php?rest_route=\/wp\/v2\/pages\/936","targetHints":{"allow":["GET"]}}],"collection":[{"href":"https:\/\/veda.polac.cz\/index.php?rest_route=\/wp\/v2\/pages"}],"about":[{"href":"https:\/\/veda.polac.cz\/index.php?rest_route=\/wp\/v2\/types\/page"}],"author":[{"embeddable":true,"href":"https:\/\/veda.polac.cz\/index.php?rest_route=\/wp\/v2\/users\/2"}],"replies":[{"embeddable":true,"href":"https:\/\/veda.polac.cz\/index.php?rest_route=%2Fwp%2Fv2%2Fcomments&post=936"}],"version-history":[{"count":2,"href":"https:\/\/veda.polac.cz\/index.php?rest_route=\/wp\/v2\/pages\/936\/revisions"}],"predecessor-version":[{"id":963,"href":"https:\/\/veda.polac.cz\/index.php?rest_route=\/wp\/v2\/pages\/936\/revisions\/963"}],"up":[{"embeddable":true,"href":"https:\/\/veda.polac.cz\/index.php?rest_route=\/wp\/v2\/pages\/916"}],"wp:attachment":[{"href":"https:\/\/veda.polac.cz\/index.php?rest_route=%2Fwp%2Fv2%2Fmedia&parent=936"}],"curies":[{"name":"wp","href":"https:\/\/api.w.org\/{rel}","templated":true}]}}