{"id":934,"date":"2018-09-13T22:04:07","date_gmt":"2018-09-13T22:04:07","guid":{"rendered":"http:\/\/veda.polac.cz\/?page_id=934"},"modified":"2018-10-27T18:56:09","modified_gmt":"2018-10-27T18:56:09","slug":"4-2","status":"publish","type":"page","link":"https:\/\/veda.polac.cz\/?page_id=934","title":{"rendered":""},"content":{"rendered":"<p style=\"text-align: center;\">Resum\u00e9 \u010dl\u00e1nku<\/p>\n<p><strong>N\u011bkter\u00e9 p\u0159estupky proti ob\u010dansk\u00e9mu sou\u017eit\u00ed a obdobn\u00e9 trestn\u00e9 \u010diny<br \/>\n<\/strong><i>doc. JUDr. Eva Horzinkov\u00e1, Ph.D., Ing. Kl\u00e1ra Horzinkov\u00e1<\/p>\n<p><\/i>\u010cl\u00e1nek pojedn\u00e1v\u00e1 o p\u0159estupc\u00edch proti ob\u010dansk\u00e9mu sou\u017eit\u00ed a vymezuje jejich jednotliv\u00e9 skutkov\u00e9 podstaty. Autorky se ve sv\u00e9m odborn\u00e9m \u010dl\u00e1nku v\u011bnuj\u00ed p\u0159estupk\u016fm n\u00e1vrhov\u00fdm. P\u0159estupky n\u00e1vrhov\u00e9 jsou p\u0159estupky projedn\u00e1van\u00e9 pouze na z\u00e1klad\u011b podan\u00e9ho n\u00e1vrhu. Autorky prov\u00e1d\u011bj\u00ed stru\u010dnou komparaci mezi p\u0159estupky proti ob\u010dansk\u00e9mu sou\u017eit\u00ed a obdobn\u00fdmi trestn\u00fdmi \u010diny a poukazuj\u00ed na to, jak\u00fdm zp\u016fsobem lze tato protipr\u00e1vn\u00ed jedn\u00e1n\u00ed rozli\u0161ovat.<br \/>\n<strong>Kl\u00ed\u010dov\u00e1 slova:<\/strong>\u00a0p\u0159estupek, trestn\u00fd \u010din, ochrana osobnosti, protipr\u00e1vnost, trestnost, ob\u010dansk\u00e9 sou\u017eit\u00ed, osoba bl\u00edzk\u00e1, subjekt p\u0159estupku, objekt p\u0159estupku.<i><br \/>\n<\/i><\/p>\n<p><a href=\"https:\/\/veda.polac.cz\/?page_id=916\">03\/2013<\/a><\/p>\n","protected":false},"excerpt":{"rendered":"<p>Resum\u00e9 \u010dl\u00e1nku N\u011bkter\u00e9 p\u0159estupky proti ob\u010dansk\u00e9mu sou\u017eit\u00ed a obdobn\u00e9 trestn\u00e9 \u010diny doc. JUDr. Eva Horzinkov\u00e1, Ph.D., Ing. Kl\u00e1ra Horzinkov\u00e1 \u010cl\u00e1nek pojedn\u00e1v\u00e1 o p\u0159estupc\u00edch proti ob\u010dansk\u00e9mu sou\u017eit\u00ed a vymezuje jejich jednotliv\u00e9 skutkov\u00e9 podstaty. Autorky se ve sv\u00e9m odborn\u00e9m \u010dl\u00e1nku v\u011bnuj\u00ed p\u0159estupk\u016fm n\u00e1vrhov\u00fdm. P\u0159estupky n\u00e1vrhov\u00e9 jsou p\u0159estupky projedn\u00e1van\u00e9 pouze na z\u00e1klad\u011b podan\u00e9ho n\u00e1vrhu. Autorky prov\u00e1d\u011bj\u00ed stru\u010dnou komparaci [&hellip;]<\/p>\n","protected":false},"author":2,"featured_media":0,"parent":916,"menu_order":4,"comment_status":"closed","ping_status":"closed","template":"","meta":{"footnotes":""},"class_list":["post-934","page","type-page","status-publish","hentry"],"_links":{"self":[{"href":"https:\/\/veda.polac.cz\/index.php?rest_route=\/wp\/v2\/pages\/934","targetHints":{"allow":["GET"]}}],"collection":[{"href":"https:\/\/veda.polac.cz\/index.php?rest_route=\/wp\/v2\/pages"}],"about":[{"href":"https:\/\/veda.polac.cz\/index.php?rest_route=\/wp\/v2\/types\/page"}],"author":[{"embeddable":true,"href":"https:\/\/veda.polac.cz\/index.php?rest_route=\/wp\/v2\/users\/2"}],"replies":[{"embeddable":true,"href":"https:\/\/veda.polac.cz\/index.php?rest_route=%2Fwp%2Fv2%2Fcomments&post=934"}],"version-history":[{"count":2,"href":"https:\/\/veda.polac.cz\/index.php?rest_route=\/wp\/v2\/pages\/934\/revisions"}],"predecessor-version":[{"id":962,"href":"https:\/\/veda.polac.cz\/index.php?rest_route=\/wp\/v2\/pages\/934\/revisions\/962"}],"up":[{"embeddable":true,"href":"https:\/\/veda.polac.cz\/index.php?rest_route=\/wp\/v2\/pages\/916"}],"wp:attachment":[{"href":"https:\/\/veda.polac.cz\/index.php?rest_route=%2Fwp%2Fv2%2Fmedia&parent=934"}],"curies":[{"name":"wp","href":"https:\/\/api.w.org\/{rel}","templated":true}]}}