{"id":932,"date":"2018-09-13T22:03:11","date_gmt":"2018-09-13T22:03:11","guid":{"rendered":"http:\/\/veda.polac.cz\/?page_id=932"},"modified":"2018-10-27T18:56:09","modified_gmt":"2018-10-27T18:56:09","slug":"3-2","status":"publish","type":"page","link":"https:\/\/veda.polac.cz\/?page_id=932","title":{"rendered":""},"content":{"rendered":"<p style=\"text-align: center;\">Resum\u00e9 \u010dl\u00e1nku<\/p>\n<p><strong>Demokracia a jej formy (v podmienkach Slovenskej republiky)<br \/>\n<\/strong><i>doc. JUDr. Klaudia Marczyov\u00e1, PhD.<\/p>\n<p><\/i>Autorka sa v danej \u0161t\u00fadii zaober\u00e1 mo\u017enos\u0165ami ob\u010danov podie\u013ea\u0165 sa na v\u00fdkone \u0161t\u00e1tnej moci, vych\u00e1dzaj\u00fac zo z\u00e1kladn\u00fdch demokratick\u00fdch princ\u00edpov. Pozornos\u0165 je zameran\u00e1 na vybran\u00e9 alternat\u00edvy (priamu a nepriamu formu demokracie) a anal\u00fdzu niektor\u00fdch ot\u00e1zok, s vyvoden\u00edm z\u00e1verov ich uplat\u0148ovania ob\u010danmi a re\u00e1lneho stavu v Slovenskej republike.<br \/>\n<strong>K\u013e\u00fa\u010dov\u00e9 slov\u00e1:<\/strong>\u00a0priama demokracia, zastupite\u013esk\u00e1 demokracia, vo\u013eby, politick\u00e9 pr\u00e1va, princ\u00edp suverenity \u013eudu, referendum<\/p>\n<p><a href=\"https:\/\/veda.polac.cz\/?page_id=916\">03\/2013<\/a><\/p>\n","protected":false},"excerpt":{"rendered":"<p>Resum\u00e9 \u010dl\u00e1nku Demokracia a jej formy (v podmienkach Slovenskej republiky) doc. JUDr. Klaudia Marczyov\u00e1, PhD. Autorka sa v danej \u0161t\u00fadii zaober\u00e1 mo\u017enos\u0165ami ob\u010danov podie\u013ea\u0165 sa na v\u00fdkone \u0161t\u00e1tnej moci, vych\u00e1dzaj\u00fac zo z\u00e1kladn\u00fdch demokratick\u00fdch princ\u00edpov. Pozornos\u0165 je zameran\u00e1 na vybran\u00e9 alternat\u00edvy (priamu a nepriamu formu demokracie) a anal\u00fdzu niektor\u00fdch ot\u00e1zok, s vyvoden\u00edm z\u00e1verov ich uplat\u0148ovania ob\u010danmi [&hellip;]<\/p>\n","protected":false},"author":2,"featured_media":0,"parent":916,"menu_order":3,"comment_status":"closed","ping_status":"closed","template":"","meta":{"footnotes":""},"class_list":["post-932","page","type-page","status-publish","hentry"],"_links":{"self":[{"href":"https:\/\/veda.polac.cz\/index.php?rest_route=\/wp\/v2\/pages\/932","targetHints":{"allow":["GET"]}}],"collection":[{"href":"https:\/\/veda.polac.cz\/index.php?rest_route=\/wp\/v2\/pages"}],"about":[{"href":"https:\/\/veda.polac.cz\/index.php?rest_route=\/wp\/v2\/types\/page"}],"author":[{"embeddable":true,"href":"https:\/\/veda.polac.cz\/index.php?rest_route=\/wp\/v2\/users\/2"}],"replies":[{"embeddable":true,"href":"https:\/\/veda.polac.cz\/index.php?rest_route=%2Fwp%2Fv2%2Fcomments&post=932"}],"version-history":[{"count":2,"href":"https:\/\/veda.polac.cz\/index.php?rest_route=\/wp\/v2\/pages\/932\/revisions"}],"predecessor-version":[{"id":961,"href":"https:\/\/veda.polac.cz\/index.php?rest_route=\/wp\/v2\/pages\/932\/revisions\/961"}],"up":[{"embeddable":true,"href":"https:\/\/veda.polac.cz\/index.php?rest_route=\/wp\/v2\/pages\/916"}],"wp:attachment":[{"href":"https:\/\/veda.polac.cz\/index.php?rest_route=%2Fwp%2Fv2%2Fmedia&parent=932"}],"curies":[{"name":"wp","href":"https:\/\/api.w.org\/{rel}","templated":true}]}}