{"id":916,"date":"2018-09-13T21:56:12","date_gmt":"2018-09-13T21:56:12","guid":{"rendered":"http:\/\/veda.polac.cz\/?page_id=916"},"modified":"2019-04-18T10:46:50","modified_gmt":"2019-04-18T10:46:50","slug":"03-2013","status":"publish","type":"page","link":"https:\/\/veda.polac.cz\/?page_id=916","title":{"rendered":"03\/2013"},"content":{"rendered":"<p><a href=\"https:\/\/veda.polac.cz\/?page_id=913\"><strong>K\u013e\u00fa\u010dov\u00e9 faktory \u00faspechu policajnej organiz\u00e1cie <\/strong><\/a><br \/>\ndoc. Ing., \u013dubica Bari\u010di\u010dov\u00e1, PhD., Ing. Monika Pajpachov\u00e1, PhD.<\/p>\n<hr \/>\n<p><a href=\"https:\/\/veda.polac.cz\/?page_id=930\"><strong>Mezin\u00e1rodn\u00ed srovn\u00e1n\u00ed stavu a trend\u016f v\u00fdvoje kriminality (star\u00e9 a nov\u00e9 probl\u00e9my s jeho vypov\u00eddac\u00ed hodnotou) <\/strong><\/a><br \/>\nPhDr. Alena Mare\u0161ov\u00e1, Ph.D.<\/p>\n<hr \/>\n<p><a href=\"https:\/\/veda.polac.cz\/?page_id=932\"><strong>Demokracia a jej formy (v podmienkach Slovenskej republiky) <\/strong><\/a><br \/>\ndoc. JUDr. Klaudia Marczyov\u00e1, PhD.<\/p>\n<hr \/>\n<p><a href=\"https:\/\/veda.polac.cz\/?page_id=934\"><strong>N\u011bkter\u00e9 p\u0159estupky proti ob\u010dansk\u00e9mu sou\u017eit\u00ed a obdobn\u00e9 trestn\u00e9 \u010diny <\/strong><\/a><br \/>\ndoc. JUDr. Eva Horzinkov\u00e1, Ph.D., Ing. Kl\u00e1ra Horzinkov\u00e1<\/p>\n<hr \/>\n<p><a href=\"https:\/\/veda.polac.cz\/?page_id=936\"><strong>Datov\u00e9 schr\u00e1nky v reflexi spr\u00e1vn\u011b-pr\u00e1vn\u00ed praxe &#8211; 4 roky pot\u00e9 <\/strong><\/a><br \/>\nJUDr. Zden\u011bk Fiala, Ph.D.<\/p>\n<hr \/>\n<p><a href=\"https:\/\/veda.polac.cz\/?page_id=938\"><strong>Elektronick\u00e1 pod\u00e1n\u00ed (nejen) v\u016f\u010di spr\u00e1vn\u00edm org\u00e1n\u016fm ve sv\u011btle soudn\u00ed judikatury<\/strong><\/a><br \/>\nJUDr. Zden\u011bk Fiala, Ph.D.<\/p>\n<hr \/>\n<p><a href=\"https:\/\/veda.polac.cz\/?page_id=940\"><strong>Kybergrooming (1. \u010d\u00e1st) <\/strong><\/a><br \/>\nBc. Lenka Klivandov\u00e1, Mgr. Luk\u00e1\u0161 Urban, Ph.D.<\/p>\n<hr \/>\n<p><a href=\"https:\/\/veda.polac.cz\/?page_id=942\"><strong>Uplatn\u011bn\u00ed znalostn\u00edho managementu ve ve\u0159ejn\u00e9m sektoru a v policejn\u00edch sborech <\/strong><\/a><br \/>\nIng. Dana Junkov\u00e1<\/p>\n<hr \/>\n<p><a href=\"https:\/\/veda.polac.cz\/?page_id=944\"><strong>Vstupn\u00e1 anal\u00fdza medzin\u00e1rodnej vedecko-v\u00fdskumnej \u00falohy &#8222;Znalec v pr\u00edpravnom konan\u00ed&#8220; <\/strong><\/a><br \/>\nprof. JUDr. Mgr. Jana Viktoryov\u00e1, PhD., JUDr. Jaroslav Blatnick\u00fd, PhD., JUDr. \u0160tefan Ko\u010dan, PhD.<\/p>\n<hr \/>\n<p><a href=\"https:\/\/veda.polac.cz\/?page_id=946\"><strong>Charakteristika a mo\u017enosti pozn\u00e1vania relevantnej bezpe\u010dnostnej udalosti <\/strong><\/a><br \/>\ndoc. Ing. Pavol August\u00edn, CSc.<\/p>\n<hr \/>\n<p><a href=\"https:\/\/veda.polac.cz\/?page_id=949\"><strong>Postup pr\u00edslu\u0161n\u00edkov Po\u013eskej policie na mieste udalosti (trestn\u00e9ho \u010dinu). \u00davodn\u00e9 zabezpe\u010dovacie \u010dinnosti. Anal\u00fdza v\u00fdsledkov vlastn\u00edho v\u00fdskumu <\/strong><\/a><br \/>\ndoc. PhDr. Jacek Dworzecki, PhD.<\/p>\n<hr \/>\n<p><a href=\"https:\/\/veda.polac.cz\/?page_id=951\"><strong>Antikonfliktn\u00ed t\u00fdmy a ve\u0159ejn\u00e1 shrom\u00e1\u017ed\u011bn\u00ed extremistick\u00fdch skupin <\/strong><\/a><br \/>\npplk. Mgr. Barbora Vegrichtov\u00e1, MBA<\/p>\n<hr \/>\n<p><strong>Zpr\u00e1va o pr\u016fb\u011bhu 15. ro\u010dn\u00edku konference &#8222;Informa\u010dn\u00ed a telekomunika\u010dn\u00ed technologie&#8220; (ITTE 2013) <\/strong><br \/>\ndoc. RNDr. Josef Po\u017e\u00e1r, CSc., Ing. Milan Kn\u00fd, CSc, Mgr. Old\u0159ich Krul\u00edk, Ph.D.<\/p>\n<hr \/>\n<p><a href=\"https:\/\/veda.polac.cz\/?page_id=235\">Zp\u011bt<\/a><\/p>\n","protected":false},"excerpt":{"rendered":"<p>K\u013e\u00fa\u010dov\u00e9 faktory \u00faspechu policajnej organiz\u00e1cie doc. Ing., \u013dubica Bari\u010di\u010dov\u00e1, PhD., Ing. Monika Pajpachov\u00e1, PhD. Mezin\u00e1rodn\u00ed srovn\u00e1n\u00ed stavu a trend\u016f v\u00fdvoje kriminality (star\u00e9 a nov\u00e9 probl\u00e9my s jeho vypov\u00eddac\u00ed hodnotou) PhDr. Alena Mare\u0161ov\u00e1, Ph.D. Demokracia a jej formy (v podmienkach Slovenskej republiky) doc. JUDr. Klaudia Marczyov\u00e1, PhD. N\u011bkter\u00e9 p\u0159estupky proti ob\u010dansk\u00e9mu sou\u017eit\u00ed a obdobn\u00e9 trestn\u00e9 \u010diny [&hellip;]<\/p>\n","protected":false},"author":2,"featured_media":0,"parent":235,"menu_order":14,"comment_status":"closed","ping_status":"closed","template":"","meta":{"footnotes":""},"class_list":["post-916","page","type-page","status-publish","hentry"],"_links":{"self":[{"href":"https:\/\/veda.polac.cz\/index.php?rest_route=\/wp\/v2\/pages\/916","targetHints":{"allow":["GET"]}}],"collection":[{"href":"https:\/\/veda.polac.cz\/index.php?rest_route=\/wp\/v2\/pages"}],"about":[{"href":"https:\/\/veda.polac.cz\/index.php?rest_route=\/wp\/v2\/types\/page"}],"author":[{"embeddable":true,"href":"https:\/\/veda.polac.cz\/index.php?rest_route=\/wp\/v2\/users\/2"}],"replies":[{"embeddable":true,"href":"https:\/\/veda.polac.cz\/index.php?rest_route=%2Fwp%2Fv2%2Fcomments&post=916"}],"version-history":[{"count":3,"href":"https:\/\/veda.polac.cz\/index.php?rest_route=\/wp\/v2\/pages\/916\/revisions"}],"predecessor-version":[{"id":2634,"href":"https:\/\/veda.polac.cz\/index.php?rest_route=\/wp\/v2\/pages\/916\/revisions\/2634"}],"up":[{"embeddable":true,"href":"https:\/\/veda.polac.cz\/index.php?rest_route=\/wp\/v2\/pages\/235"}],"wp:attachment":[{"href":"https:\/\/veda.polac.cz\/index.php?rest_route=%2Fwp%2Fv2%2Fmedia&parent=916"}],"curies":[{"name":"wp","href":"https:\/\/api.w.org\/{rel}","templated":true}]}}