{"id":913,"date":"2018-09-13T21:58:46","date_gmt":"2018-09-13T21:58:46","guid":{"rendered":"http:\/\/veda.polac.cz\/?page_id=913"},"modified":"2018-10-27T18:56:09","modified_gmt":"2018-10-27T18:56:09","slug":"1-2","status":"publish","type":"page","link":"https:\/\/veda.polac.cz\/?page_id=913","title":{"rendered":""},"content":{"rendered":"<p style=\"text-align: center;\">Resum\u00e9 \u010dl\u00e1nku<\/p>\n<p><strong>K\u013e\u00fa\u010dov\u00e9 faktory \u00faspechu policajnej organiz\u00e1cie<br \/>\n<\/strong><i>doc. Ing. \u013dubica Bari\u010di\u010dov\u00e1, PhD., Ing. Monika Pajpachov\u00e1, PhD.<\/i><\/p>\n<p>V centre pozornosti autoriek \u0161t\u00fadie stoja intern\u00e9 determinanty riadenia, na ktor\u00fdch m\u00f4\u017ee policajn\u00e1 organiz\u00e1cia zalo\u017ei\u0165 svoje \u00faspe\u0161n\u00e9 fungovanie a rozvoj. K\u013e\u00fa\u010dov\u00fdm predpokladom zabezpe\u010denia prosperity a dosiahnutia \u00faspechu policajnej organiz\u00e1cie pri plnen\u00ed n\u00e1ro\u010dn\u00fdch \u00faloh je toti\u017e zladenie jednotliv\u00fdch komponentov tvoriacich s\u00fa\u010das\u0165 syst\u00e9mu Policajn\u00e9ho zboru do efekt\u00edvne funguj\u00faceho celku. Pozornos\u0165 tak treba venova\u0165 nielen tvrd\u00fdm faktorom \u00faspechu policajnej organiz\u00e1cie ale aj &#8211; a to predov\u0161etk\u00fdm &#8211; m\u00e4kk\u00fdm faktorom, od ktor\u00fdch vo ve\u013ekej miere z\u00e1vis\u00ed celkov\u00e1 v\u00fdkonnos\u0165 a kone\u010dn\u00fd \u00faspech \u010di ne\u00faspech organiz\u00e1cie.<br \/>\nJednou z mo\u017enost\u00ed dosahovania trval\u00e9ho \u00faspechu policajnej organiz\u00e1cie je nepretr\u017eit\u00e9 monitorovanie a pravideln\u00e9 analyzovanie jej vn\u00fatorn\u00e9ho prostredia, ktor\u00e9 je mo\u017en\u00e9 zabezpe\u010di\u0165 napr\u00edklad prostredn\u00edctvom realiz\u00e1cie prieskumu v policajnom prostred\u00ed.<br \/>\nZ tohto poh\u013eadu \u0161t\u00fadia prezentuje v\u00fdsledky hodnotenia vybran\u00fdch faktorov \u00faspechu v policajnej organiz\u00e1cii z\u00edskan\u00fdch prostredn\u00edctvom pilotn\u00e9ho projektu, ktor\u00fd sa realizoval na Katedre informatiky a mana\u017ementu Akad\u00e9mie Policajn\u00e9ho zboru v Bratislave v r\u00e1mci vedeckov\u00fdskumnej \u00falohy V\u00fdsk. 185 so zameran\u00edm na Faktory \u00faspechu policajnej organiz\u00e1cie.<br \/>\n<strong>K\u013e\u00fa\u010dov\u00e9 slov\u00e1:<\/strong>\u00a0\u00faspech, policajn\u00e1 organiz\u00e1cia, model 7 S, hodnotenie vybran\u00fdch k\u013e\u00fa\u010dov\u00fdch faktorov \u00faspechu.<i><br \/>\n<\/i><\/p>\n<p><a href=\"https:\/\/veda.polac.cz\/?page_id=916\">03\/2013<\/a><\/p>\n","protected":false},"excerpt":{"rendered":"<p>Resum\u00e9 \u010dl\u00e1nku K\u013e\u00fa\u010dov\u00e9 faktory \u00faspechu policajnej organiz\u00e1cie doc. Ing. \u013dubica Bari\u010di\u010dov\u00e1, PhD., Ing. Monika Pajpachov\u00e1, PhD. V centre pozornosti autoriek \u0161t\u00fadie stoja intern\u00e9 determinanty riadenia, na ktor\u00fdch m\u00f4\u017ee policajn\u00e1 organiz\u00e1cia zalo\u017ei\u0165 svoje \u00faspe\u0161n\u00e9 fungovanie a rozvoj. K\u013e\u00fa\u010dov\u00fdm predpokladom zabezpe\u010denia prosperity a dosiahnutia \u00faspechu policajnej organiz\u00e1cie pri plnen\u00ed n\u00e1ro\u010dn\u00fdch \u00faloh je toti\u017e zladenie jednotliv\u00fdch komponentov tvoriacich [&hellip;]<\/p>\n","protected":false},"author":2,"featured_media":0,"parent":916,"menu_order":1,"comment_status":"closed","ping_status":"closed","template":"","meta":{"footnotes":""},"class_list":["post-913","page","type-page","status-publish","hentry"],"_links":{"self":[{"href":"https:\/\/veda.polac.cz\/index.php?rest_route=\/wp\/v2\/pages\/913","targetHints":{"allow":["GET"]}}],"collection":[{"href":"https:\/\/veda.polac.cz\/index.php?rest_route=\/wp\/v2\/pages"}],"about":[{"href":"https:\/\/veda.polac.cz\/index.php?rest_route=\/wp\/v2\/types\/page"}],"author":[{"embeddable":true,"href":"https:\/\/veda.polac.cz\/index.php?rest_route=\/wp\/v2\/users\/2"}],"replies":[{"embeddable":true,"href":"https:\/\/veda.polac.cz\/index.php?rest_route=%2Fwp%2Fv2%2Fcomments&post=913"}],"version-history":[{"count":3,"href":"https:\/\/veda.polac.cz\/index.php?rest_route=\/wp\/v2\/pages\/913\/revisions"}],"predecessor-version":[{"id":959,"href":"https:\/\/veda.polac.cz\/index.php?rest_route=\/wp\/v2\/pages\/913\/revisions\/959"}],"up":[{"embeddable":true,"href":"https:\/\/veda.polac.cz\/index.php?rest_route=\/wp\/v2\/pages\/916"}],"wp:attachment":[{"href":"https:\/\/veda.polac.cz\/index.php?rest_route=%2Fwp%2Fv2%2Fmedia&parent=913"}],"curies":[{"name":"wp","href":"https:\/\/api.w.org\/{rel}","templated":true}]}}