{"id":911,"date":"2018-09-13T21:50:50","date_gmt":"2018-09-13T21:50:50","guid":{"rendered":"http:\/\/veda.polac.cz\/?page_id=911"},"modified":"2018-10-27T19:01:42","modified_gmt":"2018-10-27T19:01:42","slug":"10-2","status":"publish","type":"page","link":"https:\/\/veda.polac.cz\/?page_id=911","title":{"rendered":""},"content":{"rendered":"<p style=\"text-align: center;\">Resum\u00e9 \u010dl\u00e1nku<\/p>\n<p><strong>Rozvoj policajnej psychol\u00f3gie<br \/>\n<\/strong><i>prof. PhDr. J\u00e1n \u010cech, CSc.<\/p>\n<p><\/i>\u0160t\u00fadia sa zaober\u00e1 medzn\u00edkmi, predstavite\u013emi a in\u0161tit\u00faciami spojen\u00fdmi s rozvojom policajnej psychol\u00f3gie v zahrani\u010d\u00ed i v dom\u00e1com \u010deskom a slovenskom prostred\u00ed. V pr\u00e1ci je venovan\u00fd priestor zameraniu policajnej psychol\u00f3gie a vplyvu pon\u00edmania policajnej \u010dinnosti na jej rozvoj, \u017eiad\u00facim vlastnostiam policajta a vplyvom transform\u00e1cie spolo\u010dnosti. Policajn\u00e1 psychol\u00f3gia sa ch\u00e1pe ako aplikovan\u00e1 psychologick\u00e1 veda. V z\u00e1vere \u0161t\u00fadie je preh\u013ead publikovan\u00fdch t\u00e9m rie\u0161en\u00fdch policajnou psychol\u00f3giou v zahrani\u010d\u00ed.<br \/>\n<strong>K\u013e\u00fa\u010dov\u00e9 slov\u00e1:<\/strong>\u00a0policajn\u00e1 psychol\u00f3gia, policajn\u00e1 psychol\u00f3gia &#8211; rozvoj, policajn\u00e1 psychol\u00f3gia &#8211; predstavitelia.<i><br \/>\n<\/i><\/p>\n<p><a href=\"https:\/\/veda.polac.cz\/?page_id=891\">04\/2013<\/a><\/p>\n","protected":false},"excerpt":{"rendered":"<p>Resum\u00e9 \u010dl\u00e1nku Rozvoj policajnej psychol\u00f3gie prof. PhDr. J\u00e1n \u010cech, CSc. \u0160t\u00fadia sa zaober\u00e1 medzn\u00edkmi, predstavite\u013emi a in\u0161tit\u00faciami spojen\u00fdmi s rozvojom policajnej psychol\u00f3gie v zahrani\u010d\u00ed i v dom\u00e1com \u010deskom a slovenskom prostred\u00ed. V pr\u00e1ci je venovan\u00fd priestor zameraniu policajnej psychol\u00f3gie a vplyvu pon\u00edmania policajnej \u010dinnosti na jej rozvoj, \u017eiad\u00facim vlastnostiam policajta a vplyvom transform\u00e1cie spolo\u010dnosti. Policajn\u00e1 [&hellip;]<\/p>\n","protected":false},"author":2,"featured_media":0,"parent":891,"menu_order":10,"comment_status":"closed","ping_status":"closed","template":"","meta":{"footnotes":""},"class_list":["post-911","page","type-page","status-publish","hentry"],"_links":{"self":[{"href":"https:\/\/veda.polac.cz\/index.php?rest_route=\/wp\/v2\/pages\/911","targetHints":{"allow":["GET"]}}],"collection":[{"href":"https:\/\/veda.polac.cz\/index.php?rest_route=\/wp\/v2\/pages"}],"about":[{"href":"https:\/\/veda.polac.cz\/index.php?rest_route=\/wp\/v2\/types\/page"}],"author":[{"embeddable":true,"href":"https:\/\/veda.polac.cz\/index.php?rest_route=\/wp\/v2\/users\/2"}],"replies":[{"embeddable":true,"href":"https:\/\/veda.polac.cz\/index.php?rest_route=%2Fwp%2Fv2%2Fcomments&post=911"}],"version-history":[{"count":2,"href":"https:\/\/veda.polac.cz\/index.php?rest_route=\/wp\/v2\/pages\/911\/revisions"}],"predecessor-version":[{"id":929,"href":"https:\/\/veda.polac.cz\/index.php?rest_route=\/wp\/v2\/pages\/911\/revisions\/929"}],"up":[{"embeddable":true,"href":"https:\/\/veda.polac.cz\/index.php?rest_route=\/wp\/v2\/pages\/891"}],"wp:attachment":[{"href":"https:\/\/veda.polac.cz\/index.php?rest_route=%2Fwp%2Fv2%2Fmedia&parent=911"}],"curies":[{"name":"wp","href":"https:\/\/api.w.org\/{rel}","templated":true}]}}