{"id":909,"date":"2018-09-13T21:49:55","date_gmt":"2018-09-13T21:49:55","guid":{"rendered":"http:\/\/veda.polac.cz\/?page_id=909"},"modified":"2018-10-27T19:01:42","modified_gmt":"2018-10-27T19:01:42","slug":"9-2","status":"publish","type":"page","link":"https:\/\/veda.polac.cz\/?page_id=909","title":{"rendered":""},"content":{"rendered":"<p style=\"text-align: center;\">Resum\u00e9 \u010dl\u00e1nku<\/p>\n<p><strong>Z\u00e1kladn\u00ed bezpe\u010dnostn\u00ed chyby v internetov\u00fdch obchodech<br \/>\n<\/strong><i>Ing. Pavel Hrdli\u010dka, Ph.D.<\/p>\n<p><\/i>\u010cl\u00e1nek identifikuje z\u00e1kladn\u00ed bezpe\u010dnostn\u00ed chyby, kter\u00fdch se dopou\u0161t\u011bj\u00ed provozovatel\u00e9 internetov\u00fdch obchod\u016f. V\u00fdsledkem je identifikace 6 z\u00e1kladn\u00edch bezpe\u010dnostn\u00edch chyb a prok\u00e1z\u00e1n\u00ed 3 chyb ve funguj\u00edc\u00edm internetov\u00e9m obchod\u011b.<br \/>\n<strong>Kl\u00ed\u010dov\u00e1 slova:<\/strong>\u00a0ochrana dat, zabezpe\u010den\u00ed internetov\u00e9ho obchodu, hacking, malware, bezpe\u010dnost open source, osobn\u00ed \u00fadaje.<i><br \/>\n<\/i><\/p>\n<p><a href=\"https:\/\/veda.polac.cz\/?page_id=891\">04\/2013<\/a><\/p>\n","protected":false},"excerpt":{"rendered":"<p>Resum\u00e9 \u010dl\u00e1nku Z\u00e1kladn\u00ed bezpe\u010dnostn\u00ed chyby v internetov\u00fdch obchodech Ing. Pavel Hrdli\u010dka, Ph.D. \u010cl\u00e1nek identifikuje z\u00e1kladn\u00ed bezpe\u010dnostn\u00ed chyby, kter\u00fdch se dopou\u0161t\u011bj\u00ed provozovatel\u00e9 internetov\u00fdch obchod\u016f. V\u00fdsledkem je identifikace 6 z\u00e1kladn\u00edch bezpe\u010dnostn\u00edch chyb a prok\u00e1z\u00e1n\u00ed 3 chyb ve funguj\u00edc\u00edm internetov\u00e9m obchod\u011b. Kl\u00ed\u010dov\u00e1 slova:\u00a0ochrana dat, zabezpe\u010den\u00ed internetov\u00e9ho obchodu, hacking, malware, bezpe\u010dnost open source, osobn\u00ed \u00fadaje. 04\/2013<\/p>\n","protected":false},"author":2,"featured_media":0,"parent":891,"menu_order":9,"comment_status":"closed","ping_status":"closed","template":"","meta":{"footnotes":""},"class_list":["post-909","page","type-page","status-publish","hentry"],"_links":{"self":[{"href":"https:\/\/veda.polac.cz\/index.php?rest_route=\/wp\/v2\/pages\/909","targetHints":{"allow":["GET"]}}],"collection":[{"href":"https:\/\/veda.polac.cz\/index.php?rest_route=\/wp\/v2\/pages"}],"about":[{"href":"https:\/\/veda.polac.cz\/index.php?rest_route=\/wp\/v2\/types\/page"}],"author":[{"embeddable":true,"href":"https:\/\/veda.polac.cz\/index.php?rest_route=\/wp\/v2\/users\/2"}],"replies":[{"embeddable":true,"href":"https:\/\/veda.polac.cz\/index.php?rest_route=%2Fwp%2Fv2%2Fcomments&post=909"}],"version-history":[{"count":2,"href":"https:\/\/veda.polac.cz\/index.php?rest_route=\/wp\/v2\/pages\/909\/revisions"}],"predecessor-version":[{"id":928,"href":"https:\/\/veda.polac.cz\/index.php?rest_route=\/wp\/v2\/pages\/909\/revisions\/928"}],"up":[{"embeddable":true,"href":"https:\/\/veda.polac.cz\/index.php?rest_route=\/wp\/v2\/pages\/891"}],"wp:attachment":[{"href":"https:\/\/veda.polac.cz\/index.php?rest_route=%2Fwp%2Fv2%2Fmedia&parent=909"}],"curies":[{"name":"wp","href":"https:\/\/api.w.org\/{rel}","templated":true}]}}