{"id":907,"date":"2018-09-13T21:48:51","date_gmt":"2018-09-13T21:48:51","guid":{"rendered":"http:\/\/veda.polac.cz\/?page_id=907"},"modified":"2018-10-27T18:54:12","modified_gmt":"2018-10-27T18:54:12","slug":"8-2","status":"publish","type":"page","link":"https:\/\/veda.polac.cz\/?page_id=907","title":{"rendered":""},"content":{"rendered":"<p style=\"text-align: center;\">Resum\u00e9 \u010dl\u00e1nku<\/p>\n<p><strong>V\u00fdvoj kriminalistick\u00fdch aspekt\u016f v trestn\u00edm pr\u00e1vu procesn\u00edm<br \/>\n<\/strong><i>plk. JUDr. Franti\u0161ek Vavera, Ph.D.<\/p>\n<p><\/i>Kriminalistika d\u00e1v\u00e1 trestn\u00edmu pr\u00e1vu v\u011bdecky podlo\u017een\u00e9 metody, kter\u00e9 lze vyu\u017e\u00edt v r\u00e1mci trestn\u00edho procesu p\u0159i prov\u011b\u0159ov\u00e1n\u00ed, vy\u0161et\u0159ov\u00e1n\u00ed a v pr\u016fb\u011bhu soudu. Kriminalistika a trestn\u00ed pr\u00e1vo se st\u00e1le vyv\u00edj\u00ed, jedn\u00e1 se o dynamick\u00fd proces jak v oblasti technick\u00fdch v\u011bdy, forenzn\u00edch v\u011bd, ale i pr\u00e1vn\u00edch v\u011bd. Tento v\u00fdvoj se sna\u017e\u00ed autor v \u010dl\u00e1nku postihnout.<br \/>\n<strong>Kl\u00ed\u010dov\u00e1 slova:<\/strong>\u00a0kriminalistika, trestn\u00ed pr\u00e1vo procesn\u00ed, v\u00fdvoj.<\/p>\n<p><a href=\"https:\/\/veda.polac.cz\/?page_id=891\">04\/2013<\/a><\/p>\n","protected":false},"excerpt":{"rendered":"<p>Resum\u00e9 \u010dl\u00e1nku V\u00fdvoj kriminalistick\u00fdch aspekt\u016f v trestn\u00edm pr\u00e1vu procesn\u00edm plk. JUDr. Franti\u0161ek Vavera, Ph.D. Kriminalistika d\u00e1v\u00e1 trestn\u00edmu pr\u00e1vu v\u011bdecky podlo\u017een\u00e9 metody, kter\u00e9 lze vyu\u017e\u00edt v r\u00e1mci trestn\u00edho procesu p\u0159i prov\u011b\u0159ov\u00e1n\u00ed, vy\u0161et\u0159ov\u00e1n\u00ed a v pr\u016fb\u011bhu soudu. Kriminalistika a trestn\u00ed pr\u00e1vo se st\u00e1le vyv\u00edj\u00ed, jedn\u00e1 se o dynamick\u00fd proces jak v oblasti technick\u00fdch v\u011bdy, forenzn\u00edch v\u011bd, ale [&hellip;]<\/p>\n","protected":false},"author":2,"featured_media":0,"parent":891,"menu_order":8,"comment_status":"closed","ping_status":"closed","template":"","meta":{"footnotes":""},"class_list":["post-907","page","type-page","status-publish","hentry"],"_links":{"self":[{"href":"https:\/\/veda.polac.cz\/index.php?rest_route=\/wp\/v2\/pages\/907","targetHints":{"allow":["GET"]}}],"collection":[{"href":"https:\/\/veda.polac.cz\/index.php?rest_route=\/wp\/v2\/pages"}],"about":[{"href":"https:\/\/veda.polac.cz\/index.php?rest_route=\/wp\/v2\/types\/page"}],"author":[{"embeddable":true,"href":"https:\/\/veda.polac.cz\/index.php?rest_route=\/wp\/v2\/users\/2"}],"replies":[{"embeddable":true,"href":"https:\/\/veda.polac.cz\/index.php?rest_route=%2Fwp%2Fv2%2Fcomments&post=907"}],"version-history":[{"count":2,"href":"https:\/\/veda.polac.cz\/index.php?rest_route=\/wp\/v2\/pages\/907\/revisions"}],"predecessor-version":[{"id":927,"href":"https:\/\/veda.polac.cz\/index.php?rest_route=\/wp\/v2\/pages\/907\/revisions\/927"}],"up":[{"embeddable":true,"href":"https:\/\/veda.polac.cz\/index.php?rest_route=\/wp\/v2\/pages\/891"}],"wp:attachment":[{"href":"https:\/\/veda.polac.cz\/index.php?rest_route=%2Fwp%2Fv2%2Fmedia&parent=907"}],"curies":[{"name":"wp","href":"https:\/\/api.w.org\/{rel}","templated":true}]}}