{"id":903,"date":"2018-09-13T21:46:54","date_gmt":"2018-09-13T21:46:54","guid":{"rendered":"http:\/\/veda.polac.cz\/?page_id=903"},"modified":"2018-10-27T18:54:12","modified_gmt":"2018-10-27T18:54:12","slug":"6-2","status":"publish","type":"page","link":"https:\/\/veda.polac.cz\/?page_id=903","title":{"rendered":""},"content":{"rendered":"<p style=\"text-align: center;\">Resum\u00e9 \u010dl\u00e1nku<\/p>\n<p><strong>Biologick\u00fd terorismus &#8211; extrapolace bezpe\u010dnostn\u00ed hrozby<br \/>\n<\/strong><i>Mgr. Jakub Drmola<\/p>\n<p><\/i>C\u00edlem tohoto textu je prozkoumat biologick\u00fd terorismus. Prvn\u00ed \u010d\u00e1st pr\u00e1ce se v\u011bnuje vymezen\u00ed t\u00e9matu, zat\u00edmco druh\u00e1 ji\u017e rozeb\u00edr\u00e1 konkr\u00e9tn\u00ed biologick\u00e9 \u00fatoky. Tyto informace jsou n\u00e1sledn\u011b kriticky zhodnoceny a jsou z nich vyvozeny z\u00e1v\u011bry o povaze a celkov\u00e9 z\u00e1va\u017enosti hrozby biologick\u00e9ho terorismu.<br \/>\n<strong>Kl\u00ed\u010dov\u00e1 slova:<\/strong>\u00a0terorismus, biologick\u00e9 zbran\u011b, Ra\u017en\u00ed\u0161, \u00d3m \u0161inrikj\u00f3, Bruce Ivins.<i><br \/>\n<\/i><\/p>\n<p><a href=\"https:\/\/veda.polac.cz\/?page_id=891\">04\/2013<\/a><\/p>\n","protected":false},"excerpt":{"rendered":"<p>Resum\u00e9 \u010dl\u00e1nku Biologick\u00fd terorismus &#8211; extrapolace bezpe\u010dnostn\u00ed hrozby Mgr. Jakub Drmola C\u00edlem tohoto textu je prozkoumat biologick\u00fd terorismus. Prvn\u00ed \u010d\u00e1st pr\u00e1ce se v\u011bnuje vymezen\u00ed t\u00e9matu, zat\u00edmco druh\u00e1 ji\u017e rozeb\u00edr\u00e1 konkr\u00e9tn\u00ed biologick\u00e9 \u00fatoky. Tyto informace jsou n\u00e1sledn\u011b kriticky zhodnoceny a jsou z nich vyvozeny z\u00e1v\u011bry o povaze a celkov\u00e9 z\u00e1va\u017enosti hrozby biologick\u00e9ho terorismu. Kl\u00ed\u010dov\u00e1 slova:\u00a0terorismus, biologick\u00e9 [&hellip;]<\/p>\n","protected":false},"author":2,"featured_media":0,"parent":891,"menu_order":6,"comment_status":"closed","ping_status":"closed","template":"","meta":{"footnotes":""},"class_list":["post-903","page","type-page","status-publish","hentry"],"_links":{"self":[{"href":"https:\/\/veda.polac.cz\/index.php?rest_route=\/wp\/v2\/pages\/903","targetHints":{"allow":["GET"]}}],"collection":[{"href":"https:\/\/veda.polac.cz\/index.php?rest_route=\/wp\/v2\/pages"}],"about":[{"href":"https:\/\/veda.polac.cz\/index.php?rest_route=\/wp\/v2\/types\/page"}],"author":[{"embeddable":true,"href":"https:\/\/veda.polac.cz\/index.php?rest_route=\/wp\/v2\/users\/2"}],"replies":[{"embeddable":true,"href":"https:\/\/veda.polac.cz\/index.php?rest_route=%2Fwp%2Fv2%2Fcomments&post=903"}],"version-history":[{"count":2,"href":"https:\/\/veda.polac.cz\/index.php?rest_route=\/wp\/v2\/pages\/903\/revisions"}],"predecessor-version":[{"id":925,"href":"https:\/\/veda.polac.cz\/index.php?rest_route=\/wp\/v2\/pages\/903\/revisions\/925"}],"up":[{"embeddable":true,"href":"https:\/\/veda.polac.cz\/index.php?rest_route=\/wp\/v2\/pages\/891"}],"wp:attachment":[{"href":"https:\/\/veda.polac.cz\/index.php?rest_route=%2Fwp%2Fv2%2Fmedia&parent=903"}],"curies":[{"name":"wp","href":"https:\/\/api.w.org\/{rel}","templated":true}]}}