{"id":901,"date":"2018-09-13T21:45:37","date_gmt":"2018-09-13T21:45:37","guid":{"rendered":"http:\/\/veda.polac.cz\/?page_id=901"},"modified":"2018-10-27T18:54:12","modified_gmt":"2018-10-27T18:54:12","slug":"5-2","status":"publish","type":"page","link":"https:\/\/veda.polac.cz\/?page_id=901","title":{"rendered":""},"content":{"rendered":"<p style=\"text-align: center;\">Resum\u00e9 \u010dl\u00e1nku<\/p>\n<p><strong>Syndrom \u00famrt\u00ed po zadr\u017een\u00ed<br \/>\n<\/strong><i>pplk. Mgr. Tom\u00e1\u0161 Novotn\u00fd<\/p>\n<p><\/i>\u010cl\u00e1nek se zab\u00fdv\u00e1 novodob\u00fdm jevem, syndromem \u00famrt\u00ed p\u0159i zadr\u017een\u00ed. C\u00edlem \u010dl\u00e1nku je pouk\u00e1zat na aspekty tohoto jevu a t\u00edm i nazna\u010dit mo\u017en\u00e9 v\u010dasn\u00e9 rozpozn\u00e1n\u00ed a p\u0159edch\u00e1zen\u00ed tohoto \u017eivot a zdrav\u00ed ohro\u017euj\u00edc\u00edho jevu. V \u010dl\u00e1nku jsou tak\u00e9 poprv\u00e9 publikov\u00e1na data za \u010ceskou republiku.<br \/>\n<strong>Kl\u00ed\u010dov\u00e1 slova:<\/strong>\u00a0syndrom \u00famrt\u00ed p\u0159i zadr\u017een\u00ed, polohov\u00e9 du\u0161en\u00ed, syndrom vybuzen\u00e9ho deliria.<\/p>\n<p><a href=\"https:\/\/veda.polac.cz\/?page_id=891\">04\/2013<\/a><\/p>\n","protected":false},"excerpt":{"rendered":"<p>Resum\u00e9 \u010dl\u00e1nku Syndrom \u00famrt\u00ed po zadr\u017een\u00ed pplk. Mgr. Tom\u00e1\u0161 Novotn\u00fd \u010cl\u00e1nek se zab\u00fdv\u00e1 novodob\u00fdm jevem, syndromem \u00famrt\u00ed p\u0159i zadr\u017een\u00ed. C\u00edlem \u010dl\u00e1nku je pouk\u00e1zat na aspekty tohoto jevu a t\u00edm i nazna\u010dit mo\u017en\u00e9 v\u010dasn\u00e9 rozpozn\u00e1n\u00ed a p\u0159edch\u00e1zen\u00ed tohoto \u017eivot a zdrav\u00ed ohro\u017euj\u00edc\u00edho jevu. V \u010dl\u00e1nku jsou tak\u00e9 poprv\u00e9 publikov\u00e1na data za \u010ceskou republiku. Kl\u00ed\u010dov\u00e1 slova:\u00a0syndrom \u00famrt\u00ed [&hellip;]<\/p>\n","protected":false},"author":2,"featured_media":0,"parent":891,"menu_order":5,"comment_status":"closed","ping_status":"closed","template":"","meta":{"footnotes":""},"class_list":["post-901","page","type-page","status-publish","hentry"],"_links":{"self":[{"href":"https:\/\/veda.polac.cz\/index.php?rest_route=\/wp\/v2\/pages\/901","targetHints":{"allow":["GET"]}}],"collection":[{"href":"https:\/\/veda.polac.cz\/index.php?rest_route=\/wp\/v2\/pages"}],"about":[{"href":"https:\/\/veda.polac.cz\/index.php?rest_route=\/wp\/v2\/types\/page"}],"author":[{"embeddable":true,"href":"https:\/\/veda.polac.cz\/index.php?rest_route=\/wp\/v2\/users\/2"}],"replies":[{"embeddable":true,"href":"https:\/\/veda.polac.cz\/index.php?rest_route=%2Fwp%2Fv2%2Fcomments&post=901"}],"version-history":[{"count":2,"href":"https:\/\/veda.polac.cz\/index.php?rest_route=\/wp\/v2\/pages\/901\/revisions"}],"predecessor-version":[{"id":924,"href":"https:\/\/veda.polac.cz\/index.php?rest_route=\/wp\/v2\/pages\/901\/revisions\/924"}],"up":[{"embeddable":true,"href":"https:\/\/veda.polac.cz\/index.php?rest_route=\/wp\/v2\/pages\/891"}],"wp:attachment":[{"href":"https:\/\/veda.polac.cz\/index.php?rest_route=%2Fwp%2Fv2%2Fmedia&parent=901"}],"curies":[{"name":"wp","href":"https:\/\/api.w.org\/{rel}","templated":true}]}}