{"id":895,"date":"2018-09-13T21:42:35","date_gmt":"2018-09-13T21:42:35","guid":{"rendered":"http:\/\/veda.polac.cz\/?page_id=895"},"modified":"2018-10-27T18:54:12","modified_gmt":"2018-10-27T18:54:12","slug":"2-2","status":"publish","type":"page","link":"https:\/\/veda.polac.cz\/?page_id=895","title":{"rendered":""},"content":{"rendered":"<p style=\"text-align: center;\">Resum\u00e9 \u010dl\u00e1nku<\/p>\n<p><strong>Proces tvorby sc\u00e9n\u00e1\u0159\u016f &#8211; komparace vybran\u00fdch metodik<br \/>\n<\/strong><i>Ing. Stanislav Burian, Ph.D.<\/p>\n<p><\/i>Dan\u00fd p\u0159\u00edsp\u011bvek voln\u011b navazuje na d\u0159\u00edve publikovan\u00fd \u010dl\u00e1nek &#8222;Sc\u00e9n\u00e1\u0159e &#8211; mana\u017eersk\u00fd n\u00e1stroj pro turbulentn\u00ed dobu&#8220;, kter\u00fd vymezuje sc\u00e9n\u00e1\u0159e jako alternativn\u00ed mo\u017enost podpory ve strategick\u00e9m rozhodov\u00e1n\u00ed a kter\u00fd obsahuje obecn\u00e9 z\u00e1sady spr\u00e1vn\u00e9ho p\u0159\u00edstupu k tvorb\u011b sc\u00e9n\u00e1\u0159\u016f. Tento text analyzuje t\u0159i metodiky procesu vytv\u00e1\u0159en\u00ed sc\u00e9n\u00e1\u0159\u016f od fundovan\u00fdch autor\u016f, p\u0159i\u010dem\u017e tyto metodiky jsou implicitn\u011b porovn\u00e1ny. Na z\u00e1klad\u011b dan\u00e9 komparace je zji\u0161t\u011bno, \u017ee v\u00fdznamn\u00e9 odli\u0161nosti ve zkouman\u00fdch metodik\u00e1ch se nevyskytuj\u00ed, co\u017e umo\u017e\u0148uje formulovat zobecn\u011bnou metodiku jejich tvorby. Dan\u00fd zobecn\u011bn\u00ed postup pot\u00e9 reflektuje posloupnost t\u0159\u00ed krok\u016f: identifikace kl\u00ed\u010dov\u00fdch faktor\u016f podmi\u0148uj\u00edc\u00edch budouc\u00ed v\u00fdvoj, tvorbu a rozv\u00edjen\u00ed obsahu jednotliv\u00fdch sc\u00e9n\u00e1\u0159\u016f a formulaci opat\u0159en\u00ed a doporu\u010den\u00ed pro rozhodovac\u00ed autority, kter\u00e9 reaguj\u00ed na mo\u017en\u00fd budouc\u00ed v\u00fdvoj obsa\u017een\u00ed ve sc\u00e9n\u00e1\u0159\u00edch.<br \/>\n<strong>Kl\u00ed\u010dov\u00e1 slova:<\/strong>\u00a0Budoucnost, metodika sc\u00e9n\u00e1\u0159\u016f, nejistota, rozhodov\u00e1n\u00ed, sc\u00e9n\u00e1\u0159e, scenario planning, tvorba sc\u00e9n\u00e1\u0159\u016f.<\/p>\n<p><a href=\"https:\/\/veda.polac.cz\/?page_id=891\">04\/2013<\/a><\/p>\n","protected":false},"excerpt":{"rendered":"<p>Resum\u00e9 \u010dl\u00e1nku Proces tvorby sc\u00e9n\u00e1\u0159\u016f &#8211; komparace vybran\u00fdch metodik Ing. Stanislav Burian, Ph.D. Dan\u00fd p\u0159\u00edsp\u011bvek voln\u011b navazuje na d\u0159\u00edve publikovan\u00fd \u010dl\u00e1nek &#8222;Sc\u00e9n\u00e1\u0159e &#8211; mana\u017eersk\u00fd n\u00e1stroj pro turbulentn\u00ed dobu&#8220;, kter\u00fd vymezuje sc\u00e9n\u00e1\u0159e jako alternativn\u00ed mo\u017enost podpory ve strategick\u00e9m rozhodov\u00e1n\u00ed a kter\u00fd obsahuje obecn\u00e9 z\u00e1sady spr\u00e1vn\u00e9ho p\u0159\u00edstupu k tvorb\u011b sc\u00e9n\u00e1\u0159\u016f. Tento text analyzuje t\u0159i metodiky procesu vytv\u00e1\u0159en\u00ed [&hellip;]<\/p>\n","protected":false},"author":2,"featured_media":0,"parent":891,"menu_order":2,"comment_status":"closed","ping_status":"closed","template":"","meta":{"footnotes":""},"class_list":["post-895","page","type-page","status-publish","hentry"],"_links":{"self":[{"href":"https:\/\/veda.polac.cz\/index.php?rest_route=\/wp\/v2\/pages\/895","targetHints":{"allow":["GET"]}}],"collection":[{"href":"https:\/\/veda.polac.cz\/index.php?rest_route=\/wp\/v2\/pages"}],"about":[{"href":"https:\/\/veda.polac.cz\/index.php?rest_route=\/wp\/v2\/types\/page"}],"author":[{"embeddable":true,"href":"https:\/\/veda.polac.cz\/index.php?rest_route=\/wp\/v2\/users\/2"}],"replies":[{"embeddable":true,"href":"https:\/\/veda.polac.cz\/index.php?rest_route=%2Fwp%2Fv2%2Fcomments&post=895"}],"version-history":[{"count":2,"href":"https:\/\/veda.polac.cz\/index.php?rest_route=\/wp\/v2\/pages\/895\/revisions"}],"predecessor-version":[{"id":921,"href":"https:\/\/veda.polac.cz\/index.php?rest_route=\/wp\/v2\/pages\/895\/revisions\/921"}],"up":[{"embeddable":true,"href":"https:\/\/veda.polac.cz\/index.php?rest_route=\/wp\/v2\/pages\/891"}],"wp:attachment":[{"href":"https:\/\/veda.polac.cz\/index.php?rest_route=%2Fwp%2Fv2%2Fmedia&parent=895"}],"curies":[{"name":"wp","href":"https:\/\/api.w.org\/{rel}","templated":true}]}}