{"id":874,"date":"2018-09-13T21:41:30","date_gmt":"2018-09-13T21:41:30","guid":{"rendered":"http:\/\/veda.polac.cz\/?page_id=874"},"modified":"2018-10-27T18:54:12","modified_gmt":"2018-10-27T18:54:12","slug":"1-2","status":"publish","type":"page","link":"https:\/\/veda.polac.cz\/?page_id=874","title":{"rendered":""},"content":{"rendered":"<p style=\"text-align: center;\">Resum\u00e9 \u010dl\u00e1nku<\/p>\n<p><strong>Koncept Advanced Persistent Threat: jeho u\u017eit\u00ed a p\u0159\u00edpady<br \/>\n<\/strong><i>Alena Leci\u00e1nov\u00e1, Mgr. Martin Bastl, Ph.D.<\/i><\/p>\n<p>Tento p\u0159\u00edsp\u011bvek pojedn\u00e1v\u00e1 o term\u00ednu Advanced Persistent Threat a pokou\u0161\u00ed se p\u0159edstavit jeho koncept. Text term\u00edn p\u0159esn\u011bji definuje a upravuje pro \u00fa\u010del dal\u0161\u00ed pr\u00e1ce s pomoc\u00ed odborn\u00fdch \u010dl\u00e1nk\u016f a expertn\u00edch anal\u00fdz. Pozd\u011bji se zam\u011b\u0159uje na jednotliv\u00e9 p\u0159\u00edpady \u00fatoku, hled\u00e1 mezi nimi podobnosti a popisuje pr\u016fb\u011bh a podobu \u00fatoku. V z\u00e1v\u011bru doporu\u010duje opat\u0159en\u00ed pro ochranu proti tomuto typu \u00fatoku.<br \/>\n<strong>Kl\u00ed\u010dov\u00e1 slova:<\/strong>\u00a0Advanced Persistent Threat, kybernetick\u00fd \u00fatok, malware, phishing, social engineering.<i><br \/>\n<\/i><\/p>\n<p><a href=\"https:\/\/veda.polac.cz\/?page_id=891\">04\/2013<\/a><\/p>\n","protected":false},"excerpt":{"rendered":"<p>Resum\u00e9 \u010dl\u00e1nku Koncept Advanced Persistent Threat: jeho u\u017eit\u00ed a p\u0159\u00edpady Alena Leci\u00e1nov\u00e1, Mgr. Martin Bastl, Ph.D. Tento p\u0159\u00edsp\u011bvek pojedn\u00e1v\u00e1 o term\u00ednu Advanced Persistent Threat a pokou\u0161\u00ed se p\u0159edstavit jeho koncept. Text term\u00edn p\u0159esn\u011bji definuje a upravuje pro \u00fa\u010del dal\u0161\u00ed pr\u00e1ce s pomoc\u00ed odborn\u00fdch \u010dl\u00e1nk\u016f a expertn\u00edch anal\u00fdz. Pozd\u011bji se zam\u011b\u0159uje na jednotliv\u00e9 p\u0159\u00edpady \u00fatoku, hled\u00e1 [&hellip;]<\/p>\n","protected":false},"author":2,"featured_media":0,"parent":891,"menu_order":1,"comment_status":"closed","ping_status":"closed","template":"","meta":{"footnotes":""},"class_list":["post-874","page","type-page","status-publish","hentry"],"_links":{"self":[{"href":"https:\/\/veda.polac.cz\/index.php?rest_route=\/wp\/v2\/pages\/874","targetHints":{"allow":["GET"]}}],"collection":[{"href":"https:\/\/veda.polac.cz\/index.php?rest_route=\/wp\/v2\/pages"}],"about":[{"href":"https:\/\/veda.polac.cz\/index.php?rest_route=\/wp\/v2\/types\/page"}],"author":[{"embeddable":true,"href":"https:\/\/veda.polac.cz\/index.php?rest_route=\/wp\/v2\/users\/2"}],"replies":[{"embeddable":true,"href":"https:\/\/veda.polac.cz\/index.php?rest_route=%2Fwp%2Fv2%2Fcomments&post=874"}],"version-history":[{"count":3,"href":"https:\/\/veda.polac.cz\/index.php?rest_route=\/wp\/v2\/pages\/874\/revisions"}],"predecessor-version":[{"id":920,"href":"https:\/\/veda.polac.cz\/index.php?rest_route=\/wp\/v2\/pages\/874\/revisions\/920"}],"up":[{"embeddable":true,"href":"https:\/\/veda.polac.cz\/index.php?rest_route=\/wp\/v2\/pages\/891"}],"wp:attachment":[{"href":"https:\/\/veda.polac.cz\/index.php?rest_route=%2Fwp%2Fv2%2Fmedia&parent=874"}],"curies":[{"name":"wp","href":"https:\/\/api.w.org\/{rel}","templated":true}]}}