{"id":870,"date":"2018-09-13T21:21:24","date_gmt":"2018-09-13T21:21:24","guid":{"rendered":"http:\/\/veda.polac.cz\/?page_id=870"},"modified":"2018-10-27T18:54:12","modified_gmt":"2018-10-27T18:54:12","slug":"11-2","status":"publish","type":"page","link":"https:\/\/veda.polac.cz\/?page_id=870","title":{"rendered":""},"content":{"rendered":"<p style=\"text-align: center;\">Resum\u00e9 \u010dl\u00e1nku<\/p>\n<p><strong>Lidsk\u00fd pach a doba jeho uchov\u00e1n\u00ed na v\u011bcn\u00e9m d\u016fkazu &#8211; Metoda pachov\u00e9 identifikace<br \/>\n<\/strong><i>pplk. JUDr. Franti\u0161ek Klimus, Mgr. Zden\u011bk Krej\u010d\u00ed, PhD. et PhD., kpt. Mgr. Zden\u011bk Kov\u00e1\u0159, Krajsk\u00e9 \u0159editelstv\u00ed policie Jihomoravsk\u00e9ho kraje \u010cesk\u00e9 republiky<br \/>\nkpt. Ing. Ivan Fazeka\u0161, \u00da\u0159ad kontroly Ministerstva vnitra Slovensk\u00e9 republiky<br \/>\nJUDr. Magdal\u00e9na Krajn\u00edkov\u00e1, PhD., Akad\u00e9mia Policajn\u00e9ho zboru v Bratislave<\/p>\n<p><\/i>Auto\u0159i se ve sv\u00e9m p\u0159\u00edsp\u011bvku: &#8222;Lidsk\u00fd pach a doba jeho uchov\u00e1n\u00ed na v\u011bcn\u00e9m d\u016fkazu &#8211; Metoda pachov\u00e9 identifikace.&#8220; zab\u00fdvaj\u00ed aktu\u00e1ln\u011b zaj\u00edmavou oblast\u00ed dokazov\u00e1n\u00ed v trestn\u00edm \u0159\u00edzen\u00ed, kter\u00e1 je v \u010cesk\u00e9 republice, jako\u017e i ve Slovensk\u00e9 republice velmi aktivn\u011b pou\u017e\u00edv\u00e1na. Jde o kriminalistickou metodu identifikace osoby, za vyu\u017eit\u00ed metody pachov\u00e9 identifikace &#8211; metody pachov\u00fdch konzerv. (MPI &#8211; MPK) Tato metoda se v\u011bdeck\u00fdm postupem rozvinula jak v r\u00e1mci kvalitativn\u00edch postup\u016f, tak i do trestn\u011b procesn\u00edch postup\u016f. Obecn\u00e9 soudy jak v \u010cesk\u00e9 republice, tak ve Slovensk\u00e9 republice poj\u00edmaj\u00ed metodu pachov\u00e9 identifikace jako jednu z mo\u017en\u00fdch metod kriminalistick\u00e9 techniky kter\u00e1 napom\u00e1h\u00e1 p\u0159i zji\u0161\u0165ov\u00e1n\u00ed v\u0161ech okolnost\u00ed pro ur\u010den\u00ed viny pachatele trestn\u00e9ho \u010dinu. Nicm\u00e9n\u011b v soudn\u00ed praxi se \u010das od \u010dasu objevuj\u00ed n\u00e1mitky k t\u00e9to metod\u011b, a proto se auto\u0159i rozhodli, za pou\u017eit\u00ed v\u011bdeck\u00e9ho p\u0159\u00edstupu, k experiment\u00e1ln\u00ed v\u011bdeck\u00e9 pr\u00e1ci, jej\u00edm\u017e c\u00edlem bylo ov\u011b\u0159en\u00ed mo\u017enosti setrv\u00e1n\u00ed lidsk\u00e9ho pachu na v\u011bcn\u00fdch p\u0159edm\u011btech, a to z hlediska ov\u011b\u0159en\u00ed doby uchov\u00e1n\u00ed pachu na p\u0159edm\u011btu. Vzhledem k tomu, \u017ee zm\u00edn\u011bn\u00e1 kriminalistick\u00e1 metoda je pou\u017e\u00edv\u00e1na i v jin\u00fdch zem\u00edch, auto\u0159i pova\u017euj\u00ed za p\u0159\u00ednosn\u00e9 sezn\u00e1mit \u0161irokou odbornou ve\u0159ejnost s v\u00fdsledky proveden\u00e9ho v\u011bdeck\u00e9ho projektu &#8211; experiment\u016f.<br \/>\n<strong>Kl\u00ed\u010dov\u00e1 slova:<\/strong>\u00a0pach osoby, pachov\u00e1 stopa, kriminalistick\u00e9 zkoum\u00e1n\u00ed, metoda pachov\u00e9 identifikace.\u00a0<i><br \/>\n<\/i><\/p>\n<p><a href=\"https:\/\/veda.polac.cz\/?page_id=848\">01\/2014<\/a><\/p>\n","protected":false},"excerpt":{"rendered":"<p>Resum\u00e9 \u010dl\u00e1nku Lidsk\u00fd pach a doba jeho uchov\u00e1n\u00ed na v\u011bcn\u00e9m d\u016fkazu &#8211; Metoda pachov\u00e9 identifikace pplk. JUDr. Franti\u0161ek Klimus, Mgr. Zden\u011bk Krej\u010d\u00ed, PhD. et PhD., kpt. Mgr. Zden\u011bk Kov\u00e1\u0159, Krajsk\u00e9 \u0159editelstv\u00ed policie Jihomoravsk\u00e9ho kraje \u010cesk\u00e9 republiky kpt. Ing. Ivan Fazeka\u0161, \u00da\u0159ad kontroly Ministerstva vnitra Slovensk\u00e9 republiky JUDr. Magdal\u00e9na Krajn\u00edkov\u00e1, PhD., Akad\u00e9mia Policajn\u00e9ho zboru v Bratislave [&hellip;]<\/p>\n","protected":false},"author":2,"featured_media":0,"parent":848,"menu_order":11,"comment_status":"closed","ping_status":"closed","template":"","meta":{"footnotes":""},"class_list":["post-870","page","type-page","status-publish","hentry"],"_links":{"self":[{"href":"https:\/\/veda.polac.cz\/index.php?rest_route=\/wp\/v2\/pages\/870","targetHints":{"allow":["GET"]}}],"collection":[{"href":"https:\/\/veda.polac.cz\/index.php?rest_route=\/wp\/v2\/pages"}],"about":[{"href":"https:\/\/veda.polac.cz\/index.php?rest_route=\/wp\/v2\/types\/page"}],"author":[{"embeddable":true,"href":"https:\/\/veda.polac.cz\/index.php?rest_route=\/wp\/v2\/users\/2"}],"replies":[{"embeddable":true,"href":"https:\/\/veda.polac.cz\/index.php?rest_route=%2Fwp%2Fv2%2Fcomments&post=870"}],"version-history":[{"count":2,"href":"https:\/\/veda.polac.cz\/index.php?rest_route=\/wp\/v2\/pages\/870\/revisions"}],"predecessor-version":[{"id":888,"href":"https:\/\/veda.polac.cz\/index.php?rest_route=\/wp\/v2\/pages\/870\/revisions\/888"}],"up":[{"embeddable":true,"href":"https:\/\/veda.polac.cz\/index.php?rest_route=\/wp\/v2\/pages\/848"}],"wp:attachment":[{"href":"https:\/\/veda.polac.cz\/index.php?rest_route=%2Fwp%2Fv2%2Fmedia&parent=870"}],"curies":[{"name":"wp","href":"https:\/\/api.w.org\/{rel}","templated":true}]}}