{"id":868,"date":"2018-09-13T21:20:21","date_gmt":"2018-09-13T21:20:21","guid":{"rendered":"http:\/\/veda.polac.cz\/?page_id=868"},"modified":"2018-10-27T18:54:12","modified_gmt":"2018-10-27T18:54:12","slug":"10-2","status":"publish","type":"page","link":"https:\/\/veda.polac.cz\/?page_id=868","title":{"rendered":""},"content":{"rendered":"<p style=\"text-align: center;\">Resum\u00e9 \u010dl\u00e1nku<\/p>\n<p><strong>Pou\u017eit\u00ed omezovac\u00edch prost\u0159edk\u016f v policejn\u00ed praxi<br \/>\n<\/strong><i>MUDr. Ivan David, CSc., Psychiatrick\u00e1 nemocnice Bohnice<\/p>\n<p><\/i>\u010cl\u00e1nek shrnuje n\u011bkter\u00e9 l\u00e9ka\u0159sk\u00e9, organiza\u010dn\u00ed, technick\u00e9, pr\u00e1vn\u00ed a lidskopr\u00e1vn\u00ed, p\u0159edpoklady pro pou\u017eit\u00ed alternativn\u00edch omezovac\u00edch prost\u0159edk\u016f polici\u00ed v ter\u00e9nn\u00edch podm\u00ednk\u00e1ch ve snaze zabr\u00e1nit agresivn\u00edmu jedn\u00e1n\u00ed pachatel\u016f trestn\u00fdch \u010din\u016f a\/nebo osob trp\u00edc\u00edch du\u0161evn\u00ed poruchou a nebezpe\u010dn\u00fdch sob\u011b nebo jin\u00fdm. Alternativou pou\u017eit\u00ed st\u0159eln\u00e9 zbran\u011b by v podm\u00ednk\u00e1ch, kdy by to bylo mo\u017en\u00e9 mohlo b\u00fdt pou\u017eit\u00ed farmaka aplikovan\u00e9ho st\u0159eln\u00fdm mechanismem.<br \/>\n<strong>Kl\u00ed\u010dov\u00e1 slova:<\/strong>\u00a0donucovac\u00ed prost\u0159edky, omezovac\u00ed prost\u0159edky, intramuskul\u00e1rn\u00ed aplikace psychofarmak, antipsychotika.<\/p>\n<p><a href=\"https:\/\/veda.polac.cz\/?page_id=848\">01\/2014<\/a><\/p>\n","protected":false},"excerpt":{"rendered":"<p>Resum\u00e9 \u010dl\u00e1nku Pou\u017eit\u00ed omezovac\u00edch prost\u0159edk\u016f v policejn\u00ed praxi MUDr. Ivan David, CSc., Psychiatrick\u00e1 nemocnice Bohnice \u010cl\u00e1nek shrnuje n\u011bkter\u00e9 l\u00e9ka\u0159sk\u00e9, organiza\u010dn\u00ed, technick\u00e9, pr\u00e1vn\u00ed a lidskopr\u00e1vn\u00ed, p\u0159edpoklady pro pou\u017eit\u00ed alternativn\u00edch omezovac\u00edch prost\u0159edk\u016f polici\u00ed v ter\u00e9nn\u00edch podm\u00ednk\u00e1ch ve snaze zabr\u00e1nit agresivn\u00edmu jedn\u00e1n\u00ed pachatel\u016f trestn\u00fdch \u010din\u016f a\/nebo osob trp\u00edc\u00edch du\u0161evn\u00ed poruchou a nebezpe\u010dn\u00fdch sob\u011b nebo jin\u00fdm. Alternativou pou\u017eit\u00ed st\u0159eln\u00e9 [&hellip;]<\/p>\n","protected":false},"author":2,"featured_media":0,"parent":848,"menu_order":10,"comment_status":"closed","ping_status":"closed","template":"","meta":{"footnotes":""},"class_list":["post-868","page","type-page","status-publish","hentry"],"_links":{"self":[{"href":"https:\/\/veda.polac.cz\/index.php?rest_route=\/wp\/v2\/pages\/868","targetHints":{"allow":["GET"]}}],"collection":[{"href":"https:\/\/veda.polac.cz\/index.php?rest_route=\/wp\/v2\/pages"}],"about":[{"href":"https:\/\/veda.polac.cz\/index.php?rest_route=\/wp\/v2\/types\/page"}],"author":[{"embeddable":true,"href":"https:\/\/veda.polac.cz\/index.php?rest_route=\/wp\/v2\/users\/2"}],"replies":[{"embeddable":true,"href":"https:\/\/veda.polac.cz\/index.php?rest_route=%2Fwp%2Fv2%2Fcomments&post=868"}],"version-history":[{"count":3,"href":"https:\/\/veda.polac.cz\/index.php?rest_route=\/wp\/v2\/pages\/868\/revisions"}],"predecessor-version":[{"id":887,"href":"https:\/\/veda.polac.cz\/index.php?rest_route=\/wp\/v2\/pages\/868\/revisions\/887"}],"up":[{"embeddable":true,"href":"https:\/\/veda.polac.cz\/index.php?rest_route=\/wp\/v2\/pages\/848"}],"wp:attachment":[{"href":"https:\/\/veda.polac.cz\/index.php?rest_route=%2Fwp%2Fv2%2Fmedia&parent=868"}],"curies":[{"name":"wp","href":"https:\/\/api.w.org\/{rel}","templated":true}]}}