{"id":866,"date":"2018-09-13T21:19:11","date_gmt":"2018-09-13T21:19:11","guid":{"rendered":"http:\/\/veda.polac.cz\/?page_id=866"},"modified":"2018-10-27T18:54:12","modified_gmt":"2018-10-27T18:54:12","slug":"9-2","status":"publish","type":"page","link":"https:\/\/veda.polac.cz\/?page_id=866","title":{"rendered":""},"content":{"rendered":"<p style=\"text-align: center;\">Resum\u00e9 \u010dl\u00e1nku<\/p>\n<p><strong>Kriminalita cizinc\u016f a imigra\u010dn\u00ed politika<br \/>\n<\/strong><i>Mgr. Josef Koudelka, FSS MU Brno, katedra politologie<\/p>\n<p><\/i>Hlavn\u00edm c\u00edlem \u010dl\u00e1nku je prozkoum\u00e1n\u00ed vztahu mezi imigrac\u00ed a m\u00edrou kriminality v \u010cesk\u00e9 republice. K zji\u0161t\u011bn\u00ed toho, zda je m\u00edra kriminality cizinc\u016f vy\u0161\u0161\u00ed, ne\u017e je v \u010cesku obvykl\u00e9, porovn\u00e1m pod\u00edl imigrant\u016f s mno\u017estv\u00edm odsouzen\u00fdch cizinc\u016f. A i kdy\u017e v\u00fdsledky srovn\u00e1n\u00ed ukazuj\u00ed, \u017ee je v\u00edce odsouzen\u00fdch cizinc\u016f, ne\u017e odpov\u00edd\u00e1 pod\u00edlu imigrant\u016f, jsou d\u016fvody, pro\u010d si mysl\u00edm, \u017ee se jejich kriminalita v\u00fdrazn\u011b neli\u0161\u00ed od kriminality \u010cech\u016f.<br \/>\n<strong>Kl\u00ed\u010dov\u00e1 slova:<\/strong>\u00a0Kriminalita; imigra\u010dn\u00ed politika; zaji\u0161\u0165ov\u00e1n\u00ed bezpe\u010dnosti; \u010cesk\u00e1 republika.<\/p>\n<p><a href=\"https:\/\/veda.polac.cz\/?page_id=848\">01\/2014<\/a><\/p>\n","protected":false},"excerpt":{"rendered":"<p>Resum\u00e9 \u010dl\u00e1nku Kriminalita cizinc\u016f a imigra\u010dn\u00ed politika Mgr. Josef Koudelka, FSS MU Brno, katedra politologie Hlavn\u00edm c\u00edlem \u010dl\u00e1nku je prozkoum\u00e1n\u00ed vztahu mezi imigrac\u00ed a m\u00edrou kriminality v \u010cesk\u00e9 republice. K zji\u0161t\u011bn\u00ed toho, zda je m\u00edra kriminality cizinc\u016f vy\u0161\u0161\u00ed, ne\u017e je v \u010cesku obvykl\u00e9, porovn\u00e1m pod\u00edl imigrant\u016f s mno\u017estv\u00edm odsouzen\u00fdch cizinc\u016f. A i kdy\u017e v\u00fdsledky srovn\u00e1n\u00ed [&hellip;]<\/p>\n","protected":false},"author":2,"featured_media":0,"parent":848,"menu_order":9,"comment_status":"closed","ping_status":"closed","template":"","meta":{"footnotes":""},"class_list":["post-866","page","type-page","status-publish","hentry"],"_links":{"self":[{"href":"https:\/\/veda.polac.cz\/index.php?rest_route=\/wp\/v2\/pages\/866","targetHints":{"allow":["GET"]}}],"collection":[{"href":"https:\/\/veda.polac.cz\/index.php?rest_route=\/wp\/v2\/pages"}],"about":[{"href":"https:\/\/veda.polac.cz\/index.php?rest_route=\/wp\/v2\/types\/page"}],"author":[{"embeddable":true,"href":"https:\/\/veda.polac.cz\/index.php?rest_route=\/wp\/v2\/users\/2"}],"replies":[{"embeddable":true,"href":"https:\/\/veda.polac.cz\/index.php?rest_route=%2Fwp%2Fv2%2Fcomments&post=866"}],"version-history":[{"count":2,"href":"https:\/\/veda.polac.cz\/index.php?rest_route=\/wp\/v2\/pages\/866\/revisions"}],"predecessor-version":[{"id":885,"href":"https:\/\/veda.polac.cz\/index.php?rest_route=\/wp\/v2\/pages\/866\/revisions\/885"}],"up":[{"embeddable":true,"href":"https:\/\/veda.polac.cz\/index.php?rest_route=\/wp\/v2\/pages\/848"}],"wp:attachment":[{"href":"https:\/\/veda.polac.cz\/index.php?rest_route=%2Fwp%2Fv2%2Fmedia&parent=866"}],"curies":[{"name":"wp","href":"https:\/\/api.w.org\/{rel}","templated":true}]}}