{"id":864,"date":"2018-09-13T21:18:11","date_gmt":"2018-09-13T21:18:11","guid":{"rendered":"http:\/\/veda.polac.cz\/?page_id=864"},"modified":"2018-10-27T18:54:12","modified_gmt":"2018-10-27T18:54:12","slug":"8-2","status":"publish","type":"page","link":"https:\/\/veda.polac.cz\/?page_id=864","title":{"rendered":""},"content":{"rendered":"<p style=\"text-align: center;\">Resum\u00e9 \u010dl\u00e1nku<\/p>\n<p><strong>Stru\u010dn\u00fdm exkursem ke koncepci vlastnick\u00e9ho pr\u00e1va v kontextu s listinou z\u00e1kladn\u00edch pr\u00e1v a svobod<br \/>\n<\/strong><i>JUDr. Ale\u0161 Zp\u011bv\u00e1k, Fakulta bezpe\u010dnostn\u00edho managementu PA \u010cR v Praze, katedra ve\u0159ejnopr\u00e1vn\u00edch discipl\u00edn<br \/>\nJUDr. Tereza Jon\u00e1kov\u00e1, Fakulta bezpe\u010dnostn\u00edho managementu PA \u010cR v Praze, katedra ve\u0159ejn\u00e9 spr\u00e1vy<\/p>\n<p><\/i>Vlastnick\u00e9 pr\u00e1vo jako takov\u00e9 pat\u0159\u00ed k nejz\u00e1kladn\u011bj\u0161\u00edm lidsk\u00fdm pr\u00e1v\u016fm a svobod\u00e1m. Svou povahou i postaven\u00edm v Listin\u011b je jedn\u00edm z element\u00e1rn\u00edch atribut\u016f ka\u017ed\u00e9ho demokratick\u00e9ho pr\u00e1vn\u00edho st\u00e1tu. Vlastnick\u00e9 pr\u00e1vo je neopomenutelnou podm\u00ednkou fungov\u00e1n\u00ed ekonomick\u00e9 slo\u017eky demokracie. Majetek znamen\u00e1, \u017ee jeho vlastn\u00edk m\u00e1 nad n\u00edm leg\u00e1ln\u00ed panstv\u00ed. Pr\u00e1vo \u010dlov\u011bka k majetku nedefinuje ani tak, co m\u00e1 vlastn\u00edk \u010dinit, jako to, co ostatn\u00ed nemaj\u00ed d\u011blat s jeho majetkem. Majetek (v obecn\u00e9 charakteristice) je jak\u00fdmsi zdrojem svobody, s\u00e1m ale svobodou nen\u00ed (Dobal). Stejn\u011b jako i mnoho jin\u00fdch pr\u00e1v, nen\u00ed toto pr\u00e1vo bezb\u0159eh\u00e9 a m\u016f\u017ee b\u00fdt omezeno ze z\u00e1konn\u00fdch d\u016fvod\u016f.<br \/>\nC\u00edlem tohoto \u010dl\u00e1nku je uv\u00e9st p\u0159ehlednou synt\u00e9zu poznatk\u016f v oblasti koncepce vlastnick\u00e9ho pr\u00e1va a popsat v n\u011bkolika pozn\u00e1mk\u00e1ch, nikoli pouze deskripc\u00ed, danou problematiku.<br \/>\n<strong>Kl\u00ed\u010dov\u00e1 slova:<\/strong>\u00a0Listina z\u00e1kladn\u00edch pr\u00e1v a svobod, demokratick\u00fd pr\u00e1vn\u00ed st\u00e1t, z\u00e1kladn\u00ed pr\u00e1vo, p\u0159irozen\u00e9 pr\u00e1vo, pr\u00e1vn\u00ed \u0159\u00e1d, vlastnick\u00e9 pr\u00e1vo, elasticita vlastnictv\u00ed.<\/p>\n<p><a href=\"https:\/\/veda.polac.cz\/?page_id=848\">01\/2014<\/a><\/p>\n","protected":false},"excerpt":{"rendered":"<p>Resum\u00e9 \u010dl\u00e1nku Stru\u010dn\u00fdm exkursem ke koncepci vlastnick\u00e9ho pr\u00e1va v kontextu s listinou z\u00e1kladn\u00edch pr\u00e1v a svobod JUDr. Ale\u0161 Zp\u011bv\u00e1k, Fakulta bezpe\u010dnostn\u00edho managementu PA \u010cR v Praze, katedra ve\u0159ejnopr\u00e1vn\u00edch discipl\u00edn JUDr. Tereza Jon\u00e1kov\u00e1, Fakulta bezpe\u010dnostn\u00edho managementu PA \u010cR v Praze, katedra ve\u0159ejn\u00e9 spr\u00e1vy Vlastnick\u00e9 pr\u00e1vo jako takov\u00e9 pat\u0159\u00ed k nejz\u00e1kladn\u011bj\u0161\u00edm lidsk\u00fdm pr\u00e1v\u016fm a svobod\u00e1m. Svou povahou [&hellip;]<\/p>\n","protected":false},"author":2,"featured_media":0,"parent":848,"menu_order":8,"comment_status":"closed","ping_status":"closed","template":"","meta":{"footnotes":""},"class_list":["post-864","page","type-page","status-publish","hentry"],"_links":{"self":[{"href":"https:\/\/veda.polac.cz\/index.php?rest_route=\/wp\/v2\/pages\/864","targetHints":{"allow":["GET"]}}],"collection":[{"href":"https:\/\/veda.polac.cz\/index.php?rest_route=\/wp\/v2\/pages"}],"about":[{"href":"https:\/\/veda.polac.cz\/index.php?rest_route=\/wp\/v2\/types\/page"}],"author":[{"embeddable":true,"href":"https:\/\/veda.polac.cz\/index.php?rest_route=\/wp\/v2\/users\/2"}],"replies":[{"embeddable":true,"href":"https:\/\/veda.polac.cz\/index.php?rest_route=%2Fwp%2Fv2%2Fcomments&post=864"}],"version-history":[{"count":2,"href":"https:\/\/veda.polac.cz\/index.php?rest_route=\/wp\/v2\/pages\/864\/revisions"}],"predecessor-version":[{"id":884,"href":"https:\/\/veda.polac.cz\/index.php?rest_route=\/wp\/v2\/pages\/864\/revisions\/884"}],"up":[{"embeddable":true,"href":"https:\/\/veda.polac.cz\/index.php?rest_route=\/wp\/v2\/pages\/848"}],"wp:attachment":[{"href":"https:\/\/veda.polac.cz\/index.php?rest_route=%2Fwp%2Fv2%2Fmedia&parent=864"}],"curies":[{"name":"wp","href":"https:\/\/api.w.org\/{rel}","templated":true}]}}