{"id":862,"date":"2018-09-13T21:17:07","date_gmt":"2018-09-13T21:17:07","guid":{"rendered":"http:\/\/veda.polac.cz\/?page_id=862"},"modified":"2018-10-27T18:54:12","modified_gmt":"2018-10-27T18:54:12","slug":"7-2","status":"publish","type":"page","link":"https:\/\/veda.polac.cz\/?page_id=862","title":{"rendered":""},"content":{"rendered":"<p style=\"text-align: center;\">Resum\u00e9 \u010dl\u00e1nku<\/p>\n<p><strong>K institucion\u00e1ln\u00edmu odli\u0161en\u00ed zpravodajsk\u00fdch slu\u017eeb a policie<br \/>\n<\/strong><i>doc. JUDr. Ladislav Pokorn\u00fd, Ph.D., Bezpe\u010dnostn\u00ed informa\u010dn\u00ed slu\u017eba<\/p>\n<p><\/i>\u010cl\u00e1nek je v\u011bnov\u00e1n ot\u00e1zce institucion\u00e1ln\u00edho odli\u0161en\u00ed dvou typ\u016f st\u00e1tn\u00edch org\u00e1n\u016f, kter\u00e9 se pod\u00edlej\u00ed na ochran\u011b vnit\u0159n\u00ed a vn\u011bj\u0161\u00ed bezpe\u010dnosti st\u00e1tu &#8211; zpravodajsk\u00fdch slu\u017eeb a policie. Zd\u016fraz\u0148uje jejich rozd\u00edln\u00e9 role p\u0159i zaji\u0161\u0165ov\u00e1n\u00ed bezpe\u010dnosti, odli\u0161nost jejich posl\u00e1n\u00ed, funkce a \u00fakol\u016f, a z toho vypl\u00fdvaj\u00edc\u00edho okruhu sv\u011b\u0159en\u00fdch pravomoc\u00ed, resp. opr\u00e1vn\u011bn\u00ed. Zab\u00fdv\u00e1 se v\u00fdznamem tzv. odd\u011blovac\u00edho imperativu p\u0159i rozli\u0161en\u00ed policie jako jednoho z org\u00e1n\u016f \u010dinn\u00fdch v trestn\u00edm \u0159\u00edzen\u00ed a org\u00e1nu typu Law enforcement, a zpravodajsk\u00fdch slu\u017eeb jako org\u00e1n\u016f pln\u00edc\u00edch pouze informa\u010dn\u00ed funkci.<br \/>\n<strong>Kl\u00ed\u010dov\u00e1 slova:<\/strong>\u00a0zpravodajsk\u00e9 slu\u017eby, policie, ve\u0159ejn\u00e9 sbory, odd\u011blovac\u00ed imperativ, Law enforcement.<br \/>\n<i><br \/>\n<\/i><\/p>\n<p><a href=\"https:\/\/veda.polac.cz\/?page_id=848\">01\/2014<\/a><\/p>\n","protected":false},"excerpt":{"rendered":"<p>Resum\u00e9 \u010dl\u00e1nku K institucion\u00e1ln\u00edmu odli\u0161en\u00ed zpravodajsk\u00fdch slu\u017eeb a policie doc. JUDr. Ladislav Pokorn\u00fd, Ph.D., Bezpe\u010dnostn\u00ed informa\u010dn\u00ed slu\u017eba \u010cl\u00e1nek je v\u011bnov\u00e1n ot\u00e1zce institucion\u00e1ln\u00edho odli\u0161en\u00ed dvou typ\u016f st\u00e1tn\u00edch org\u00e1n\u016f, kter\u00e9 se pod\u00edlej\u00ed na ochran\u011b vnit\u0159n\u00ed a vn\u011bj\u0161\u00ed bezpe\u010dnosti st\u00e1tu &#8211; zpravodajsk\u00fdch slu\u017eeb a policie. Zd\u016fraz\u0148uje jejich rozd\u00edln\u00e9 role p\u0159i zaji\u0161\u0165ov\u00e1n\u00ed bezpe\u010dnosti, odli\u0161nost jejich posl\u00e1n\u00ed, funkce a \u00fakol\u016f, [&hellip;]<\/p>\n","protected":false},"author":2,"featured_media":0,"parent":848,"menu_order":7,"comment_status":"closed","ping_status":"closed","template":"","meta":{"footnotes":""},"class_list":["post-862","page","type-page","status-publish","hentry"],"_links":{"self":[{"href":"https:\/\/veda.polac.cz\/index.php?rest_route=\/wp\/v2\/pages\/862","targetHints":{"allow":["GET"]}}],"collection":[{"href":"https:\/\/veda.polac.cz\/index.php?rest_route=\/wp\/v2\/pages"}],"about":[{"href":"https:\/\/veda.polac.cz\/index.php?rest_route=\/wp\/v2\/types\/page"}],"author":[{"embeddable":true,"href":"https:\/\/veda.polac.cz\/index.php?rest_route=\/wp\/v2\/users\/2"}],"replies":[{"embeddable":true,"href":"https:\/\/veda.polac.cz\/index.php?rest_route=%2Fwp%2Fv2%2Fcomments&post=862"}],"version-history":[{"count":2,"href":"https:\/\/veda.polac.cz\/index.php?rest_route=\/wp\/v2\/pages\/862\/revisions"}],"predecessor-version":[{"id":883,"href":"https:\/\/veda.polac.cz\/index.php?rest_route=\/wp\/v2\/pages\/862\/revisions\/883"}],"up":[{"embeddable":true,"href":"https:\/\/veda.polac.cz\/index.php?rest_route=\/wp\/v2\/pages\/848"}],"wp:attachment":[{"href":"https:\/\/veda.polac.cz\/index.php?rest_route=%2Fwp%2Fv2%2Fmedia&parent=862"}],"curies":[{"name":"wp","href":"https:\/\/api.w.org\/{rel}","templated":true}]}}