{"id":860,"date":"2018-09-13T21:16:03","date_gmt":"2018-09-13T21:16:03","guid":{"rendered":"http:\/\/veda.polac.cz\/?page_id=860"},"modified":"2018-10-27T18:54:12","modified_gmt":"2018-10-27T18:54:12","slug":"6-2","status":"publish","type":"page","link":"https:\/\/veda.polac.cz\/?page_id=860","title":{"rendered":""},"content":{"rendered":"<p style=\"text-align: center;\">Resum\u00e9 \u010dl\u00e1nku<\/p>\n<p><strong>Kompeten\u010dn\u00fd pr\u00edstup vo v\u00fdu\u010dbe mana\u017e\u00e9rskych discipl\u00edn v odbore kr\u00edzov\u00fd mana\u017ement<br \/>\n<\/strong><i>doc. Mgr. Vladim\u00edr Tom\u00e1\u0161 M\u00edka, PhD., Katedra kr\u00edzov\u00e9ho mana\u017ementu F\u0160I \u017dU v \u017diline<\/p>\n<p><\/i>So zmenami v spolo\u010dnosti a v \u0161ir\u0161om glob\u00e1lnom prostred\u00ed sa objavuj\u00fa nov\u00e9 podoby riz\u00edk a kr\u00edz. Rastie spolo\u010densk\u00e1 potreba rie\u0161i\u0165 pripravenos\u0165 \u013eud\u00ed na zvl\u00e1danie kr\u00edzov\u00fdch situ\u00e1ci\u00ed. Zmeny podmienok vysoko\u0161kolskej pr\u00edpravy a ich progn\u00f3za prin\u00e1\u0161aj\u00fa nov\u00e9 probl\u00e9my. Zvy\u0161uj\u00face sa n\u00e1roky na znalosti a sp\u00f4sobilosti kr\u00edzov\u00fdch mana\u017e\u00e9rov vy\u017eaduj\u00fa nov\u00e9 pr\u00edstupy. Kompeten\u010dn\u00fd pr\u00edstup vo vzdel\u00e1van\u00ed umo\u017e\u0148uje formul\u00e1ciu kompeten\u010dn\u00e9ho modelu, ktor\u00fd zv\u00fdraz\u0148uje odborn\u00e9, fyzick\u00e9, psychick\u00e9 a mravn\u00e9 sp\u00f4sobilosti kr\u00edzov\u00fdch mana\u017e\u00e9rov. Nov\u00e9 podmienky, nov\u00e1 situ\u00e1cia a nov\u00e9 \u00falohy vyvol\u00e1vaj\u00fa zmeny v n\u00e1rokoch na kompetencie vysoko\u0161kolsk\u00e9ho u\u010dite\u013ea.<br \/>\n<strong>Kl\u00ed\u010dov\u00e1 slova:<\/strong>\u00a0Kr\u00edzov\u00fd mana\u017e\u00e9r, vzdel\u00e1vanie, kompetencie, kompeten\u010dn\u00fd model.\u00a0<i><br \/>\n<\/i><\/p>\n<p><a href=\"https:\/\/veda.polac.cz\/?page_id=848\">01\/2014<\/a><\/p>\n<p>&nbsp;<\/p>\n","protected":false},"excerpt":{"rendered":"<p>Resum\u00e9 \u010dl\u00e1nku Kompeten\u010dn\u00fd pr\u00edstup vo v\u00fdu\u010dbe mana\u017e\u00e9rskych discipl\u00edn v odbore kr\u00edzov\u00fd mana\u017ement doc. Mgr. Vladim\u00edr Tom\u00e1\u0161 M\u00edka, PhD., Katedra kr\u00edzov\u00e9ho mana\u017ementu F\u0160I \u017dU v \u017diline So zmenami v spolo\u010dnosti a v \u0161ir\u0161om glob\u00e1lnom prostred\u00ed sa objavuj\u00fa nov\u00e9 podoby riz\u00edk a kr\u00edz. Rastie spolo\u010densk\u00e1 potreba rie\u0161i\u0165 pripravenos\u0165 \u013eud\u00ed na zvl\u00e1danie kr\u00edzov\u00fdch situ\u00e1ci\u00ed. Zmeny podmienok vysoko\u0161kolskej pr\u00edpravy [&hellip;]<\/p>\n","protected":false},"author":2,"featured_media":0,"parent":848,"menu_order":6,"comment_status":"closed","ping_status":"closed","template":"","meta":{"footnotes":""},"class_list":["post-860","page","type-page","status-publish","hentry"],"_links":{"self":[{"href":"https:\/\/veda.polac.cz\/index.php?rest_route=\/wp\/v2\/pages\/860","targetHints":{"allow":["GET"]}}],"collection":[{"href":"https:\/\/veda.polac.cz\/index.php?rest_route=\/wp\/v2\/pages"}],"about":[{"href":"https:\/\/veda.polac.cz\/index.php?rest_route=\/wp\/v2\/types\/page"}],"author":[{"embeddable":true,"href":"https:\/\/veda.polac.cz\/index.php?rest_route=\/wp\/v2\/users\/2"}],"replies":[{"embeddable":true,"href":"https:\/\/veda.polac.cz\/index.php?rest_route=%2Fwp%2Fv2%2Fcomments&post=860"}],"version-history":[{"count":2,"href":"https:\/\/veda.polac.cz\/index.php?rest_route=\/wp\/v2\/pages\/860\/revisions"}],"predecessor-version":[{"id":882,"href":"https:\/\/veda.polac.cz\/index.php?rest_route=\/wp\/v2\/pages\/860\/revisions\/882"}],"up":[{"embeddable":true,"href":"https:\/\/veda.polac.cz\/index.php?rest_route=\/wp\/v2\/pages\/848"}],"wp:attachment":[{"href":"https:\/\/veda.polac.cz\/index.php?rest_route=%2Fwp%2Fv2%2Fmedia&parent=860"}],"curies":[{"name":"wp","href":"https:\/\/api.w.org\/{rel}","templated":true}]}}