{"id":858,"date":"2018-09-13T21:15:04","date_gmt":"2018-09-13T21:15:04","guid":{"rendered":"http:\/\/veda.polac.cz\/?page_id=858"},"modified":"2018-10-27T18:54:12","modified_gmt":"2018-10-27T18:54:12","slug":"5-2","status":"publish","type":"page","link":"https:\/\/veda.polac.cz\/?page_id=858","title":{"rendered":""},"content":{"rendered":"<p style=\"text-align: center;\">Resum\u00e9 \u010dl\u00e1nku<\/p>\n<p><strong>Evropsk\u00e9 a vnitrost\u00e1tn\u00ed z\u00e1klady shroma\u017e\u010fovac\u00edho pr\u00e1va &#8211; \u00fastavn\u011bpr\u00e1vn\u00ed pohled<br \/>\n<\/strong><i>JUDr. Ale\u0161 Zp\u011bv\u00e1k, Fakulta bezpe\u010dnostn\u00edho managementu PA \u010cR v Praze, katedra ve\u0159ejnopr\u00e1vn\u00edch discipl\u00edn<\/p>\n<p><\/i>Tento odborn\u00fd \u010dl\u00e1nek p\u0159edstavuje stru\u010dn\u00fd exkurs pr\u00e1vn\u011b konformn\u00edch z\u00e1klad\u016f shroma\u017e\u010fovac\u00edho pr\u00e1va ve vnitrost\u00e1tn\u00edch a mezin\u00e1rodn\u00edch lidskopr\u00e1vn\u00edch dokumentech. Jedn\u00e1 se o pr\u00e1vo pat\u0159\u00edc\u00ed do oblasti pr\u00e1v politick\u00fdch, jeho\u017e v\u00fdznam se dost\u00e1v\u00e1 do pop\u0159ed\u00ed zejm\u00e9na v posledn\u00edch desetilet\u00edch, a to prost\u0159ednictv\u00edm medi\u00e1ln\u011b zn\u00e1m\u00fdch ud\u00e1lost\u00ed spojen\u00fdch s problematikou extremismu a snahou tento sou\u010dasn\u00fd negativn\u00ed fenom\u00e9n prost\u0159ednictv\u00edm tohoto pr\u00e1va eliminovat.<br \/>\n<strong>Kl\u00ed\u010dov\u00e1 slova:<\/strong>\u00a0Pr\u00e1vo, pr\u00e1vn\u00ed \u0159\u00e1d, mezin\u00e1rodn\u00ed smlouvy, Listina z\u00e1kladn\u00edch pr\u00e1v a svobod.<i><br \/>\n<\/i><\/p>\n<p><a href=\"https:\/\/veda.polac.cz\/?page_id=848\">01\/2014<\/a><\/p>\n","protected":false},"excerpt":{"rendered":"<p>Resum\u00e9 \u010dl\u00e1nku Evropsk\u00e9 a vnitrost\u00e1tn\u00ed z\u00e1klady shroma\u017e\u010fovac\u00edho pr\u00e1va &#8211; \u00fastavn\u011bpr\u00e1vn\u00ed pohled JUDr. Ale\u0161 Zp\u011bv\u00e1k, Fakulta bezpe\u010dnostn\u00edho managementu PA \u010cR v Praze, katedra ve\u0159ejnopr\u00e1vn\u00edch discipl\u00edn Tento odborn\u00fd \u010dl\u00e1nek p\u0159edstavuje stru\u010dn\u00fd exkurs pr\u00e1vn\u011b konformn\u00edch z\u00e1klad\u016f shroma\u017e\u010fovac\u00edho pr\u00e1va ve vnitrost\u00e1tn\u00edch a mezin\u00e1rodn\u00edch lidskopr\u00e1vn\u00edch dokumentech. Jedn\u00e1 se o pr\u00e1vo pat\u0159\u00edc\u00ed do oblasti pr\u00e1v politick\u00fdch, jeho\u017e v\u00fdznam se dost\u00e1v\u00e1 do [&hellip;]<\/p>\n","protected":false},"author":2,"featured_media":0,"parent":848,"menu_order":5,"comment_status":"closed","ping_status":"closed","template":"","meta":{"footnotes":""},"class_list":["post-858","page","type-page","status-publish","hentry"],"_links":{"self":[{"href":"https:\/\/veda.polac.cz\/index.php?rest_route=\/wp\/v2\/pages\/858","targetHints":{"allow":["GET"]}}],"collection":[{"href":"https:\/\/veda.polac.cz\/index.php?rest_route=\/wp\/v2\/pages"}],"about":[{"href":"https:\/\/veda.polac.cz\/index.php?rest_route=\/wp\/v2\/types\/page"}],"author":[{"embeddable":true,"href":"https:\/\/veda.polac.cz\/index.php?rest_route=\/wp\/v2\/users\/2"}],"replies":[{"embeddable":true,"href":"https:\/\/veda.polac.cz\/index.php?rest_route=%2Fwp%2Fv2%2Fcomments&post=858"}],"version-history":[{"count":2,"href":"https:\/\/veda.polac.cz\/index.php?rest_route=\/wp\/v2\/pages\/858\/revisions"}],"predecessor-version":[{"id":881,"href":"https:\/\/veda.polac.cz\/index.php?rest_route=\/wp\/v2\/pages\/858\/revisions\/881"}],"up":[{"embeddable":true,"href":"https:\/\/veda.polac.cz\/index.php?rest_route=\/wp\/v2\/pages\/848"}],"wp:attachment":[{"href":"https:\/\/veda.polac.cz\/index.php?rest_route=%2Fwp%2Fv2%2Fmedia&parent=858"}],"curies":[{"name":"wp","href":"https:\/\/api.w.org\/{rel}","templated":true}]}}