{"id":856,"date":"2018-09-13T21:14:05","date_gmt":"2018-09-13T21:14:05","guid":{"rendered":"http:\/\/veda.polac.cz\/?page_id=856"},"modified":"2018-10-27T18:54:12","modified_gmt":"2018-10-27T18:54:12","slug":"4-2","status":"publish","type":"page","link":"https:\/\/veda.polac.cz\/?page_id=856","title":{"rendered":""},"content":{"rendered":"<p style=\"text-align: center;\">Resum\u00e9 \u010dl\u00e1nku<\/p>\n<p><strong>Vliv oxytocinu na chov\u00e1n\u00ed<br \/>\n<\/strong><i>doc. MUDr. Ladislav Hess, DrSc. PEM &#8211; IKEM<\/p>\n<p><\/i>\u010cl\u00e1nek obsahuje v\u00fdsledky pokus\u016f ov\u011b\u0159uj\u00edc\u00edch \u00fa\u010dinek oxytocinu, prov\u00e1d\u011bn\u00fdch v r\u00e1mci \u0159e\u0161en\u00ed d\u00edl\u010d\u00edho v\u011bdeckov\u00fdzkumn\u00e9ho \u00fakolu Policejn\u00ed akademie \u010cR v &#8222;Pou\u017eit\u00ed non-lethal weapons &#8211; nelet\u00e1ln\u011b p\u016fsob\u00edc\u00edch zbran\u00ed v policejn\u00ed praxi&#8220;. C\u00edlem tohoto v\u011bdeckov\u00fdzkumn\u00e9ho \u00fakolu je p\u0159ipravit a navrhnout pr\u00e1vn\u00ed, taktick\u00e9 i medic\u00ednsk\u00e9 aspekty vyu\u017eit\u00ed chemick\u00fdch (farmakologick\u00fdch) nelet\u00e1ln\u011b p\u016fsob\u00edc\u00edch zbran\u00ed v policejn\u00ed praxi. Jedn\u00e1 se o v\u00fdzkum mo\u017enost\u00ed &#8222;reverzibiln\u00edho usp\u00e1n\u00ed&#8220; osoby, proti kter\u00e9 je veden slu\u017eebn\u00ed z\u00e1krok zp\u016fsobem, kter\u00fdm by se p\u0159edch\u00e1zelo riziku zp\u016fsoben\u00ed t\u011b\u017ek\u00e9ho nebo smrteln\u00e9ho zran\u011bn\u00ed pou\u017eit\u00edm paln\u00e9 zbran\u011b. Pokusy byly provedeny na laboratorn\u00edch kr\u00e1l\u00edc\u00edch (\u010din\u010dila \u0161ed\u00e1), opic\u00edch makakrhesus (Macaca mulatta) a na lidech &#8211; dobrovoln\u00edc\u00edch. \u010cl\u00e1nek prezentuje v\u00fdsledky t\u011bchto pokus\u016f, kter\u00e9 shrnuje a hodnot\u00ed v z\u00e1v\u011bre\u010dn\u00e9 diskusi.<br \/>\n<strong>Kl\u00ed\u010dov\u00e1 slova:<\/strong>\u00a0oxytocin, neurotransmiter, pozitivn\u00ed soci\u00e1ln\u00ed interakce.<\/p>\n<p><a href=\"https:\/\/veda.polac.cz\/?page_id=848\">01\/2014<\/a><\/p>\n","protected":false},"excerpt":{"rendered":"<p>Resum\u00e9 \u010dl\u00e1nku Vliv oxytocinu na chov\u00e1n\u00ed doc. MUDr. Ladislav Hess, DrSc. PEM &#8211; IKEM \u010cl\u00e1nek obsahuje v\u00fdsledky pokus\u016f ov\u011b\u0159uj\u00edc\u00edch \u00fa\u010dinek oxytocinu, prov\u00e1d\u011bn\u00fdch v r\u00e1mci \u0159e\u0161en\u00ed d\u00edl\u010d\u00edho v\u011bdeckov\u00fdzkumn\u00e9ho \u00fakolu Policejn\u00ed akademie \u010cR v &#8222;Pou\u017eit\u00ed non-lethal weapons &#8211; nelet\u00e1ln\u011b p\u016fsob\u00edc\u00edch zbran\u00ed v policejn\u00ed praxi&#8220;. C\u00edlem tohoto v\u011bdeckov\u00fdzkumn\u00e9ho \u00fakolu je p\u0159ipravit a navrhnout pr\u00e1vn\u00ed, taktick\u00e9 i medic\u00ednsk\u00e9 aspekty [&hellip;]<\/p>\n","protected":false},"author":2,"featured_media":0,"parent":848,"menu_order":4,"comment_status":"closed","ping_status":"closed","template":"","meta":{"footnotes":""},"class_list":["post-856","page","type-page","status-publish","hentry"],"_links":{"self":[{"href":"https:\/\/veda.polac.cz\/index.php?rest_route=\/wp\/v2\/pages\/856","targetHints":{"allow":["GET"]}}],"collection":[{"href":"https:\/\/veda.polac.cz\/index.php?rest_route=\/wp\/v2\/pages"}],"about":[{"href":"https:\/\/veda.polac.cz\/index.php?rest_route=\/wp\/v2\/types\/page"}],"author":[{"embeddable":true,"href":"https:\/\/veda.polac.cz\/index.php?rest_route=\/wp\/v2\/users\/2"}],"replies":[{"embeddable":true,"href":"https:\/\/veda.polac.cz\/index.php?rest_route=%2Fwp%2Fv2%2Fcomments&post=856"}],"version-history":[{"count":2,"href":"https:\/\/veda.polac.cz\/index.php?rest_route=\/wp\/v2\/pages\/856\/revisions"}],"predecessor-version":[{"id":880,"href":"https:\/\/veda.polac.cz\/index.php?rest_route=\/wp\/v2\/pages\/856\/revisions\/880"}],"up":[{"embeddable":true,"href":"https:\/\/veda.polac.cz\/index.php?rest_route=\/wp\/v2\/pages\/848"}],"wp:attachment":[{"href":"https:\/\/veda.polac.cz\/index.php?rest_route=%2Fwp%2Fv2%2Fmedia&parent=856"}],"curies":[{"name":"wp","href":"https:\/\/api.w.org\/{rel}","templated":true}]}}