{"id":854,"date":"2018-09-13T21:13:04","date_gmt":"2018-09-13T21:13:04","guid":{"rendered":"http:\/\/veda.polac.cz\/?page_id=854"},"modified":"2018-10-27T18:54:12","modified_gmt":"2018-10-27T18:54:12","slug":"3-2","status":"publish","type":"page","link":"https:\/\/veda.polac.cz\/?page_id=854","title":{"rendered":""},"content":{"rendered":"<p style=\"text-align: center;\">Resum\u00e9 \u010dl\u00e1nku<\/p>\n<p><strong>Sv\u011bdeck\u00e1 zp\u016fsobilost ob\u011bt\u00ed<br \/>\n<\/strong><i>doc. PhDr. Ludmila \u010c\u00edrtkov\u00e1, CSc., Fakulta bezpe\u010dnostn\u00edho managementu PA \u010cR v Praze, katedra spole\u010densk\u00fdch v\u011bd<\/p>\n<p><\/i>\u010cl\u00e1nek se zab\u00fdv\u00e1 posuzov\u00e1n\u00edm specifick\u00e9 v\u011brohodnosti v\u00fdpov\u011bdi u po\u0161kozen\u00fdch osob. Analyzuje sou\u010dasn\u00fd stav pozn\u00e1n\u00ed forenzn\u00ed psychologie k t\u00e9matu a upozor\u0148uje na \u00faskal\u00ed p\u0159i znaleck\u00e9m posuzov\u00e1n\u00ed traumatizovan\u00fdch ob\u011bt\u00ed. Psychologick\u00e9 posuzov\u00e1n\u00ed v\u011brohodnosti v\u00fdpov\u011bdi vych\u00e1z\u00ed z centr\u00e1ln\u00ed teze, kter\u00e1 je ozna\u010dov\u00e1na jako Undeutschova hypot\u00e9za. Podle n\u00ed m\u00e1 v\u011brohodn\u00e1, tedy v pro\u017eitc\u00edch ukotven\u00e1 v\u00fdpov\u011b\u010f jinou kvalitu ne\u017e vykonstruovan\u00e9 l\u00ed\u010den\u00ed. Dlouholet\u00fdm empirick\u00fdm v\u00fdzkumem byly zji\u0161t\u011bny obsahov\u00e9 charakteristiky v\u011brohodn\u00fdch sv\u011bdectv\u00ed. N\u00e1vrhy na modifikaci pozitivn\u00edch krit\u00e9ri\u00ed v\u011brohodnosti v\u00fdpov\u011bdi pro zvl\u00e1\u0161t\u011b traumatizovan\u00e9 ob\u011bti zlo\u010din\u016f jsou pova\u017eov\u00e1ny za neopodstatn\u011bn\u00e9, nebo\u0165 jsou zalo\u017eeny na argumentaci sm\u011b\u0161uj\u00edc\u00ed posuzov\u00e1n\u00ed v\u011brohodnosti v\u00fdpov\u011bdi a posuzov\u00e1n\u00ed n\u00e1sledk\u016f viktimizace.<br \/>\n<strong>Kl\u00ed\u010dov\u00e1 slova:<\/strong>\u00a0obecn\u00e1 v\u011brohodnost, specifick\u00e1 v\u011brohodnost, pam\u011b\u0165 na traumatick\u00e9 vzpom\u00ednky, posuzov\u00e1n\u00ed v\u011brohodnosti v\u00fdpov\u011bdi po\u0161kozen\u00fdch.<\/p>\n<p><a href=\"https:\/\/veda.polac.cz\/?page_id=848\">01\/2014<\/a><\/p>\n","protected":false},"excerpt":{"rendered":"<p>Resum\u00e9 \u010dl\u00e1nku Sv\u011bdeck\u00e1 zp\u016fsobilost ob\u011bt\u00ed doc. PhDr. Ludmila \u010c\u00edrtkov\u00e1, CSc., Fakulta bezpe\u010dnostn\u00edho managementu PA \u010cR v Praze, katedra spole\u010densk\u00fdch v\u011bd \u010cl\u00e1nek se zab\u00fdv\u00e1 posuzov\u00e1n\u00edm specifick\u00e9 v\u011brohodnosti v\u00fdpov\u011bdi u po\u0161kozen\u00fdch osob. Analyzuje sou\u010dasn\u00fd stav pozn\u00e1n\u00ed forenzn\u00ed psychologie k t\u00e9matu a upozor\u0148uje na \u00faskal\u00ed p\u0159i znaleck\u00e9m posuzov\u00e1n\u00ed traumatizovan\u00fdch ob\u011bt\u00ed. Psychologick\u00e9 posuzov\u00e1n\u00ed v\u011brohodnosti v\u00fdpov\u011bdi vych\u00e1z\u00ed z centr\u00e1ln\u00ed teze, [&hellip;]<\/p>\n","protected":false},"author":2,"featured_media":0,"parent":848,"menu_order":3,"comment_status":"closed","ping_status":"closed","template":"","meta":{"footnotes":""},"class_list":["post-854","page","type-page","status-publish","hentry"],"_links":{"self":[{"href":"https:\/\/veda.polac.cz\/index.php?rest_route=\/wp\/v2\/pages\/854","targetHints":{"allow":["GET"]}}],"collection":[{"href":"https:\/\/veda.polac.cz\/index.php?rest_route=\/wp\/v2\/pages"}],"about":[{"href":"https:\/\/veda.polac.cz\/index.php?rest_route=\/wp\/v2\/types\/page"}],"author":[{"embeddable":true,"href":"https:\/\/veda.polac.cz\/index.php?rest_route=\/wp\/v2\/users\/2"}],"replies":[{"embeddable":true,"href":"https:\/\/veda.polac.cz\/index.php?rest_route=%2Fwp%2Fv2%2Fcomments&post=854"}],"version-history":[{"count":2,"href":"https:\/\/veda.polac.cz\/index.php?rest_route=\/wp\/v2\/pages\/854\/revisions"}],"predecessor-version":[{"id":879,"href":"https:\/\/veda.polac.cz\/index.php?rest_route=\/wp\/v2\/pages\/854\/revisions\/879"}],"up":[{"embeddable":true,"href":"https:\/\/veda.polac.cz\/index.php?rest_route=\/wp\/v2\/pages\/848"}],"wp:attachment":[{"href":"https:\/\/veda.polac.cz\/index.php?rest_route=%2Fwp%2Fv2%2Fmedia&parent=854"}],"curies":[{"name":"wp","href":"https:\/\/api.w.org\/{rel}","templated":true}]}}