{"id":852,"date":"2018-09-13T21:11:37","date_gmt":"2018-09-13T21:11:37","guid":{"rendered":"http:\/\/veda.polac.cz\/?page_id=852"},"modified":"2018-10-27T18:54:12","modified_gmt":"2018-10-27T18:54:12","slug":"2-2","status":"publish","type":"page","link":"https:\/\/veda.polac.cz\/?page_id=852","title":{"rendered":""},"content":{"rendered":"<p style=\"text-align: center;\">Resum\u00e9 \u010dl\u00e1nku<\/p>\n<p><strong>Akceptace zkou\u0161ky spolehlivosti<br \/>\n<\/strong><i>pplk. JUDr. Josef Hrudka, Fakulta bezpe\u010dnostn\u011b pr\u00e1vn\u00ed PA \u010cR v Praze, katedra policejn\u00edch \u010dinnost\u00ed<\/p>\n<p><\/i>P\u0159\u00edsp\u011bvek prezentuje empirick\u00e1 zji\u0161t\u011bn\u00ed d\u00edl\u010d\u00edho v\u011bdeckov\u00fdzkumn\u00e9ho \u00fakolu Policejn\u00ed akademie \u010cesk\u00e9 republiky v Praze &#8222;Zkou\u0161ka spolehlivosti &#8211; explikace, aplikace, efektivita&#8220;. Prvn\u00ed \u010d\u00e1st p\u0159\u00edsp\u011bvku je v\u011bnov\u00e1na m\u00ed\u0159e informovanosti zkou\u0161en\u00fdch osob o zkou\u0161ce spolehlivosti. C\u00edlem \u010d\u00e1sti druh\u00e9 je zjistit jak\u00fd vztah &#8211; postoj zauj\u00edmaj\u00ed potenci\u00e1ln\u011b zkou\u0161en\u00e9 osoby k tomuto kontroln\u00edmu institutu &#8222;sui generis&#8220;. Za pomoci techniky dotazn\u00edkov\u00e9ho \u0161et\u0159en\u00ed u v\u00fdb\u011brov\u00e9ho souboru 1 200 policist\u016f je zji\u0161t\u011bno, \u017ee policist\u00e9 ke zkou\u0161k\u00e1m spolehlivosti ve v\u011bt\u0161in\u011b p\u0159\u00edpad\u016f nezauj\u00edmaj\u00ed kategoricky pozitivn\u00ed \u010di negativn\u00ed postoj, ale \u017ee se jedn\u00e1 sp\u00ed\u0161e o sm\u011bsici t\u011bchto postoj\u016f s p\u0159evahou postoj\u016f pozitivn\u00edch. U postoj\u016f negativn\u00edch z\u0159eteln\u011b vystupuje aspekt ned\u016fv\u011bry. V z\u00e1v\u011bru p\u0159\u00edsp\u011bvku je konstatov\u00e1no, \u017ee za \u00fa\u010delem hlub\u0161\u00edho pozn\u00e1n\u00ed n\u00e1zor\u016f &#8211; postoj\u016f respondent\u016f a jejich p\u0159\u00ed\u010din bude nutn\u00e9 prov\u00e9st nestandardizovan\u00fd rozhovor.<br \/>\n<strong>Kl\u00ed\u010dov\u00e1 slova:<\/strong>\u00a0informovanost, postoj, zkou\u0161ka spolehlivosti, Gener\u00e1ln\u00ed inspekce bezpe\u010dnostn\u00edch sbor\u016f.<\/p>\n<p><a href=\"https:\/\/veda.polac.cz\/?page_id=848\">01\/2014<\/a><\/p>\n","protected":false},"excerpt":{"rendered":"<p>Resum\u00e9 \u010dl\u00e1nku Akceptace zkou\u0161ky spolehlivosti pplk. JUDr. Josef Hrudka, Fakulta bezpe\u010dnostn\u011b pr\u00e1vn\u00ed PA \u010cR v Praze, katedra policejn\u00edch \u010dinnost\u00ed P\u0159\u00edsp\u011bvek prezentuje empirick\u00e1 zji\u0161t\u011bn\u00ed d\u00edl\u010d\u00edho v\u011bdeckov\u00fdzkumn\u00e9ho \u00fakolu Policejn\u00ed akademie \u010cesk\u00e9 republiky v Praze &#8222;Zkou\u0161ka spolehlivosti &#8211; explikace, aplikace, efektivita&#8220;. Prvn\u00ed \u010d\u00e1st p\u0159\u00edsp\u011bvku je v\u011bnov\u00e1na m\u00ed\u0159e informovanosti zkou\u0161en\u00fdch osob o zkou\u0161ce spolehlivosti. C\u00edlem \u010d\u00e1sti druh\u00e9 je zjistit [&hellip;]<\/p>\n","protected":false},"author":2,"featured_media":0,"parent":848,"menu_order":2,"comment_status":"closed","ping_status":"closed","template":"","meta":{"footnotes":""},"class_list":["post-852","page","type-page","status-publish","hentry"],"_links":{"self":[{"href":"https:\/\/veda.polac.cz\/index.php?rest_route=\/wp\/v2\/pages\/852","targetHints":{"allow":["GET"]}}],"collection":[{"href":"https:\/\/veda.polac.cz\/index.php?rest_route=\/wp\/v2\/pages"}],"about":[{"href":"https:\/\/veda.polac.cz\/index.php?rest_route=\/wp\/v2\/types\/page"}],"author":[{"embeddable":true,"href":"https:\/\/veda.polac.cz\/index.php?rest_route=\/wp\/v2\/users\/2"}],"replies":[{"embeddable":true,"href":"https:\/\/veda.polac.cz\/index.php?rest_route=%2Fwp%2Fv2%2Fcomments&post=852"}],"version-history":[{"count":2,"href":"https:\/\/veda.polac.cz\/index.php?rest_route=\/wp\/v2\/pages\/852\/revisions"}],"predecessor-version":[{"id":878,"href":"https:\/\/veda.polac.cz\/index.php?rest_route=\/wp\/v2\/pages\/852\/revisions\/878"}],"up":[{"embeddable":true,"href":"https:\/\/veda.polac.cz\/index.php?rest_route=\/wp\/v2\/pages\/848"}],"wp:attachment":[{"href":"https:\/\/veda.polac.cz\/index.php?rest_route=%2Fwp%2Fv2%2Fmedia&parent=852"}],"curies":[{"name":"wp","href":"https:\/\/api.w.org\/{rel}","templated":true}]}}