{"id":85,"date":"2018-08-28T02:45:02","date_gmt":"2018-08-28T02:45:02","guid":{"rendered":"http:\/\/veda.polac.cz\/?page_id=85"},"modified":"2020-02-04T14:25:44","modified_gmt":"2020-02-04T14:25:44","slug":"01-2018","status":"publish","type":"page","link":"https:\/\/veda.polac.cz\/?page_id=85","title":{"rendered":"01\/2018"},"content":{"rendered":"<p><a href=\"https:\/\/veda.polac.cz\/?page_id=169\"><strong>Trendy f\u00fazie policajn\u00fdch \u010dinnost\u00ed a informa\u010dno-komunika\u010dn\u00fdch technol\u00f3gi\u00ed<\/strong><\/a><br \/>\nDr. h. c. doc. JUDr. Lucia Kurilovsk\u00e1, PhD., \u00dastav \u0161t\u00e1tu a pr\u00e1va SAV<br \/>\nAkad\u00e9mia Policajn\u00e9ho zboru v Bratislave<br \/>\nplk. Ing. Stanislav \u0160i\u0161ul\u00e1k, PhD., Akad\u00e9mia Policajn\u00e9ho zboru v Bratislave<\/p>\n<p><a href=\"https:\/\/veda.polac.cz\/wp-content\/uploads\/2018\/11\/012018Trendy-f\u00fazie-policajn\u00fdch-\u010dinnost\u00ed-a-informa\u010dno-komunika\u010dn\u00fdch-technol\u00f3gi\u00ed1.pdf\" target=\"_blank\" rel=\"noopener noreferrer\">Pdf form\u00e1t<\/a><\/p>\n<hr>\n<p><a href=\"https:\/\/veda.polac.cz\/?page_id=171\"><strong>K postaven\u00ed slu\u017eebn\u00edho funkcion\u00e1\u0159e v k\u00e1ze\u0148sk\u00e9m \u0159\u00edzen\u00ed a \u0159e\u0161en\u00ed n\u00e1mitky podjatosti<\/strong><\/a><br \/>\nJUDr. PhDr. Zden\u011bk Fiala, Ph.D., Policejn\u00ed akademie \u010cesk\u00e9 republiky v Praze, Fakulta bezpe\u010dnostn\u00edho managementu, katedra ve\u0159ejn\u00e9 spr\u00e1vy<\/p>\n<p><a href=\"https:\/\/veda.polac.cz\/wp-content\/uploads\/2018\/11\/012018K-postaven\u00ed-slu\u017eebn\u00edho-funkcion\u00e1\u0159e-v-k\u00e1ze\u0148sk\u00e9m-\u0159\u00edzen\u00ed-a-\u0159e\u0161en\u00ed-n\u00e1mitky-podjatosti.pdf\" target=\"_blank\" rel=\"noopener noreferrer\">Pdf form\u00e1t<\/a><\/p>\n<hr>\n<p><a href=\"https:\/\/veda.polac.cz\/?page_id=185\"><strong>Forenzn\u011b psychologick\u00e9 aspekty pachatele pojistn\u00e9ho podvodu a jeho indikace<\/strong><\/a><br \/>\nMgr. Martin Vysko\u010dil, student doktorsk\u00e9ho studia, Policejn\u00ed akademie \u010cesk\u00e9 republiky v Praze<\/p>\n<p><a href=\"https:\/\/veda.polac.cz\/wp-content\/uploads\/2018\/11\/012018Forenzn\u011b-psychologick\u00e9-aspekty-pachatele-pojistn\u00e9ho-podvodu-a-jeho-indikace.pdf\" target=\"_blank\" rel=\"noopener noreferrer\">Pdf form\u00e1t<\/a><\/p>\n<hr>\n<p><a href=\"https:\/\/veda.polac.cz\/?page_id=187\"><strong>Zahrani\u010dn\u00ed studie v\u011bnovan\u00e9 mo\u017en\u00e9mu naru\u0161en\u00ed z\u00e1sobov\u00e1n\u00ed ropou a ropn\u00fdmi produkty a krizov\u00e9 komunikaci souvisej\u00edc\u00ed s ropn\u00fdm pr\u016fmyslem<\/strong><\/a><br \/>\nMgr. Luk\u00e1\u0161 Harazin, Ph.D.; Mgr. Old\u0159ich Krul\u00edk, Ph.D., Policejn\u00ed akademie \u010cesk\u00e9 republiky v Praze, Fakulta bezpe\u010dnostn\u00edho managementu PA \u010cR v Praze, katedra krizov\u00e9ho \u0159\u00edzen\u00ed<\/p>\n<p><a href=\"https:\/\/veda.polac.cz\/wp-content\/uploads\/2018\/11\/012018Zahrani\u010dn\u00ed-studie-v\u011bnovan\u00e9-mo\u017en\u00e9mu-naru\u0161en\u00ed-z\u00e1sobov\u00e1n\u00ed-ropou-a-ropn\u00fdmi-produkty-a-krizov\u00e9-komunikaci-souvisej\u00edc\u00ed-s-ropn\u00fdm-pr\u016fmyslem.pdf\" target=\"_blank\" rel=\"noopener noreferrer\">Pdf form\u00e1t<\/a><\/p>\n<hr>\n<p><a href=\"https:\/\/veda.polac.cz\/?page_id=190\"><strong>Da\u0148ov\u00e9 podvody v p\u0159eshrani\u010dn\u00edm obchod\u011b<\/strong><\/a><br \/>\ndoc. Ing. Alexej Sato, CSc., Vysok\u00e1 \u0161kola ekonomick\u00e1, Praha, katedra mezin\u00e1rodn\u00edho obchodu<\/p>\n<p><a href=\"https:\/\/veda.polac.cz\/wp-content\/uploads\/2018\/11\/012018Da\u0148ov\u00e9-podvody-v-p\u0159eshrani\u010dn\u00edm-obchod\u011b.pdf\" target=\"_blank\" rel=\"noopener noreferrer\">Pdf form\u00e1t<\/a><\/p>\n<hr>\n<p><a href=\"https:\/\/veda.polac.cz\/?page_id=192\"><strong>Vn\u00edm\u00e1n\u00ed bezpe\u010dnostn\u00edch hrozeb pro \u010ceskou republiku<\/strong><\/a><br \/>\nMgr. Lenka Jakubcov\u00e1, Ph.D., Policejn\u00ed akademie \u010cesk\u00e9 republiky v Praze, Fakulta bezpe\u010dnostn\u00edho managementu, katedra krizov\u00e9ho \u0159\u00edzen\u00ed<\/p>\n<p><a href=\"https:\/\/veda.polac.cz\/wp-content\/uploads\/2018\/11\/012018Vn\u00edm\u00e1n\u00ed-bezpe\u010dnostn\u00edch-hrozeb-pro-\u010ceskou-republiku.pdf\" target=\"_blank\" rel=\"noopener noreferrer\">Pdf form\u00e1t<\/a><\/p>\n<hr>\n<p><a href=\"https:\/\/veda.polac.cz\/?page_id=194\"><strong>Rozpustenie politick\u00fdch str\u00e1n v \u010ceskej republike a Slovenskej republike<\/strong><\/a><br \/>\nMartin Kovani\u010d, M.A., Ph.D., PhDr. Josef Smol\u00edk, Ph.D., MBA, LL.M., \u00dastav soci\u00e1ln\u00edho rozvoje, Fakulta region\u00e1ln\u00edho rozvoje a mezin\u00e1rodn\u00edch studi\u00ed, Mendelova Univerzita v Brn\u011b<\/p>\n<p><a href=\"https:\/\/veda.polac.cz\/wp-content\/uploads\/2018\/11\/012018Rozpustenie-politick\u00fdch-str\u00e1n-v-\u010ceskej-republike-a-Slovenskej-republike.pdf\" target=\"_blank\" rel=\"noopener noreferrer\">Pdf form\u00e1t<\/a><\/p>\n<hr>\n<p><a href=\"https:\/\/veda.polac.cz\/?page_id=197\"><strong>\u0158idi\u010di pod vlivem n\u00e1vykov\u00fdch l\u00e1tek (v\u010detn\u011b alkoholu)<\/strong><\/a><br \/>\nplk. JUDr. Mgr. Michal Hol\u010dapek, student doktorsk\u00e9ho studia Policejn\u00ed akademie \u010cesk\u00e9 republiky v Praze, \u00fazemn\u00ed odbor \u010cesk\u00e9 Bud\u011bjovice Krajsk\u00e9 \u0159editelstv\u00ed policie Jiho\u010desk\u00e9ho kraje<\/p>\n<p><a href=\"https:\/\/veda.polac.cz\/wp-content\/uploads\/2018\/11\/012018\u0158idi\u010di-pod-vlivem-n\u00e1vykov\u00fdch-l\u00e1tek.pdf\" target=\"_blank\" rel=\"noopener noreferrer\">Pdf form\u00e1t<\/a><\/p>\n<hr>\n<p><strong>Anal\u00fdza pripravenosti syst\u00e9mu kr\u00edzov\u00e9ho mana\u017ementu v SR pri realiz\u00e1cii vn\u00fatornej bezpe\u010dnosti Eur\u00f3pskej \u00fanie<\/strong><br \/>\nJUDr. Eva Kem\u00e9\u0148ov\u00e1, PhD., Akad\u00e9mia policajn\u00e9ho zboru Bratislava, Katedra verejnej spr\u00e1vy a kr\u00edzov\u00e9ho mana\u017ementu<\/p>\n<p><a href=\"https:\/\/veda.polac.cz\/wp-content\/uploads\/2018\/11\/012018Anal\u00fdza-pripravenosti-syst\u00e9mu-kr\u00edzov\u00e9ho-mana\u017ementu-v-SR-pri-realiz\u00e1cii-vn\u00fatornej-bezpe\u010dnosti-Eur\u00f3pskej-\u00fanie.pdf\" target=\"_blank\" rel=\"noopener noreferrer\">Pdf form\u00e1t<\/a><\/p>\n<hr>\n<p><strong>Aktu\u00e1ln\u00ed v\u00fdvoj v souvislosti s &#8222;N\u00e1rodn\u00ed universitou ve\u0159ejn\u00e9 slu\u017eby&#8220; Ma\u010farska<\/strong><br \/>\nMgr. Franti\u0161ek H\u0159eb\u00edk, Ph.D., Policejn\u00ed akademie \u010cesk\u00e9 republiky v Praze, Fakulta bezpe\u010dnostn\u00edho managementu, katedra managementu a informatiky<br \/>\nMgr. Old\u0159ich Krul\u00edk, Ph.D., Policejn\u00ed akademie \u010cesk\u00e9 republiky v Praze, Fakulta bezpe\u010dnostn\u00edho managementu, katedra krizov\u00e9ho \u0159\u00edzen\u00ed<\/p>\n<p><a href=\"https:\/\/veda.polac.cz\/wp-content\/uploads\/2018\/11\/012018Aktu\u00e1ln\u00ed-v\u00fdvoj-v-souvislosti-s-\u201eN\u00e1rodn\u00ed-universitou-ve\u0159ejn\u00e9-slu\u017eby\u201c-Ma\u010farska.pdf\" target=\"_blank\" rel=\"noopener noreferrer\">Pdf form\u00e1t<\/a><\/p>\n","protected":false},"excerpt":{"rendered":"<p>Trendy f\u00fazie policajn\u00fdch \u010dinnost\u00ed a informa\u010dno-komunika\u010dn\u00fdch technol\u00f3gi\u00ed Dr. h. c. doc. JUDr. Lucia Kurilovsk\u00e1, PhD., \u00dastav \u0161t\u00e1tu a pr\u00e1va SAV Akad\u00e9mia Policajn\u00e9ho zboru v Bratislave plk. Ing. Stanislav \u0160i\u0161ul\u00e1k, PhD., Akad\u00e9mia Policajn\u00e9ho zboru v Bratislave Pdf form\u00e1t K postaven\u00ed slu\u017eebn\u00edho funkcion\u00e1\u0159e v k\u00e1ze\u0148sk\u00e9m \u0159\u00edzen\u00ed a \u0159e\u0161en\u00ed n\u00e1mitky podjatosti JUDr. PhDr. Zden\u011bk Fiala, Ph.D., Policejn\u00ed akademie [&hellip;]<\/p>\n","protected":false},"author":6,"featured_media":0,"parent":231,"menu_order":2,"comment_status":"closed","ping_status":"closed","template":"","meta":{"footnotes":""},"class_list":["post-85","page","type-page","status-publish","hentry"],"_links":{"self":[{"href":"https:\/\/veda.polac.cz\/index.php?rest_route=\/wp\/v2\/pages\/85","targetHints":{"allow":["GET"]}}],"collection":[{"href":"https:\/\/veda.polac.cz\/index.php?rest_route=\/wp\/v2\/pages"}],"about":[{"href":"https:\/\/veda.polac.cz\/index.php?rest_route=\/wp\/v2\/types\/page"}],"author":[{"embeddable":true,"href":"https:\/\/veda.polac.cz\/index.php?rest_route=\/wp\/v2\/users\/6"}],"replies":[{"embeddable":true,"href":"https:\/\/veda.polac.cz\/index.php?rest_route=%2Fwp%2Fv2%2Fcomments&post=85"}],"version-history":[{"count":17,"href":"https:\/\/veda.polac.cz\/index.php?rest_route=\/wp\/v2\/pages\/85\/revisions"}],"predecessor-version":[{"id":5949,"href":"https:\/\/veda.polac.cz\/index.php?rest_route=\/wp\/v2\/pages\/85\/revisions\/5949"}],"up":[{"embeddable":true,"href":"https:\/\/veda.polac.cz\/index.php?rest_route=\/wp\/v2\/pages\/231"}],"wp:attachment":[{"href":"https:\/\/veda.polac.cz\/index.php?rest_route=%2Fwp%2Fv2%2Fmedia&parent=85"}],"curies":[{"name":"wp","href":"https:\/\/api.w.org\/{rel}","templated":true}]}}