{"id":848,"date":"2018-09-13T21:09:25","date_gmt":"2018-09-13T21:09:25","guid":{"rendered":"http:\/\/veda.polac.cz\/?page_id=848"},"modified":"2019-04-18T10:47:54","modified_gmt":"2019-04-18T10:47:54","slug":"01-2014","status":"publish","type":"page","link":"https:\/\/veda.polac.cz\/?page_id=848","title":{"rendered":"01\/2014"},"content":{"rendered":"<p><a href=\"https:\/\/veda.polac.cz\/?page_id=836\"><strong>\u0158\u00edzen\u00ed mezin\u00e1rodn\u00ed policejn\u00ed spolupr\u00e1ce v kontextu n\u00e1rodn\u00ed identity\u00a0<\/strong><\/a><br \/>\nJUDr. J\u00f6rg Petermann<\/p>\n<hr \/>\n<p><a href=\"https:\/\/veda.polac.cz\/?page_id=852\"><strong>Akceptace zkou\u0161ky spolehlivosti\u00a0<\/strong><\/a><br \/>\npplk. JUDr. Josef Hrudka<\/p>\n<hr \/>\n<p><a href=\"https:\/\/veda.polac.cz\/?page_id=854\"><strong>Sv\u011bdeck\u00e1 zp\u016fsobilost ob\u011bt\u00ed\u00a0<\/strong><\/a><br \/>\ndoc. PhDr. Ludmila \u010c\u00edrtkov\u00e1, CSc.<\/p>\n<hr \/>\n<p><a href=\"https:\/\/veda.polac.cz\/?page_id=856\"><strong>Vliv oxytocinu na chov\u00e1n\u00ed\u00a0<\/strong><\/a><br \/>\ndoc. MUDr. Ladislav Hess, DrSc.<\/p>\n<hr \/>\n<p><a href=\"https:\/\/veda.polac.cz\/?page_id=858\"><strong>Evropsk\u00e9 a vnitrost\u00e1tn\u00ed z\u00e1klady shroma\u017e\u010fovac\u00edho pr\u00e1va &#8211; \u00fastavn\u011bpr\u00e1vn\u00ed pohled\u00a0<\/strong><\/a><br \/>\nJUDr. Ale\u0161 Zp\u011bv\u00e1k<\/p>\n<hr \/>\n<p><a href=\"https:\/\/veda.polac.cz\/?page_id=860\"><strong>Kompeten\u010dn\u00fd pr\u00edstup vo v\u00fdu\u010dbe mana\u017e\u00e9rskych discipl\u00edn v odbore kr\u00edzov\u00fd mana\u017ement\u00a0<\/strong><\/a><br \/>\ndoc. Mgr. Vladim\u00edr Tom\u00e1\u0161 M\u00edka, PhD.<\/p>\n<hr \/>\n<p><a href=\"https:\/\/veda.polac.cz\/?page_id=862\"><strong>K institucion\u00e1ln\u00edmu odli\u0161en\u00ed zpravodajsk\u00fdch slu\u017eeb a policie\u00a0<\/strong><\/a><br \/>\ndoc. JUDr. Ladislav Pokorn\u00fd, Ph.D.<\/p>\n<hr \/>\n<p><a href=\"https:\/\/veda.polac.cz\/?page_id=864\"><strong>Stru\u010dn\u00fdm exkursem ke koncepci vlastnick\u00e9ho pr\u00e1va v kontextu s listinou z\u00e1kladn\u00edch pr\u00e1v a svobod\u00a0<\/strong><\/a><br \/>\nJUDr. Ale\u0161 Zp\u011bv\u00e1k, JUDr. Tereza Jon\u00e1kov\u00e1<\/p>\n<hr \/>\n<p><a href=\"https:\/\/veda.polac.cz\/?page_id=866\"><strong>Kriminalita cizinc\u016f a imigra\u010dn\u00ed politika\u00a0<\/strong><\/a><br \/>\nMgr. Josef Koudelka<\/p>\n<hr \/>\n<p><a href=\"https:\/\/veda.polac.cz\/?page_id=868\"><strong>Pou\u017eit\u00ed omezovac\u00edch prost\u0159edk\u016f mimo l\u016f\u017ekov\u00e1 zdravotnick\u00e1 za\u0159\u00edzen\u00ed\u00a0<\/strong><\/a><br \/>\nMUDr. Ivan David, CSc.<\/p>\n<hr \/>\n<p><a href=\"https:\/\/veda.polac.cz\/?page_id=870\"><strong>Lidsk\u00fd pach a doba jeho uchov\u00e1n\u00ed na v\u011bcn\u00e9m d\u016fkazu &#8211; metoda pachov\u00e9 identifikace\u00a0<\/strong><\/a><br \/>\nplk. JUDr. Franti\u0161ek Klimus a kol.<\/p>\n<hr \/>\n<p><a href=\"https:\/\/veda.polac.cz\/?page_id=872\"><strong>Paradigma bezpe\u010dnostn\u00edho managementu a jeho zm\u011bna\u00a0<\/strong><\/a><br \/>\ndoc. Ing. Roman Zuz\u00e1k, Ph.D.<\/p>\n<hr \/>\n<p><a href=\"https:\/\/veda.polac.cz\/?page_id=235\">Zp\u011bt<\/a><\/p>\n","protected":false},"excerpt":{"rendered":"<p>\u0158\u00edzen\u00ed mezin\u00e1rodn\u00ed policejn\u00ed spolupr\u00e1ce v kontextu n\u00e1rodn\u00ed identity\u00a0 JUDr. J\u00f6rg Petermann Akceptace zkou\u0161ky spolehlivosti\u00a0 pplk. JUDr. Josef Hrudka Sv\u011bdeck\u00e1 zp\u016fsobilost ob\u011bt\u00ed\u00a0 doc. PhDr. Ludmila \u010c\u00edrtkov\u00e1, CSc. Vliv oxytocinu na chov\u00e1n\u00ed\u00a0 doc. MUDr. Ladislav Hess, DrSc. Evropsk\u00e9 a vnitrost\u00e1tn\u00ed z\u00e1klady shroma\u017e\u010fovac\u00edho pr\u00e1va &#8211; \u00fastavn\u011bpr\u00e1vn\u00ed pohled\u00a0 JUDr. Ale\u0161 Zp\u011bv\u00e1k Kompeten\u010dn\u00fd pr\u00edstup vo v\u00fdu\u010dbe mana\u017e\u00e9rskych discipl\u00edn v odbore [&hellip;]<\/p>\n","protected":false},"author":2,"featured_media":0,"parent":235,"menu_order":12,"comment_status":"closed","ping_status":"closed","template":"","meta":{"footnotes":""},"class_list":["post-848","page","type-page","status-publish","hentry"],"_links":{"self":[{"href":"https:\/\/veda.polac.cz\/index.php?rest_route=\/wp\/v2\/pages\/848","targetHints":{"allow":["GET"]}}],"collection":[{"href":"https:\/\/veda.polac.cz\/index.php?rest_route=\/wp\/v2\/pages"}],"about":[{"href":"https:\/\/veda.polac.cz\/index.php?rest_route=\/wp\/v2\/types\/page"}],"author":[{"embeddable":true,"href":"https:\/\/veda.polac.cz\/index.php?rest_route=\/wp\/v2\/users\/2"}],"replies":[{"embeddable":true,"href":"https:\/\/veda.polac.cz\/index.php?rest_route=%2Fwp%2Fv2%2Fcomments&post=848"}],"version-history":[{"count":3,"href":"https:\/\/veda.polac.cz\/index.php?rest_route=\/wp\/v2\/pages\/848\/revisions"}],"predecessor-version":[{"id":2636,"href":"https:\/\/veda.polac.cz\/index.php?rest_route=\/wp\/v2\/pages\/848\/revisions\/2636"}],"up":[{"embeddable":true,"href":"https:\/\/veda.polac.cz\/index.php?rest_route=\/wp\/v2\/pages\/235"}],"wp:attachment":[{"href":"https:\/\/veda.polac.cz\/index.php?rest_route=%2Fwp%2Fv2%2Fmedia&parent=848"}],"curies":[{"name":"wp","href":"https:\/\/api.w.org\/{rel}","templated":true}]}}