{"id":836,"date":"2018-09-13T21:10:22","date_gmt":"2018-09-13T21:10:22","guid":{"rendered":"http:\/\/veda.polac.cz\/?page_id=836"},"modified":"2018-10-27T18:54:12","modified_gmt":"2018-10-27T18:54:12","slug":"1-2","status":"publish","type":"page","link":"https:\/\/veda.polac.cz\/?page_id=836","title":{"rendered":""},"content":{"rendered":"<p style=\"text-align: center;\">Resum\u00e9 \u010dl\u00e1nku<\/p>\n<p><strong>\u0158\u00edzen\u00ed mezin\u00e1rodn\u00ed policejn\u00ed spolupr\u00e1ce v kontextu n\u00e1rodn\u00ed identity<br \/>\n<\/strong><i>JUDr. J\u00f6rg Petermann, Policejn\u00ed \u0159editelstv\u00ed Zwickau, policejn\u00ed rada<\/i><\/p>\n<p>\u010cl\u00e1nek speci\u00e1ln\u011b prohlubuje tematiku p\u016fsoben\u00ed organiza\u010dn\u011b specifick\u00fdch vnit\u0159n\u00edch a vn\u011bj\u0161\u00edch vliv\u016f na strategick\u00fd rozvojov\u00fd proces polici\u00ed v kontextu n\u00e1rodn\u00ed identity obyvatelstva jednotliv\u00fdch st\u00e1t\u016f, jako\u017e i jejich \u00fa\u010dinky na person\u00e1ln\u00ed a kolektivn\u011b sd\u00edlen\u00e9 m\u00edn\u011bn\u00ed a postoje ve ve\u0159ejnosti a ve sf\u00e9\u0159e spolupracovn\u00edk\u016f doty\u010dn\u00fdch policejn\u00edch organizac\u00ed se z\u0159etelem na faktickou adaptivn\u00ed harmonizaci z\u00e1kladn\u00edch n\u00e1rodn\u011b konstitutivn\u00edch element\u016f. D\u00edl\u010d\u00edm v\u00fdzkumem byly z\u00edsk\u00e1ny poznatky, kter\u00e9 jsou nepostradateln\u00e9 p\u0159i anal\u00fdze procesu strategick\u00e9ho pl\u00e1nov\u00e1n\u00ed pro rozvoj mezin\u00e1rodn\u00edho policejn\u00edho managementu. S t\u00edm je \u00fazce spjat\u00e9 tak\u00e9 vytvo\u0159en\u00ed konkr\u00e9tn\u00edch doporu\u010den\u00ed pro \u0159\u00edd\u00edc\u00ed management dot\u010den\u00fdch policejn\u00edch organizac\u00ed.<br \/>\n<strong>Kl\u00ed\u010dov\u00e1 slova:<\/strong>\u00a0v\u00fdvoj mezin\u00e1rodn\u00edch policejn\u00edch organiza\u010dn\u00edch strategi\u00ed, pozitivn\u00ed soci\u00e1ln\u00ed identita, n\u00e1rodn\u00ed identita, mezin\u00e1rodn\u00ed spolupr\u00e1ce policejn\u00edch organizac\u00ed, evropsk\u00fd policejn\u00ed kooperace, Policie \u010cesk\u00e9 republiky, Policie Svobodn\u00e9ho st\u00e1tu Sasko, interkulturn\u00ed kompetence, mezin\u00e1rodn\u00ed policejn\u00ed management, mezin\u00e1rodn\u00ed strategick\u00fd management, n\u00e1rodn\u00ed organiza\u010dn\u00ed kultura policie.<\/p>\n<p><a href=\"https:\/\/veda.polac.cz\/?page_id=848\">01\/2014<\/a><\/p>\n","protected":false},"excerpt":{"rendered":"<p>Resum\u00e9 \u010dl\u00e1nku \u0158\u00edzen\u00ed mezin\u00e1rodn\u00ed policejn\u00ed spolupr\u00e1ce v kontextu n\u00e1rodn\u00ed identity JUDr. J\u00f6rg Petermann, Policejn\u00ed \u0159editelstv\u00ed Zwickau, policejn\u00ed rada \u010cl\u00e1nek speci\u00e1ln\u011b prohlubuje tematiku p\u016fsoben\u00ed organiza\u010dn\u011b specifick\u00fdch vnit\u0159n\u00edch a vn\u011bj\u0161\u00edch vliv\u016f na strategick\u00fd rozvojov\u00fd proces polici\u00ed v kontextu n\u00e1rodn\u00ed identity obyvatelstva jednotliv\u00fdch st\u00e1t\u016f, jako\u017e i jejich \u00fa\u010dinky na person\u00e1ln\u00ed a kolektivn\u011b sd\u00edlen\u00e9 m\u00edn\u011bn\u00ed a postoje ve ve\u0159ejnosti [&hellip;]<\/p>\n","protected":false},"author":2,"featured_media":0,"parent":848,"menu_order":1,"comment_status":"closed","ping_status":"closed","template":"","meta":{"footnotes":""},"class_list":["post-836","page","type-page","status-publish","hentry"],"_links":{"self":[{"href":"https:\/\/veda.polac.cz\/index.php?rest_route=\/wp\/v2\/pages\/836","targetHints":{"allow":["GET"]}}],"collection":[{"href":"https:\/\/veda.polac.cz\/index.php?rest_route=\/wp\/v2\/pages"}],"about":[{"href":"https:\/\/veda.polac.cz\/index.php?rest_route=\/wp\/v2\/types\/page"}],"author":[{"embeddable":true,"href":"https:\/\/veda.polac.cz\/index.php?rest_route=\/wp\/v2\/users\/2"}],"replies":[{"embeddable":true,"href":"https:\/\/veda.polac.cz\/index.php?rest_route=%2Fwp%2Fv2%2Fcomments&post=836"}],"version-history":[{"count":3,"href":"https:\/\/veda.polac.cz\/index.php?rest_route=\/wp\/v2\/pages\/836\/revisions"}],"predecessor-version":[{"id":877,"href":"https:\/\/veda.polac.cz\/index.php?rest_route=\/wp\/v2\/pages\/836\/revisions\/877"}],"up":[{"embeddable":true,"href":"https:\/\/veda.polac.cz\/index.php?rest_route=\/wp\/v2\/pages\/848"}],"wp:attachment":[{"href":"https:\/\/veda.polac.cz\/index.php?rest_route=%2Fwp%2Fv2%2Fmedia&parent=836"}],"curies":[{"name":"wp","href":"https:\/\/api.w.org\/{rel}","templated":true}]}}