{"id":834,"date":"2018-09-13T21:03:49","date_gmt":"2018-09-13T21:03:49","guid":{"rendered":"http:\/\/veda.polac.cz\/?page_id=834"},"modified":"2018-10-27T19:01:13","modified_gmt":"2018-10-27T19:01:13","slug":"9-2","status":"publish","type":"page","link":"https:\/\/veda.polac.cz\/?page_id=834","title":{"rendered":""},"content":{"rendered":"<p style=\"text-align: center;\">Resum\u00e9 \u010dl\u00e1nku<\/p>\n<p><strong>D\u016fvody a dopady zru\u0161en\u00ed obecn\u00ed policie v n\u011bkter\u00fdch obc\u00edch v \u010cesk\u00e9 republice<br \/>\n<\/strong><i>Bc. Ond\u0159ej Werich, Hasi\u010dsk\u00e1 z\u00e1chrann\u00e1 slu\u017eba, Spr\u00e1va \u017eelezni\u010dn\u00ed dopravn\u00ed cesty<\/p>\n<p><\/i>P\u0159\u00edsp\u011bvek si klade za c\u00edl sledovat v\u00fdvoj v obc\u00edch, kter\u00e9 v letech 2010 a\u017e 2013 v\u010detn\u011b zru\u0161ily svou obecn\u00ed policii. P\u0159itom je pozornost v\u011bnov\u00e1na tomu, jak\u00fdm zp\u016fsobem bylo zru\u0161en\u00ed obecn\u00ed policie od\u016fvodn\u011bno, respektive zda tyto obce za zru\u0161en\u00e9 obecn\u00ed policie zavedly n\u011bjakou alternativu respektive n\u00e1hradu.<br \/>\n<strong>Kl\u00ed\u010dov\u00e1 slova:<\/strong>\u00a0m\u00edstn\u00ed z\u00e1le\u017eitosti ve\u0159ejn\u00e9ho po\u0159\u00e1dku, obecn\u00ed policie, \u00fasporn\u00e1 opat\u0159en\u00ed, koordina\u010dn\u00ed dohody, sousedsk\u00e9 hl\u00eddky.<i><br \/>\n<\/i><\/p>\n<p style=\"text-align: left;\"><a href=\"https:\/\/veda.polac.cz\/?page_id=815\">02\/2014<\/a><\/p>\n","protected":false},"excerpt":{"rendered":"<p>Resum\u00e9 \u010dl\u00e1nku D\u016fvody a dopady zru\u0161en\u00ed obecn\u00ed policie v n\u011bkter\u00fdch obc\u00edch v \u010cesk\u00e9 republice Bc. Ond\u0159ej Werich, Hasi\u010dsk\u00e1 z\u00e1chrann\u00e1 slu\u017eba, Spr\u00e1va \u017eelezni\u010dn\u00ed dopravn\u00ed cesty P\u0159\u00edsp\u011bvek si klade za c\u00edl sledovat v\u00fdvoj v obc\u00edch, kter\u00e9 v letech 2010 a\u017e 2013 v\u010detn\u011b zru\u0161ily svou obecn\u00ed policii. P\u0159itom je pozornost v\u011bnov\u00e1na tomu, jak\u00fdm zp\u016fsobem bylo zru\u0161en\u00ed obecn\u00ed policie [&hellip;]<\/p>\n","protected":false},"author":2,"featured_media":0,"parent":815,"menu_order":9,"comment_status":"closed","ping_status":"closed","template":"","meta":{"footnotes":""},"class_list":["post-834","page","type-page","status-publish","hentry"],"_links":{"self":[{"href":"https:\/\/veda.polac.cz\/index.php?rest_route=\/wp\/v2\/pages\/834","targetHints":{"allow":["GET"]}}],"collection":[{"href":"https:\/\/veda.polac.cz\/index.php?rest_route=\/wp\/v2\/pages"}],"about":[{"href":"https:\/\/veda.polac.cz\/index.php?rest_route=\/wp\/v2\/types\/page"}],"author":[{"embeddable":true,"href":"https:\/\/veda.polac.cz\/index.php?rest_route=\/wp\/v2\/users\/2"}],"replies":[{"embeddable":true,"href":"https:\/\/veda.polac.cz\/index.php?rest_route=%2Fwp%2Fv2%2Fcomments&post=834"}],"version-history":[{"count":2,"href":"https:\/\/veda.polac.cz\/index.php?rest_route=\/wp\/v2\/pages\/834\/revisions"}],"predecessor-version":[{"id":845,"href":"https:\/\/veda.polac.cz\/index.php?rest_route=\/wp\/v2\/pages\/834\/revisions\/845"}],"up":[{"embeddable":true,"href":"https:\/\/veda.polac.cz\/index.php?rest_route=\/wp\/v2\/pages\/815"}],"wp:attachment":[{"href":"https:\/\/veda.polac.cz\/index.php?rest_route=%2Fwp%2Fv2%2Fmedia&parent=834"}],"curies":[{"name":"wp","href":"https:\/\/api.w.org\/{rel}","templated":true}]}}