{"id":832,"date":"2018-09-13T21:02:39","date_gmt":"2018-09-13T21:02:39","guid":{"rendered":"http:\/\/veda.polac.cz\/?page_id=832"},"modified":"2018-10-27T19:01:13","modified_gmt":"2018-10-27T19:01:13","slug":"8-2","status":"publish","type":"page","link":"https:\/\/veda.polac.cz\/?page_id=832","title":{"rendered":""},"content":{"rendered":"<p style=\"text-align: center;\">Resum\u00e9 \u010dl\u00e1nku<\/p>\n<p><strong>Demografie a bezpe\u010dnostn\u00ed sbory v\u010dera, dnes a z\u00edtra<br \/>\n<\/strong><i>Mgr. Old\u0159ich Krul\u00edk, Ph.D., Fakulta bezpe\u010dnostn\u00edho managementu PA \u010cR v Praze, katedra krizov\u00e9ho \u0159\u00edzen\u00ed<\/p>\n<p><\/i>P\u0159\u00edsp\u011bvek ve stru\u010dnosti sumarizuje obsah n\u011bkolika zahrani\u010dn\u00edch studi\u00ed, v\u011bnuj\u00edc\u00edch se t\u00e9matu dopadu demografick\u00e9ho v\u00fdvoje na policejn\u00ed pr\u00e1ci. Tyto vize jsou obvykle sp\u00ed\u0161e pesimistick\u00e9, nap\u0159\u00edklad s t\u00edm, \u017ee jedin\u011b efektivn\u011bj\u0161\u00ed vyu\u017e\u00edv\u00e1n\u00ed pokro\u010dil\u00e9 techniky m\u016f\u017ee zvr\u00e1tit socioekonomick\u00e9 \u010di demografick\u00e9 trendy, kter\u00e9 jsou mnohde ji\u017e nyn\u00ed viditeln\u00e9.<br \/>\n<strong>Kl\u00ed\u010dov\u00e1 slova:<\/strong>\u00a0Demografie, policejn\u00ed s\u00edly, predikce budouc\u00edho v\u00fdvoje, zahrani\u010dn\u00ed inspirace.<i><br \/>\n<\/i><\/p>\n<p><a href=\"https:\/\/veda.polac.cz\/?page_id=815\">02\/2014<\/a><\/p>\n","protected":false},"excerpt":{"rendered":"<p>Resum\u00e9 \u010dl\u00e1nku Demografie a bezpe\u010dnostn\u00ed sbory v\u010dera, dnes a z\u00edtra Mgr. Old\u0159ich Krul\u00edk, Ph.D., Fakulta bezpe\u010dnostn\u00edho managementu PA \u010cR v Praze, katedra krizov\u00e9ho \u0159\u00edzen\u00ed P\u0159\u00edsp\u011bvek ve stru\u010dnosti sumarizuje obsah n\u011bkolika zahrani\u010dn\u00edch studi\u00ed, v\u011bnuj\u00edc\u00edch se t\u00e9matu dopadu demografick\u00e9ho v\u00fdvoje na policejn\u00ed pr\u00e1ci. Tyto vize jsou obvykle sp\u00ed\u0161e pesimistick\u00e9, nap\u0159\u00edklad s t\u00edm, \u017ee jedin\u011b efektivn\u011bj\u0161\u00ed vyu\u017e\u00edv\u00e1n\u00ed pokro\u010dil\u00e9 [&hellip;]<\/p>\n","protected":false},"author":2,"featured_media":0,"parent":815,"menu_order":8,"comment_status":"closed","ping_status":"closed","template":"","meta":{"footnotes":""},"class_list":["post-832","page","type-page","status-publish","hentry"],"_links":{"self":[{"href":"https:\/\/veda.polac.cz\/index.php?rest_route=\/wp\/v2\/pages\/832","targetHints":{"allow":["GET"]}}],"collection":[{"href":"https:\/\/veda.polac.cz\/index.php?rest_route=\/wp\/v2\/pages"}],"about":[{"href":"https:\/\/veda.polac.cz\/index.php?rest_route=\/wp\/v2\/types\/page"}],"author":[{"embeddable":true,"href":"https:\/\/veda.polac.cz\/index.php?rest_route=\/wp\/v2\/users\/2"}],"replies":[{"embeddable":true,"href":"https:\/\/veda.polac.cz\/index.php?rest_route=%2Fwp%2Fv2%2Fcomments&post=832"}],"version-history":[{"count":2,"href":"https:\/\/veda.polac.cz\/index.php?rest_route=\/wp\/v2\/pages\/832\/revisions"}],"predecessor-version":[{"id":844,"href":"https:\/\/veda.polac.cz\/index.php?rest_route=\/wp\/v2\/pages\/832\/revisions\/844"}],"up":[{"embeddable":true,"href":"https:\/\/veda.polac.cz\/index.php?rest_route=\/wp\/v2\/pages\/815"}],"wp:attachment":[{"href":"https:\/\/veda.polac.cz\/index.php?rest_route=%2Fwp%2Fv2%2Fmedia&parent=832"}],"curies":[{"name":"wp","href":"https:\/\/api.w.org\/{rel}","templated":true}]}}