{"id":830,"date":"2018-09-13T21:01:46","date_gmt":"2018-09-13T21:01:46","guid":{"rendered":"http:\/\/veda.polac.cz\/?page_id=830"},"modified":"2018-10-27T19:01:13","modified_gmt":"2018-10-27T19:01:13","slug":"7-2","status":"publish","type":"page","link":"https:\/\/veda.polac.cz\/?page_id=830","title":{"rendered":""},"content":{"rendered":"<p style=\"text-align: center;\">Resum\u00e9 \u010dl\u00e1nku<\/p>\n<p><strong>Aktu\u00e1ln\u00ed p\u0159\u00edstupy k \u0159e\u0161en\u00ed problematiky fotbalov\u00e9ho chulig\u00e1nstv\u00ed v \u010cR<br \/>\n<\/strong><i>kpt. JUDr. Petr Kou\u0159il, Policie \u010cesk\u00e9 republiky, Krajsk\u00e9 \u0159editelstv\u00ed policie Jihomoravsk\u00e9ho kraje, \u0160koln\u00ed policejn\u00ed st\u0159edisko Brno<\/p>\n<p><\/i>Autor p\u0159\u00edsp\u011bvku se zab\u00fdv\u00e1 sou\u010dasn\u00fdmi probl\u00e9my tuzemsk\u00e9 aplika\u010dn\u00ed praxe v p\u0159\u00edpadech fotbalov\u00e9ho chulig\u00e1nstv\u00ed, aktu\u00e1ln\u00edmi p\u0159\u00edstupy k jejich \u0159e\u0161en\u00ed, nov\u00fdmi trendy i vybran\u00fdmi bezpe\u010dnostn\u00edmi aspekty a zam\u00fd\u0161l\u00ed se nad p\u0159edpokl\u00e1dan\u00fdm budouc\u00edm v\u00fdvojem p\u0159edm\u011btn\u00e9 problematiky.<br \/>\n<strong>Kl\u00ed\u010dov\u00e1 slova:<\/strong>\u00a0fotbalov\u00e9 chulig\u00e1nstv\u00ed, fotbal, aktu\u00e1ln\u00ed p\u0159\u00edstupy, bezpe\u010dnostn\u00ed aspekty, prevence kriminality, \u010cesk\u00e1 republika.<i><br \/>\n<\/i><\/p>\n<p><a href=\"https:\/\/veda.polac.cz\/?page_id=815\">02\/2014<\/a><\/p>\n","protected":false},"excerpt":{"rendered":"<p>Resum\u00e9 \u010dl\u00e1nku Aktu\u00e1ln\u00ed p\u0159\u00edstupy k \u0159e\u0161en\u00ed problematiky fotbalov\u00e9ho chulig\u00e1nstv\u00ed v \u010cR kpt. JUDr. Petr Kou\u0159il, Policie \u010cesk\u00e9 republiky, Krajsk\u00e9 \u0159editelstv\u00ed policie Jihomoravsk\u00e9ho kraje, \u0160koln\u00ed policejn\u00ed st\u0159edisko Brno Autor p\u0159\u00edsp\u011bvku se zab\u00fdv\u00e1 sou\u010dasn\u00fdmi probl\u00e9my tuzemsk\u00e9 aplika\u010dn\u00ed praxe v p\u0159\u00edpadech fotbalov\u00e9ho chulig\u00e1nstv\u00ed, aktu\u00e1ln\u00edmi p\u0159\u00edstupy k jejich \u0159e\u0161en\u00ed, nov\u00fdmi trendy i vybran\u00fdmi bezpe\u010dnostn\u00edmi aspekty a zam\u00fd\u0161l\u00ed se nad [&hellip;]<\/p>\n","protected":false},"author":2,"featured_media":0,"parent":815,"menu_order":7,"comment_status":"closed","ping_status":"closed","template":"","meta":{"footnotes":""},"class_list":["post-830","page","type-page","status-publish","hentry"],"_links":{"self":[{"href":"https:\/\/veda.polac.cz\/index.php?rest_route=\/wp\/v2\/pages\/830","targetHints":{"allow":["GET"]}}],"collection":[{"href":"https:\/\/veda.polac.cz\/index.php?rest_route=\/wp\/v2\/pages"}],"about":[{"href":"https:\/\/veda.polac.cz\/index.php?rest_route=\/wp\/v2\/types\/page"}],"author":[{"embeddable":true,"href":"https:\/\/veda.polac.cz\/index.php?rest_route=\/wp\/v2\/users\/2"}],"replies":[{"embeddable":true,"href":"https:\/\/veda.polac.cz\/index.php?rest_route=%2Fwp%2Fv2%2Fcomments&post=830"}],"version-history":[{"count":2,"href":"https:\/\/veda.polac.cz\/index.php?rest_route=\/wp\/v2\/pages\/830\/revisions"}],"predecessor-version":[{"id":843,"href":"https:\/\/veda.polac.cz\/index.php?rest_route=\/wp\/v2\/pages\/830\/revisions\/843"}],"up":[{"embeddable":true,"href":"https:\/\/veda.polac.cz\/index.php?rest_route=\/wp\/v2\/pages\/815"}],"wp:attachment":[{"href":"https:\/\/veda.polac.cz\/index.php?rest_route=%2Fwp%2Fv2%2Fmedia&parent=830"}],"curies":[{"name":"wp","href":"https:\/\/api.w.org\/{rel}","templated":true}]}}