{"id":828,"date":"2018-09-13T21:00:48","date_gmt":"2018-09-13T21:00:48","guid":{"rendered":"http:\/\/veda.polac.cz\/?page_id=828"},"modified":"2018-10-27T19:01:13","modified_gmt":"2018-10-27T19:01:13","slug":"6-2","status":"publish","type":"page","link":"https:\/\/veda.polac.cz\/?page_id=828","title":{"rendered":""},"content":{"rendered":"<p style=\"text-align: center;\">Resum\u00e9 \u010dl\u00e1nku<\/p>\n<p><strong>Manu\u00e1l postupu p\u0159i anal\u00fdze kriminality<br \/>\n<\/strong><i>Mgr. Vladim\u00edr Oliberius, Policie \u010cesk\u00e9 republiky O\u0158 Praha IV, vedouc\u00ed MO Nusle Praha IV<\/p>\n<p><\/i>\u010cl\u00e1nek n\u00e1s seznamuje s knihou &#8222;Anal\u00fdza kriminality v 60 kroc\u00edch&#8220; od autor\u016f Ronalda V. Clarka a Johna E. Ecka a s hlavn\u00edmi poznatky uveden\u00fdmi v t\u00e9to knize. Jedn\u00e1 se zejm\u00e9na o postupy p\u0159i anal\u00fdze kriminality a protipr\u00e1vn\u00edho jedn\u00e1n\u00ed na m\u00edstn\u00ed \u00farovni. Za velmi zaj\u00edmav\u00e9 a pou\u010dn\u00e9 pova\u017euji propojen\u00ed kriminologick\u00fdch teori\u00ed a poznatk\u016f do aplikovan\u00e9 praxe, tedy do b\u011b\u017en\u00e9 policejn\u00ed \u010dinnosti. Za velmi pou\u010dn\u00e9 pova\u017euji n\u00e1vody a praktick\u00e9 rady jak p\u0159i anal\u00fdze kriminality postupovat, jak poznatky z anal\u00fdzy kriminality vyu\u017e\u00edt p\u0159i aplikaci opat\u0159en\u00ed situa\u010dn\u00ed prevence p\u0159i \u0159e\u0161en\u00ed kriminality na m\u00edst\u00ed \u00farovni. Po sezn\u00e1men\u00ed s hlavn\u00edmi my\u0161lenkami se pokou\u0161\u00edm popsat konkr\u00e9tn\u00ed situaci policie v \u010cR na po\u010d\u00e1tku roku 2014. Zcela v z\u00e1v\u011bru velmi kr\u00e1tce konfrontuji &#8222;Strategii prevence kriminality pro roky 2012 a\u017e 2015 v \u010cR&#8220; s poznatky uveden\u00fdmi v tomto d\u00edle.<br \/>\n<strong>Kl\u00ed\u010dov\u00e1 slova:<\/strong>\u00a0anal\u00fdza kriminality, pozn\u00e1n\u00ed probl\u00e9mu, kriminalita na m\u00edstn\u00ed \u00farovni, shroma\u017e\u010fov\u00e1n\u00ed dat o kriminalit\u011b, troj\u00faheln\u00edk anal\u00fdzy kriminality, probl\u00e9mov\u011b zam\u011b\u0159en\u00e1 policejn\u00ed \u010dinnost, situa\u010dn\u00ed prevence, identifikace rizikov\u00fdch objekt\u016f, \u00fa\u010dinn\u00e1 opat\u0159en\u00ed, prevence kriminality.<\/p>\n<p><a href=\"https:\/\/veda.polac.cz\/?page_id=815\">02\/2014<\/a><\/p>\n","protected":false},"excerpt":{"rendered":"<p>Resum\u00e9 \u010dl\u00e1nku Manu\u00e1l postupu p\u0159i anal\u00fdze kriminality Mgr. Vladim\u00edr Oliberius, Policie \u010cesk\u00e9 republiky O\u0158 Praha IV, vedouc\u00ed MO Nusle Praha IV \u010cl\u00e1nek n\u00e1s seznamuje s knihou &#8222;Anal\u00fdza kriminality v 60 kroc\u00edch&#8220; od autor\u016f Ronalda V. Clarka a Johna E. Ecka a s hlavn\u00edmi poznatky uveden\u00fdmi v t\u00e9to knize. Jedn\u00e1 se zejm\u00e9na o postupy p\u0159i anal\u00fdze [&hellip;]<\/p>\n","protected":false},"author":2,"featured_media":0,"parent":815,"menu_order":6,"comment_status":"closed","ping_status":"closed","template":"","meta":{"footnotes":""},"class_list":["post-828","page","type-page","status-publish","hentry"],"_links":{"self":[{"href":"https:\/\/veda.polac.cz\/index.php?rest_route=\/wp\/v2\/pages\/828","targetHints":{"allow":["GET"]}}],"collection":[{"href":"https:\/\/veda.polac.cz\/index.php?rest_route=\/wp\/v2\/pages"}],"about":[{"href":"https:\/\/veda.polac.cz\/index.php?rest_route=\/wp\/v2\/types\/page"}],"author":[{"embeddable":true,"href":"https:\/\/veda.polac.cz\/index.php?rest_route=\/wp\/v2\/users\/2"}],"replies":[{"embeddable":true,"href":"https:\/\/veda.polac.cz\/index.php?rest_route=%2Fwp%2Fv2%2Fcomments&post=828"}],"version-history":[{"count":2,"href":"https:\/\/veda.polac.cz\/index.php?rest_route=\/wp\/v2\/pages\/828\/revisions"}],"predecessor-version":[{"id":842,"href":"https:\/\/veda.polac.cz\/index.php?rest_route=\/wp\/v2\/pages\/828\/revisions\/842"}],"up":[{"embeddable":true,"href":"https:\/\/veda.polac.cz\/index.php?rest_route=\/wp\/v2\/pages\/815"}],"wp:attachment":[{"href":"https:\/\/veda.polac.cz\/index.php?rest_route=%2Fwp%2Fv2%2Fmedia&parent=828"}],"curies":[{"name":"wp","href":"https:\/\/api.w.org\/{rel}","templated":true}]}}