{"id":826,"date":"2018-09-13T20:59:45","date_gmt":"2018-09-13T20:59:45","guid":{"rendered":"http:\/\/veda.polac.cz\/?page_id=826"},"modified":"2018-10-27T19:01:13","modified_gmt":"2018-10-27T19:01:13","slug":"5-2","status":"publish","type":"page","link":"https:\/\/veda.polac.cz\/?page_id=826","title":{"rendered":""},"content":{"rendered":"<p style=\"text-align: center;\">Resum\u00e9 \u010dl\u00e1nku<\/p>\n<p><strong>Z\u00e1konn\u00e1 \u00faprava a pr\u00e1vn\u00ed praxe pr\u00e1va shroma\u017e\u010fovac\u00edho v \u010desk\u00fdch podm\u00ednk\u00e1ch<br \/>\n<\/strong><i>JUDr. Ale\u0161 Zp\u011bv\u00e1k, \u00dast\u0159edn\u00ed vojensk\u00e1 nemocnice v Praze<\/p>\n<p><\/i>\u010cl\u00e1nek m\u00e1 za c\u00edl upozornit na n\u011bkter\u00e9 aspekty pr\u00e1vn\u00ed \u00fapravy pr\u00e1va shroma\u017e\u010fovac\u00edho. Z\u00e1kon \u010d. 84\/1990 Sb., o pr\u00e1vu shroma\u017e\u010fovac\u00edm je t\u0159eba vykl\u00e1dat v kontextu s \u010dl. 11 \u00damluvy o ochran\u011b lidsk\u00fdch pr\u00e1v a z\u00e1kladn\u00edch svobod s v\u011bdom\u00edm, \u017ee jak \u00fastavn\u00ed po\u0159\u00e1dek \u010cesk\u00e9 republiky, tak tato \u00damluva p\u0159ipou\u0161t\u011bj\u00ed i jejich omezen\u00ed. Uveden\u00edm n\u011bkter\u00fdch soudn\u00edch rozhodnut\u00ed jsou demonstrov\u00e1ny praktick\u00e9 probl\u00e9my, s nimi\u017e se m\u016f\u017ee spr\u00e1vn\u00ed i soudn\u00ed praxe potkat.<br \/>\n<strong>Kl\u00ed\u010dov\u00e1 slova:<\/strong>\u00a0Z\u00e1kon o pr\u00e1vu shroma\u017e\u010fovac\u00edm, pr\u00e1vn\u00ed \u0159\u00e1d, svolavatel shrom\u00e1\u017ed\u011bn\u00ed, Listina z\u00e1kladn\u00edch pr\u00e1v a svobod.<\/p>\n<p><a href=\"https:\/\/veda.polac.cz\/?page_id=815\">02\/2014<\/a><\/p>\n","protected":false},"excerpt":{"rendered":"<p>Resum\u00e9 \u010dl\u00e1nku Z\u00e1konn\u00e1 \u00faprava a pr\u00e1vn\u00ed praxe pr\u00e1va shroma\u017e\u010fovac\u00edho v \u010desk\u00fdch podm\u00ednk\u00e1ch JUDr. Ale\u0161 Zp\u011bv\u00e1k, \u00dast\u0159edn\u00ed vojensk\u00e1 nemocnice v Praze \u010cl\u00e1nek m\u00e1 za c\u00edl upozornit na n\u011bkter\u00e9 aspekty pr\u00e1vn\u00ed \u00fapravy pr\u00e1va shroma\u017e\u010fovac\u00edho. Z\u00e1kon \u010d. 84\/1990 Sb., o pr\u00e1vu shroma\u017e\u010fovac\u00edm je t\u0159eba vykl\u00e1dat v kontextu s \u010dl. 11 \u00damluvy o ochran\u011b lidsk\u00fdch pr\u00e1v a z\u00e1kladn\u00edch svobod [&hellip;]<\/p>\n","protected":false},"author":2,"featured_media":0,"parent":815,"menu_order":5,"comment_status":"closed","ping_status":"closed","template":"","meta":{"footnotes":""},"class_list":["post-826","page","type-page","status-publish","hentry"],"_links":{"self":[{"href":"https:\/\/veda.polac.cz\/index.php?rest_route=\/wp\/v2\/pages\/826","targetHints":{"allow":["GET"]}}],"collection":[{"href":"https:\/\/veda.polac.cz\/index.php?rest_route=\/wp\/v2\/pages"}],"about":[{"href":"https:\/\/veda.polac.cz\/index.php?rest_route=\/wp\/v2\/types\/page"}],"author":[{"embeddable":true,"href":"https:\/\/veda.polac.cz\/index.php?rest_route=\/wp\/v2\/users\/2"}],"replies":[{"embeddable":true,"href":"https:\/\/veda.polac.cz\/index.php?rest_route=%2Fwp%2Fv2%2Fcomments&post=826"}],"version-history":[{"count":2,"href":"https:\/\/veda.polac.cz\/index.php?rest_route=\/wp\/v2\/pages\/826\/revisions"}],"predecessor-version":[{"id":841,"href":"https:\/\/veda.polac.cz\/index.php?rest_route=\/wp\/v2\/pages\/826\/revisions\/841"}],"up":[{"embeddable":true,"href":"https:\/\/veda.polac.cz\/index.php?rest_route=\/wp\/v2\/pages\/815"}],"wp:attachment":[{"href":"https:\/\/veda.polac.cz\/index.php?rest_route=%2Fwp%2Fv2%2Fmedia&parent=826"}],"curies":[{"name":"wp","href":"https:\/\/api.w.org\/{rel}","templated":true}]}}