{"id":821,"date":"2018-09-13T20:57:41","date_gmt":"2018-09-13T20:57:41","guid":{"rendered":"http:\/\/veda.polac.cz\/?page_id=821"},"modified":"2018-10-27T19:01:13","modified_gmt":"2018-10-27T19:01:13","slug":"3-2","status":"publish","type":"page","link":"https:\/\/veda.polac.cz\/?page_id=821","title":{"rendered":""},"content":{"rendered":"<p style=\"text-align: center;\">Resum\u00e9 \u010dl\u00e1nku<\/p>\n<p><strong>Smart Administration &#8211; elektronick\u00e1 revoluce?<br \/>\n<\/strong><i>JUDr. Zden\u011bk Fiala, Ph.D., JUDr. Tereza Jon\u00e1kov\u00e1, Fakulta bezpe\u010dnostn\u00edho managementu PA \u010cR v Praze, Katedra ve\u0159ejn\u00e9 spr\u00e1vy<\/i><\/p>\n<p>V tomto p\u0159\u00edsp\u011bvku se auto\u0159i zam\u00fd\u0161l\u00ed nad v\u00fdvojem, p\u0159\u00ednosy a nedostatky implementace ICT do v\u00fdkonu ve\u0159ejn\u00e9 spr\u00e1vy s ohledem na moderniza\u010dn\u00ed hnut\u00ed &#8222;Smart Administration&#8220;.<br \/>\n<strong>Kl\u00ed\u010dov\u00e1 slova:<\/strong>\u00a0modernizace ve\u0159ejn\u00e9 spr\u00e1vy, elektronizace ve\u0159ejn\u00e9 spr\u00e1vy, smart administration, e-Government.<i><br \/>\n<\/i><\/p>\n<p><a href=\"https:\/\/veda.polac.cz\/?page_id=815\">02\/2014<\/a><\/p>\n","protected":false},"excerpt":{"rendered":"<p>Resum\u00e9 \u010dl\u00e1nku Smart Administration &#8211; elektronick\u00e1 revoluce? JUDr. Zden\u011bk Fiala, Ph.D., JUDr. Tereza Jon\u00e1kov\u00e1, Fakulta bezpe\u010dnostn\u00edho managementu PA \u010cR v Praze, Katedra ve\u0159ejn\u00e9 spr\u00e1vy V tomto p\u0159\u00edsp\u011bvku se auto\u0159i zam\u00fd\u0161l\u00ed nad v\u00fdvojem, p\u0159\u00ednosy a nedostatky implementace ICT do v\u00fdkonu ve\u0159ejn\u00e9 spr\u00e1vy s ohledem na moderniza\u010dn\u00ed hnut\u00ed &#8222;Smart Administration&#8220;. Kl\u00ed\u010dov\u00e1 slova:\u00a0modernizace ve\u0159ejn\u00e9 spr\u00e1vy, elektronizace ve\u0159ejn\u00e9 spr\u00e1vy, [&hellip;]<\/p>\n","protected":false},"author":2,"featured_media":0,"parent":815,"menu_order":3,"comment_status":"closed","ping_status":"closed","template":"","meta":{"footnotes":""},"class_list":["post-821","page","type-page","status-publish","hentry"],"_links":{"self":[{"href":"https:\/\/veda.polac.cz\/index.php?rest_route=\/wp\/v2\/pages\/821","targetHints":{"allow":["GET"]}}],"collection":[{"href":"https:\/\/veda.polac.cz\/index.php?rest_route=\/wp\/v2\/pages"}],"about":[{"href":"https:\/\/veda.polac.cz\/index.php?rest_route=\/wp\/v2\/types\/page"}],"author":[{"embeddable":true,"href":"https:\/\/veda.polac.cz\/index.php?rest_route=\/wp\/v2\/users\/2"}],"replies":[{"embeddable":true,"href":"https:\/\/veda.polac.cz\/index.php?rest_route=%2Fwp%2Fv2%2Fcomments&post=821"}],"version-history":[{"count":3,"href":"https:\/\/veda.polac.cz\/index.php?rest_route=\/wp\/v2\/pages\/821\/revisions"}],"predecessor-version":[{"id":839,"href":"https:\/\/veda.polac.cz\/index.php?rest_route=\/wp\/v2\/pages\/821\/revisions\/839"}],"up":[{"embeddable":true,"href":"https:\/\/veda.polac.cz\/index.php?rest_route=\/wp\/v2\/pages\/815"}],"wp:attachment":[{"href":"https:\/\/veda.polac.cz\/index.php?rest_route=%2Fwp%2Fv2%2Fmedia&parent=821"}],"curies":[{"name":"wp","href":"https:\/\/api.w.org\/{rel}","templated":true}]}}