{"id":819,"date":"2018-09-13T20:56:23","date_gmt":"2018-09-13T20:56:23","guid":{"rendered":"http:\/\/veda.polac.cz\/?page_id=819"},"modified":"2018-10-27T19:01:13","modified_gmt":"2018-10-27T19:01:13","slug":"2-2","status":"publish","type":"page","link":"https:\/\/veda.polac.cz\/?page_id=819","title":{"rendered":""},"content":{"rendered":"<p style=\"text-align: center;\">Resum\u00e9 \u010dl\u00e1nku<\/p>\n<p><strong>Nov\u00e9 mo\u017enosti ovliv\u0148ov\u00e1n\u00ed kriminality<br \/>\n<\/strong><i>doc. JUDr. Roman Svato\u0161, Ph.D., Vysok\u00e1 \u0161kola evropsk\u00fdch a region\u00e1ln\u00edch studi\u00ed o.p.s., \u010cesk\u00e9 Bud\u011bjovice, katedra pr\u00e1vn\u00edch obor\u016f a bezpe\u010dnostn\u00edch studi\u00ed<\/p>\n<p><\/i>Jedn\u00edm ze z\u00e1kladn\u00edch \u00fakol\u016f st\u00e1tu, ale i dal\u0161\u00edch subjekt\u016f, je ochrana ob\u010dan\u016f p\u0159ed kriminalitou. I p\u0159es zna\u010dn\u00e9 snahy zainteresovan\u00fdch subjekt\u016f se tento \u00fakol neda\u0159\u00ed uspokojiv\u011b plnit, o \u010dem\u017e sv\u011bd\u010d\u00ed vysok\u00e1 m\u00edra kriminality. Jednou z p\u0159\u00ed\u010din tohoto stavu jsou i nedostate\u010dn\u00e9 informace o kriminalit\u011b, tedy informace, kter\u00e9 jsou pot\u0159ebn\u00e9 k jej\u00ed anal\u00fdze, progn\u00f3ze a pota\u017emo k jej\u00edmu efektivn\u00edmu ovliv\u0148ov\u00e1n\u00ed. Za \u00fa\u010delem zefektivn\u011bn\u00ed boje s kriminalitou je nutn\u00e9 vyu\u017e\u00edvat nov\u00fdch technologick\u00fdch mo\u017enost\u00ed, jako jsou nap\u0159\u00edklad geografick\u00e9 informa\u010dn\u00ed syst\u00e9my, kter\u00e9 umo\u017en\u00ed takovou pr\u00e1ci s daty o kriminalit\u011b, je\u017e povedou k z\u00edsk\u00e1n\u00ed kvalitativn\u011b vy\u0161\u0161\u00edch informac\u00ed o n\u00ed, tedy k mo\u017enostem jej\u00edho \u00fa\u010dinn\u011bj\u0161\u00edho ovliv\u0148ov\u00e1n\u00ed.<br \/>\n<strong>Kl\u00ed\u010dov\u00e1 slova:<\/strong>\u00a0kriminalita, statistiky kriminality, progn\u00f3zov\u00e1n\u00ed kriminality, geografick\u00e9 informa\u010dn\u00ed syst\u00e9my, mapy kriminality.<\/p>\n<p><a href=\"https:\/\/veda.polac.cz\/?page_id=815\">02\/2014<\/a><\/p>\n","protected":false},"excerpt":{"rendered":"<p>Resum\u00e9 \u010dl\u00e1nku Nov\u00e9 mo\u017enosti ovliv\u0148ov\u00e1n\u00ed kriminality doc. JUDr. Roman Svato\u0161, Ph.D., Vysok\u00e1 \u0161kola evropsk\u00fdch a region\u00e1ln\u00edch studi\u00ed o.p.s., \u010cesk\u00e9 Bud\u011bjovice, katedra pr\u00e1vn\u00edch obor\u016f a bezpe\u010dnostn\u00edch studi\u00ed Jedn\u00edm ze z\u00e1kladn\u00edch \u00fakol\u016f st\u00e1tu, ale i dal\u0161\u00edch subjekt\u016f, je ochrana ob\u010dan\u016f p\u0159ed kriminalitou. I p\u0159es zna\u010dn\u00e9 snahy zainteresovan\u00fdch subjekt\u016f se tento \u00fakol neda\u0159\u00ed uspokojiv\u011b plnit, o \u010dem\u017e sv\u011bd\u010d\u00ed [&hellip;]<\/p>\n","protected":false},"author":2,"featured_media":0,"parent":815,"menu_order":2,"comment_status":"closed","ping_status":"closed","template":"","meta":{"footnotes":""},"class_list":["post-819","page","type-page","status-publish","hentry"],"_links":{"self":[{"href":"https:\/\/veda.polac.cz\/index.php?rest_route=\/wp\/v2\/pages\/819","targetHints":{"allow":["GET"]}}],"collection":[{"href":"https:\/\/veda.polac.cz\/index.php?rest_route=\/wp\/v2\/pages"}],"about":[{"href":"https:\/\/veda.polac.cz\/index.php?rest_route=\/wp\/v2\/types\/page"}],"author":[{"embeddable":true,"href":"https:\/\/veda.polac.cz\/index.php?rest_route=\/wp\/v2\/users\/2"}],"replies":[{"embeddable":true,"href":"https:\/\/veda.polac.cz\/index.php?rest_route=%2Fwp%2Fv2%2Fcomments&post=819"}],"version-history":[{"count":2,"href":"https:\/\/veda.polac.cz\/index.php?rest_route=\/wp\/v2\/pages\/819\/revisions"}],"predecessor-version":[{"id":847,"href":"https:\/\/veda.polac.cz\/index.php?rest_route=\/wp\/v2\/pages\/819\/revisions\/847"}],"up":[{"embeddable":true,"href":"https:\/\/veda.polac.cz\/index.php?rest_route=\/wp\/v2\/pages\/815"}],"wp:attachment":[{"href":"https:\/\/veda.polac.cz\/index.php?rest_route=%2Fwp%2Fv2%2Fmedia&parent=819"}],"curies":[{"name":"wp","href":"https:\/\/api.w.org\/{rel}","templated":true}]}}