{"id":815,"date":"2018-09-13T20:53:58","date_gmt":"2018-09-13T20:53:58","guid":{"rendered":"http:\/\/veda.polac.cz\/?page_id=815"},"modified":"2019-04-18T10:48:23","modified_gmt":"2019-04-18T10:48:23","slug":"02-2014","status":"publish","type":"page","link":"https:\/\/veda.polac.cz\/?page_id=815","title":{"rendered":"02\/2014"},"content":{"rendered":"<p><a href=\"https:\/\/veda.polac.cz\/?page_id=804\"><strong>P\u016fsoben\u00ed strategick\u00e9ho zam\u011b\u0159en\u00ed \u010desk\u00e9ho a sask\u00e9ho policejn\u00edho sboru na vz\u00e1jemnou spolupr\u00e1ci\u00a0<\/strong><\/a><br \/>\nJUDr. J\u00f6rg Petermann<\/p>\n<hr \/>\n<p><a href=\"https:\/\/veda.polac.cz\/?page_id=819\"><strong>Nov\u00e9 mo\u017enosti ovliv\u0148ov\u00e1n\u00ed kriminality\u00a0<\/strong><\/a><br \/>\ndoc. JUDr. Roman Svato\u0161, Ph.D.<\/p>\n<hr \/>\n<p><a href=\"https:\/\/veda.polac.cz\/?page_id=821\"><strong>Smart Aadministration &#8211; elektronick\u00e1 revoluce?\u00a0<\/strong><\/a><br \/>\nJUDr. Zden\u011bk Fiala, Ph.D., JUDr. Tereza Jon\u00e1kov\u00e1<\/p>\n<hr \/>\n<p><a href=\"https:\/\/veda.polac.cz\/?page_id=824\"><strong>Dilema jako eticko-filosofick\u00e9 a psychologick\u00e9 t\u00e9ma\u00a0<\/strong><\/a><br \/>\nPhDr. Petr Nesvadba, CSc.<\/p>\n<hr \/>\n<p><a href=\"https:\/\/veda.polac.cz\/?page_id=826\"><strong>Z\u00e1konn\u00e1 \u00faprava a pr\u00e1vn\u00ed praxe pr\u00e1va shroma\u017e\u010fovac\u00edho v \u010desk\u00fdch podm\u00ednk\u00e1ch\u00a0<\/strong><\/a><br \/>\nJUDr. Ale\u0161 Zp\u011bv\u00e1k<\/p>\n<hr \/>\n<p><a href=\"https:\/\/veda.polac.cz\/?page_id=828\"><strong>Manu\u00e1l postupu p\u0159i anal\u00fdze kriminality\u00a0<\/strong><\/a><br \/>\nMgr. Vladim\u00edr Oliberius<\/p>\n<hr \/>\n<p><a href=\"https:\/\/veda.polac.cz\/?page_id=830\"><strong>Aktu\u00e1ln\u00ed p\u0159\u00edstupy k \u0159e\u0161en\u00ed problematiky fotbalov\u00e9ho chulig\u00e1nstv\u00ed v \u010cR\u00a0<\/strong><\/a><br \/>\nkpt. JUDr. Petr Kou\u0159il<\/p>\n<hr \/>\n<p><a href=\"https:\/\/veda.polac.cz\/?page_id=832\"><strong>Demografie a bezpe\u010dnostn\u00ed sbory v\u010dera, dnes a z\u00edtra\u00a0<\/strong><\/a><br \/>\nMgr. Old\u0159ich Krul\u00edk, Ph.D.<\/p>\n<hr \/>\n<p><a href=\"https:\/\/veda.polac.cz\/?page_id=834\"><strong>D\u016fvody a dopady zru\u0161en\u00ed obecn\u00ed policie v n\u011bkter\u00fdch obc\u00edch v \u010cesk\u00e9 republice\u00a0<\/strong><\/a><br \/>\nBc. Ond\u0159ej Werich<\/p>\n<hr \/>\n<p><strong>Aktualita: Nov\u00e9 ministerstvo pro vnit\u0159n\u00ed bezpe\u010dnost na Islandu\u00a0<\/strong><br \/>\nMgr. Old\u0159ich Krul\u00edk, Ph.D.<\/p>\n<hr \/>\n<p><strong>Kurz pro vrcholov\u00fd policejn\u00ed management &#8211; Ka\u0161persk\u00e9 Hory &#8211; 6. &#8211; 9. 4. 2014\u00a0<\/strong><br \/>\nPhDr. Ing. Viktor \u010cerven\u00fd, Ph.D.<\/p>\n<hr \/>\n<p><a href=\"https:\/\/veda.polac.cz\/?page_id=235\">Zp\u011bt<\/a><\/p>\n","protected":false},"excerpt":{"rendered":"<p>P\u016fsoben\u00ed strategick\u00e9ho zam\u011b\u0159en\u00ed \u010desk\u00e9ho a sask\u00e9ho policejn\u00edho sboru na vz\u00e1jemnou spolupr\u00e1ci\u00a0 JUDr. J\u00f6rg Petermann Nov\u00e9 mo\u017enosti ovliv\u0148ov\u00e1n\u00ed kriminality\u00a0 doc. JUDr. Roman Svato\u0161, Ph.D. Smart Aadministration &#8211; elektronick\u00e1 revoluce?\u00a0 JUDr. Zden\u011bk Fiala, Ph.D., JUDr. Tereza Jon\u00e1kov\u00e1 Dilema jako eticko-filosofick\u00e9 a psychologick\u00e9 t\u00e9ma\u00a0 PhDr. Petr Nesvadba, CSc. Z\u00e1konn\u00e1 \u00faprava a pr\u00e1vn\u00ed praxe pr\u00e1va shroma\u017e\u010fovac\u00edho v \u010desk\u00fdch podm\u00ednk\u00e1ch\u00a0 [&hellip;]<\/p>\n","protected":false},"author":2,"featured_media":0,"parent":235,"menu_order":11,"comment_status":"closed","ping_status":"closed","template":"","meta":{"footnotes":""},"class_list":["post-815","page","type-page","status-publish","hentry"],"_links":{"self":[{"href":"https:\/\/veda.polac.cz\/index.php?rest_route=\/wp\/v2\/pages\/815","targetHints":{"allow":["GET"]}}],"collection":[{"href":"https:\/\/veda.polac.cz\/index.php?rest_route=\/wp\/v2\/pages"}],"about":[{"href":"https:\/\/veda.polac.cz\/index.php?rest_route=\/wp\/v2\/types\/page"}],"author":[{"embeddable":true,"href":"https:\/\/veda.polac.cz\/index.php?rest_route=\/wp\/v2\/users\/2"}],"replies":[{"embeddable":true,"href":"https:\/\/veda.polac.cz\/index.php?rest_route=%2Fwp%2Fv2%2Fcomments&post=815"}],"version-history":[{"count":3,"href":"https:\/\/veda.polac.cz\/index.php?rest_route=\/wp\/v2\/pages\/815\/revisions"}],"predecessor-version":[{"id":2637,"href":"https:\/\/veda.polac.cz\/index.php?rest_route=\/wp\/v2\/pages\/815\/revisions\/2637"}],"up":[{"embeddable":true,"href":"https:\/\/veda.polac.cz\/index.php?rest_route=\/wp\/v2\/pages\/235"}],"wp:attachment":[{"href":"https:\/\/veda.polac.cz\/index.php?rest_route=%2Fwp%2Fv2%2Fmedia&parent=815"}],"curies":[{"name":"wp","href":"https:\/\/api.w.org\/{rel}","templated":true}]}}