{"id":81,"date":"2018-08-28T02:41:20","date_gmt":"2018-08-28T02:41:20","guid":{"rendered":"http:\/\/veda.polac.cz\/?page_id=81"},"modified":"2020-02-04T14:26:04","modified_gmt":"2020-02-04T14:26:04","slug":"02-2018","status":"publish","type":"page","link":"https:\/\/veda.polac.cz\/?page_id=81","title":{"rendered":"02\/2018"},"content":{"rendered":"<p><a href=\"https:\/\/veda.polac.cz\/?page_id=128\"><strong>Identifikace a faktorov\u00e9 uspo\u0159\u00e1d\u00e1n\u00ed hrozeb pro kontinuitu \u010dinnost\u00ed organizac\u00ed ve\u0159ejn\u00e9 spr\u00e1vy v \u010cR<\/strong><\/a><br \/>\nIng. Ond\u0159ej Bos, Policejn\u00ed akademie \u010cesk\u00e9 republiky v Praze, Fakulta bezpe\u010dnostn\u00edho managementu, katedra krizov\u00e9ho \u0159\u00edzen\u00ed<br \/>\nDr. Zden\u011bk Kova\u0159\u00edk, CSc., Policejn\u00ed akademie \u010cesk\u00e9 republiky v Praze odd\u011blen\u00ed v\u011bdy a v\u00fdzkumu<\/p>\n<p><a href=\"https:\/\/veda.polac.cz\/wp-content\/uploads\/2018\/11\/0218Identifikace-a-faktorov\u00e9-uspo\u0159\u00e1d\u00e1n\u00ed-hrozeb-pro-kontinuitu-\u010dinnost\u00ed-organizac\u00ed-ve\u0159ejn\u00e9-spr\u00e1vy-v-\u010cR-1.pdf\" target=\"_blank\" rel=\"noopener noreferrer\">Pdf form\u00e1t<\/a><\/p>\n<hr>\n<p><a href=\"https:\/\/veda.polac.cz\/?page_id=135\"><strong>Trestanie pr\u00edslu\u0161n\u00edkov Policajn\u00e9ho zboru v kontexte z\u00e1sady ne bis in idem<\/strong><\/a><br \/>\nmjr. JUDr. Mgr. Janka Ha\u0161anov\u00e1, PhD., Akad\u00e9mia Policajn\u00e9ho zboru v Bratislave<br \/>\nkatedra spr\u00e1vneho pr\u00e1va<\/p>\n<p><a href=\"https:\/\/veda.polac.cz\/wp-content\/uploads\/2018\/11\/0218Trestanie-pr\u00edslu\u0161n\u00edkov-Policajn\u00e9ho-zboru-v-kontexte-z\u00e1sady-ne-bis-in-idem.pdf\" target=\"_blank\" rel=\"noopener noreferrer\">Pdf form\u00e1t<\/a><\/p>\n<hr>\n<p><a href=\"https:\/\/veda.polac.cz\/?page_id=137\"><strong>Role vize a jej\u00ed vliv na rozvoj leadershipu v rezortu Ministerstva obrany<\/strong><\/a><br \/>\npplk. Ing. Janka Kosecov\u00e1, Ph.D., Centrum bezpe\u010dnostn\u00edch vojenskostrategick\u00fdch studi\u00ed Univerzity obrany v Brn\u011b<br \/>\nplk. g\u0161t. Ing. Petr Cup\u00e1k, Vojensk\u00e1 kancel\u00e1\u0159 prezidenta republiky<\/p>\n<p><a href=\"https:\/\/veda.polac.cz\/wp-content\/uploads\/2018\/11\/0218Role-vize-a-jej\u00ed-vliv-na-rozvoj-leadershipu-v-rezortu-Ministerstva-obrany.pdf\" target=\"_blank\" rel=\"noopener noreferrer\">Pdf form\u00e1t<\/a><\/p>\n<hr>\n<p><a href=\"https:\/\/veda.polac.cz\/?page_id=139\"><strong>Transformace \u010deskoslovensk\u00fdch a \u010desk\u00fdch zpravodajsk\u00fdch slu\u017eeb<\/strong><\/a><br \/>\ndoc. JUDr. Ladislav Pokorn\u00fd, Ph.D., Policejn\u00ed akademie \u010cesk\u00e9 republiky v Praze, Fakulta bezpe\u010dnostn\u011b pr\u00e1vn\u00ed, katedra krimin\u00e1ln\u00ed policie<\/p>\n<p><a href=\"https:\/\/veda.polac.cz\/wp-content\/uploads\/2018\/11\/0218Transformace-\u010deskoslovensk\u00fdch-a-\u010desk\u00fdch-zpravodajsk\u00fdch-slu\u017eeb.pdf\" target=\"_blank\" rel=\"noopener noreferrer\">Pdf form\u00e1t<\/a><\/p>\n<hr>\n<p><a href=\"https:\/\/veda.polac.cz\/?page_id=141\"><strong>Nelet\u00e1ln\u00ed zbran\u011b a jejich vyu\u017e\u00edv\u00e1n\u00ed v arm\u00e1d\u011b \u010cesk\u00e9 republiky<\/strong><\/a><br \/>\nIng. Roman Kop\u0159iva, pplk. Ing. Janka Kosecov\u00e1, Ph.D.<br \/>\nCentrum bezpe\u010dnostn\u00edch a vojenskostrategick\u00fdch studi\u00ed Univerzity obrany v Brn\u011b<\/p>\n<p><a href=\"https:\/\/veda.polac.cz\/wp-content\/uploads\/2018\/11\/0218Nelet\u00e1ln\u00ed-zbran\u011b-a-jejich-vyu\u017e\u00edv\u00e1n\u00ed-v-arm\u00e1d\u011b-\u010cesk\u00e9-republiky.pdf\" target=\"_blank\" rel=\"noopener noreferrer\">Pdf form\u00e1t<\/a><\/p>\n<hr>\n<p><a href=\"https:\/\/veda.polac.cz\/?page_id=143\"><strong>Odvolac\u00ed \u0159\u00edzen\u00ed v re\u017eimu z\u00e1kona \u010d. 361\/2003 Sb.<\/strong><\/a><br \/>\nJUDr. PhDr. Zden\u011bk Fiala, Ph.D., Policejn\u00ed akademie \u010cesk\u00e9 republiky v Praze<br \/>\nFakulta bezpe\u010dnostn\u00edho managementu, katedra ve\u0159ejn\u00e9 spr\u00e1vy<\/p>\n<p><a href=\"https:\/\/veda.polac.cz\/wp-content\/uploads\/2018\/11\/0218Odvolac\u00ed-\u0159\u00edzen\u00ed-v-re\u017eimu-z\u00e1kona-\u010d.-3612003-Sb..pdf\" target=\"_blank\" rel=\"noopener noreferrer\">Pdf form\u00e1t<\/a><\/p>\n<hr>\n<p><a href=\"https:\/\/veda.polac.cz\/?page_id=145\" target=\"_blank\" rel=\"noopener noreferrer\"><strong>\u00daloha zdravotn\u00ed zp\u016fsobilosti v person\u00e1ln\u00ed stabilizaci bezpe\u010dnostn\u00edch sbor\u016f<\/strong><\/a><br \/>\nkpt. PhDr. Bc. Zbyn\u011bk Flekal, Policejn\u00ed akademie \u010cesk\u00e9 republiky v Praze<br \/>\nFakulta bezpe\u010dnostn\u00edho managementu PA \u010cR v Praze, katedra soukromopr\u00e1vn\u00edch discipl\u00edn<\/p>\n<p><a href=\"https:\/\/veda.polac.cz\/wp-content\/uploads\/2018\/11\/0218\u00daloha-zdravotn\u00ed-zp\u016fsobilosti-v-person\u00e1ln\u00ed-stabilizaci-bezpe\u010dnostn\u00edch-sbor\u016f.pdf\">Pdf form\u00e1t<\/a><\/p>\n<hr>\n<p><a href=\"https:\/\/veda.polac.cz\/?page_id=147\" target=\"_blank\" rel=\"noopener noreferrer\"><strong>Pr\u00e1vn\u00ed r\u00e1mec pou\u017e\u00edv\u00e1n\u00ed nesmrt\u00edc\u00edch technologi\u00ed vybran\u00fdmi bezpe\u010dnostn\u00edmi sbory v \u010cesk\u00e9 republice<\/strong><\/a><br \/>\nMgr. Marek Radosta, Policejn\u00ed akademie \u010cesk\u00e9 republiky v Praze<br \/>\nFakulta bezpe\u010dnostn\u011b pr\u00e1vn\u00ed, katedra krimin\u00e1ln\u00ed policie<\/p>\n<p><a href=\"https:\/\/veda.polac.cz\/wp-content\/uploads\/2018\/11\/0218Pr\u00e1vn\u00ed-r\u00e1mec-pou\u017e\u00edv\u00e1n\u00ed-nesmrt\u00edc\u00edch-technologi\u00ed-vybran\u00fdmi-bezpe\u010dnostn\u00edmi-sbory-v-\u010cesk\u00e9-republice.pdf\" target=\"_blank\" rel=\"noopener noreferrer\">Pdf form\u00e1t<\/a><\/p>\n<hr>\n<p><strong>Protikorup\u010dn\u00ed opat\u0159en\u00ed v Mold\u00e1vii<\/strong><br \/>\npplk. JUDr. Josef Hrudka, Ph.D., Fakulta bezpe\u010dnostn\u011b pr\u00e1vn\u00ed PA \u010cR v Praze<br \/>\nKatedra policejn\u00edch \u010dinnost\u00ed<\/p>\n<p><a href=\"https:\/\/veda.polac.cz\/wp-content\/uploads\/2018\/11\/0218Protikorup\u010dn\u00ed-opat\u0159en\u00ed-v-Mold\u00e1vii.pdf\" target=\"_blank\" rel=\"noopener noreferrer\">Pdf form\u00e1t<\/a><\/p>\n","protected":false},"excerpt":{"rendered":"<p>Identifikace a faktorov\u00e9 uspo\u0159\u00e1d\u00e1n\u00ed hrozeb pro kontinuitu \u010dinnost\u00ed organizac\u00ed ve\u0159ejn\u00e9 spr\u00e1vy v \u010cR Ing. Ond\u0159ej Bos, Policejn\u00ed akademie \u010cesk\u00e9 republiky v Praze, Fakulta bezpe\u010dnostn\u00edho managementu, katedra krizov\u00e9ho \u0159\u00edzen\u00ed Dr. Zden\u011bk Kova\u0159\u00edk, CSc., Policejn\u00ed akademie \u010cesk\u00e9 republiky v Praze odd\u011blen\u00ed v\u011bdy a v\u00fdzkumu Pdf form\u00e1t Trestanie pr\u00edslu\u0161n\u00edkov Policajn\u00e9ho zboru v kontexte z\u00e1sady ne bis in idem [&hellip;]<\/p>\n","protected":false},"author":6,"featured_media":0,"parent":231,"menu_order":1,"comment_status":"closed","ping_status":"closed","template":"","meta":{"footnotes":""},"class_list":["post-81","page","type-page","status-publish","hentry"],"_links":{"self":[{"href":"https:\/\/veda.polac.cz\/index.php?rest_route=\/wp\/v2\/pages\/81","targetHints":{"allow":["GET"]}}],"collection":[{"href":"https:\/\/veda.polac.cz\/index.php?rest_route=\/wp\/v2\/pages"}],"about":[{"href":"https:\/\/veda.polac.cz\/index.php?rest_route=\/wp\/v2\/types\/page"}],"author":[{"embeddable":true,"href":"https:\/\/veda.polac.cz\/index.php?rest_route=\/wp\/v2\/users\/6"}],"replies":[{"embeddable":true,"href":"https:\/\/veda.polac.cz\/index.php?rest_route=%2Fwp%2Fv2%2Fcomments&post=81"}],"version-history":[{"count":24,"href":"https:\/\/veda.polac.cz\/index.php?rest_route=\/wp\/v2\/pages\/81\/revisions"}],"predecessor-version":[{"id":5950,"href":"https:\/\/veda.polac.cz\/index.php?rest_route=\/wp\/v2\/pages\/81\/revisions\/5950"}],"up":[{"embeddable":true,"href":"https:\/\/veda.polac.cz\/index.php?rest_route=\/wp\/v2\/pages\/231"}],"wp:attachment":[{"href":"https:\/\/veda.polac.cz\/index.php?rest_route=%2Fwp%2Fv2%2Fmedia&parent=81"}],"curies":[{"name":"wp","href":"https:\/\/api.w.org\/{rel}","templated":true}]}}