{"id":802,"date":"2018-09-13T20:45:58","date_gmt":"2018-09-13T20:45:58","guid":{"rendered":"http:\/\/veda.polac.cz\/?page_id=802"},"modified":"2018-10-27T18:53:26","modified_gmt":"2018-10-27T18:53:26","slug":"8-2","status":"publish","type":"page","link":"https:\/\/veda.polac.cz\/?page_id=802","title":{"rendered":""},"content":{"rendered":"<p style=\"text-align: center;\">Resum\u00e9 \u010dl\u00e1nku<\/p>\n<p><strong>\u010c\u00ednsk\u00e1 lidov\u00e1 republika jako poskytovatel zahrani\u010dn\u00ed pomoci<br \/>\n<\/strong><i>Mgr. Michala Feistingerov\u00e1, absolventka PA \u010cR v Praze<\/p>\n<p><\/i>T\u00e9matem p\u0159\u00edsp\u011bvku je poskytov\u00e1n\u00ed zahrani\u010dn\u00ed pomoci s d\u016frazem na nov\u00e9 akt\u00e9ry v t\u00e9to oblasti. Text obsahuje vymezen\u00ed pojm\u016f humanit\u00e1rn\u00ed pomoc a rozvojov\u00e1 spolupr\u00e1ce a d\u00e1le se zab\u00fdv\u00e1 vybran\u00fdmi zem\u011bmi, kter\u00e9 v sou\u010dasn\u00e9 dob\u011b hraj\u00ed v t\u00e9to oblasti kl\u00ed\u010dovou roli. Autorka se sna\u017e\u00ed o ujasn\u011bn\u00ed problematiky a pouk\u00e1z\u00e1n\u00ed na poskytov\u00e1n\u00ed humanit\u00e1rn\u00ed pomoci a rozvojov\u00e9 spolupr\u00e1ce nejen z d\u016fvodu solidarity a lidskosti. Nelze toti\u017e vylou\u010dit projekty zalo\u017een\u00e9 na dal\u0161\u00edch, pov\u011bt\u0161inou skryt\u00fdch \u00famyslech, jako je nap\u0159\u00edklad snaha donorsk\u00fdch zem\u00ed z\u00edskat nadstandardn\u00ed pozice ohledn\u011b t\u011b\u017eby nerostn\u00fdch surovin nebo hled\u00e1n\u00ed nov\u00fdch odbyti\u0161\u0165.<br \/>\n<strong>Kl\u00ed\u010dov\u00e1 slova:<\/strong>\u00a0Humanit\u00e1rn\u00ed pomoc, rozvojov\u00e1 spolupr\u00e1ce, BRICS, \u010c\u00ednsk\u00e1 lidov\u00e1 republika.<i><br \/>\n<\/i><\/p>\n<p><a href=\"https:\/\/veda.polac.cz\/?page_id=785\">03\/2014<\/a><\/p>\n","protected":false},"excerpt":{"rendered":"<p>Resum\u00e9 \u010dl\u00e1nku \u010c\u00ednsk\u00e1 lidov\u00e1 republika jako poskytovatel zahrani\u010dn\u00ed pomoci Mgr. Michala Feistingerov\u00e1, absolventka PA \u010cR v Praze T\u00e9matem p\u0159\u00edsp\u011bvku je poskytov\u00e1n\u00ed zahrani\u010dn\u00ed pomoci s d\u016frazem na nov\u00e9 akt\u00e9ry v t\u00e9to oblasti. Text obsahuje vymezen\u00ed pojm\u016f humanit\u00e1rn\u00ed pomoc a rozvojov\u00e1 spolupr\u00e1ce a d\u00e1le se zab\u00fdv\u00e1 vybran\u00fdmi zem\u011bmi, kter\u00e9 v sou\u010dasn\u00e9 dob\u011b hraj\u00ed v t\u00e9to oblasti kl\u00ed\u010dovou [&hellip;]<\/p>\n","protected":false},"author":2,"featured_media":0,"parent":785,"menu_order":8,"comment_status":"closed","ping_status":"closed","template":"","meta":{"footnotes":""},"class_list":["post-802","page","type-page","status-publish","hentry"],"_links":{"self":[{"href":"https:\/\/veda.polac.cz\/index.php?rest_route=\/wp\/v2\/pages\/802","targetHints":{"allow":["GET"]}}],"collection":[{"href":"https:\/\/veda.polac.cz\/index.php?rest_route=\/wp\/v2\/pages"}],"about":[{"href":"https:\/\/veda.polac.cz\/index.php?rest_route=\/wp\/v2\/types\/page"}],"author":[{"embeddable":true,"href":"https:\/\/veda.polac.cz\/index.php?rest_route=\/wp\/v2\/users\/2"}],"replies":[{"embeddable":true,"href":"https:\/\/veda.polac.cz\/index.php?rest_route=%2Fwp%2Fv2%2Fcomments&post=802"}],"version-history":[{"count":2,"href":"https:\/\/veda.polac.cz\/index.php?rest_route=\/wp\/v2\/pages\/802\/revisions"}],"predecessor-version":[{"id":814,"href":"https:\/\/veda.polac.cz\/index.php?rest_route=\/wp\/v2\/pages\/802\/revisions\/814"}],"up":[{"embeddable":true,"href":"https:\/\/veda.polac.cz\/index.php?rest_route=\/wp\/v2\/pages\/785"}],"wp:attachment":[{"href":"https:\/\/veda.polac.cz\/index.php?rest_route=%2Fwp%2Fv2%2Fmedia&parent=802"}],"curies":[{"name":"wp","href":"https:\/\/api.w.org\/{rel}","templated":true}]}}